{"id":2153,"date":"2021-04-15T17:09:31","date_gmt":"2021-04-15T15:09:31","guid":{"rendered":"https:\/\/dominik-s.de\/hofbeauty\/?page_id=2153"},"modified":"2024-11-18T10:28:21","modified_gmt":"2024-11-18T09:28:21","slug":"behandlungspreise-henna-brow","status":"publish","type":"page","link":"https:\/\/dominik-s.de\/hofbeauty\/behandlungspreise-henna-brow\/","title":{"rendered":"Behandlungspreise Henna Brow"},"content":{"rendered":"<p>[vc_row][vc_column][vc_empty_space][vc_column_text css=&#8220;.vc_custom_1731921822685{margin-bottom: 23px !important;}&#8220;]<\/p>\n<div class=\"sc85_heading wpb_content_element inverted center\">\n<div class=\"subtitle\" style=\"text-align: center; font-size: 12pt;\">Henna Brow<\/div>\n<h1 class=\"title\" style=\"text-align: center; font-size: 26pt;\">Behandlungspreise<\/h1>\n<\/div>\n<p>[\/vc_column_text][vc_column_text]<\/p>\n<div class=\"sc85_heading wpb_content_element impact center\">\n<div class=\"subtitle\">\n<p style=\"text-align: center; font-size: 12pt;\"><strong>Hier findet ihr den Behandlungspreis f\u00fcr unsere Henna Brow Behandlung.<\/strong><br \/>\nSch\u00f6ne, dichte und nat\u00fcrliche Augenbrauen mit Henna Brow!<\/p>\n<\/div>\n<\/div>\n<p>[\/vc_column_text][vc_row_inner][vc_column_inner width=&#8220;1\/3&#8243;][\/vc_column_inner][vc_column_inner width=&#8220;1\/3&#8243;][info_banner_vc box_shadow=&#8220;shadow&#8220; gradient_bg=&#8220;show&#8220; gr_primclr=&#8220;#000000&#8243; gr_secndclr=&#8220;#231623&#8243; gr_angle=&#8220;30&#8243; img_padding=&#8220;16px 16px 6px 16px&#8220; text_padding=&#8220;9px 9px 23px 9px&#8220; use_theme_fonts=&#8220;yes&#8220; btn_ptop=&#8220;11&#8243; btn_pleft=&#8220;23&#8243; btn_size=&#8220;14&#8243; border_style=&#8220;solid&#8220; btn_radius=&#8220;&#8220; ribbon_text=&#8220;EINZELN&#8220; ribbon_clr=&#8220;#ffffff&#8220; ribbon_bg=&#8220;#b42884&#8243; btn_clr=&#8220;#ffffff&#8220; btn_hvrclr=&#8220;#e8e8e8&#8243; url=&#8220;url:https%3A%2F%2Fdominik-s.de%2Fhofbeauty%2Fbehandlungspreise-henna-brow%2F%23kontakt|title:BUCHEN||&#8220; btn_text=&#8220;Buchen&#8220; caption_urls=&#8220;&#8220; caption_url=&#8220;&#8220; caption_urlss=&#8220;&#8220;]<span style=\"font-size: 16pt; line-height: 1.4;\"><strong>Henna Brow<\/strong><\/span><br \/>\n<span style=\"font-size: 14pt;\">Behandlung<\/span><\/p>\n<p>&nbsp;<\/p>\n<p><span style=\"font-size: 36pt; line-height: 1.0;\">79 \u20ac<\/span><br \/>\n<span style=\"font-size: 9pt;\">Einzelpreis pro Behandlung<\/span>[\/info_banner_vc][\/vc_column_inner][vc_column_inner width=&#8220;1\/3&#8243;][\/vc_column_inner][\/vc_row_inner][vc_empty_space][\/vc_column][\/vc_row][vc_row full_width=&#8220;stretch_row_content&#8220; parallax=&#8220;content-moving&#8220; css=&#8220;.vc_custom_1708698502818{background-color: #111111 !important;}&#8220;][vc_column][vc_column_text css=&#8220;.vc_custom_1731921913953{margin-bottom: 23px !important;}&#8220;]<\/p>\n<div class=\"sc85_heading wpb_content_element inverted center\">\n<div class=\"subtitle\" style=\"color: #b42884; text-align: center;\"><span style=\"font-size: 12pt;\">Henna Brow<\/span><\/div>\n<h2 class=\"title\" style=\"text-align: center;\"><span style=\"font-size: 30pt;\">mehr Informationen<\/span><\/h2>\n<\/div>\n<p>[\/vc_column_text][mvc_advanced_button align=&#8220;center&#8220; btn_animation=&#8220;button&#8211;sacnite&#8220; btn_text=&#8220;mehr zu Henna Brow&#8220; padding_top=&#8220;11&#8243; padding_left=&#8220;23&#8243; border_style=&#8220;solid&#8220; btn_size=&#8220;16&#8243; icon_size=&#8220;16&#8243; btn_shadow=&#8220;shadow&#8220; use_theme_fonts=&#8220;yes&#8220; btn_url=&#8220;url:https%3A%2F%2Fdominik-s.de%2Fhofbeauty%2Fhenna-brow%2F|title:mehr%20Infos||&#8220; btn_clr=&#8220;#000000&#8243; btn_bg=&#8220;#b42884&#8243; btn_hvrclr=&#8220;#ffffff&#8220; btn_hvrbg=&#8220;#b42884&#8243; btn_border=&#8220;#e8e8e8&#8243;][vc_empty_space height=&#8220;46px&#8220;][\/vc_column][\/vc_row][vc_row el_id=&#8220;kontakt&#8220;][vc_column][vc_empty_space][vc_column_text css=&#8220;.vc_custom_1708695773045{margin-bottom: 23px !important;}&#8220;]<\/p>\n<div class=\"sc85_heading wpb_content_element inverted center\">\n<div class=\"subtitle\" style=\"text-align: center; font-size: 12pt;\">wir sind f\u00fcr dich da<\/div>\n<h1 class=\"title\" style=\"text-align: center; font-size: 26pt;\">kostenlose Beratung<\/h1>\n<\/div>\n<p>[\/vc_column_text][vc_column_text]<\/p>\n<div class=\"sc85_heading wpb_content_element impact center\">\n<div class=\"subtitle\">\n<p style=\"text-align: center; font-size: 12pt;\">Gerne vereinbaren wir mit dir ein kostenloses und unverbindliches Beratungsgespr\u00e4ch mit unserer Kosmetikerin im Kosmetikstudio HofBeauty in Hof. Schreib uns eine Nachricht \u00fcber das Kontaktformular oder WhatsApp. Du kannst uns aber auch gerne direkt anrufen.<\/p>\n<p style=\"text-align: center;\"><a style=\"color: #ffffff;\" href=\"tel:092818401687\"><button style=\"font-size: 11pt; background-color: #ffffff; border: none; color: black;\">09281 8401687<\/button><\/a><\/p>\n<p style=\"text-align: center;\"><a style=\"color: #ffffff;\" href=\"https:\/\/wa.me\/491774139782?text=%20Hallo,%20ich%20m%C3%B6chte%20gerne%20einen%20Termin%20vereinbaren.%20Mein%20Wunschtermin%20w\u00e4re:\" target=\"_blank\" rel=\"noopener noreferrer\"><button style=\"font-size: 11pt; background-color: #ffffff; border: none; color: black;\">WhatsApp Nachricht<\/button><\/a><\/p>\n<\/div>\n<\/div>\n<p>[\/vc_column_text][vc_row_inner][vc_column_inner width=&#8220;1\/6&#8243;][\/vc_column_inner][vc_column_inner width=&#8220;2\/3&#8243;]\n<div class=\"wpcf7 no-js\" id=\"wpcf7-f79-o1\" lang=\"de-DE\" dir=\"ltr\" data-wpcf7-id=\"79\">\n<div class=\"screen-reader-response\"><p role=\"status\" aria-live=\"polite\" aria-atomic=\"true\"><\/p> <ul><\/ul><\/div>\n<form action=\"\/hofbeauty\/wp-json\/wp\/v2\/pages\/2153#wpcf7-f79-o1\" method=\"post\" class=\"wpcf7-form init wpcf7-acceptance-as-validation\" aria-label=\"Kontaktformular\" novalidate=\"novalidate\" data-status=\"init\">\n<fieldset class=\"hidden-fields-container\"><input type=\"hidden\" name=\"_wpcf7\" value=\"79\" \/><input type=\"hidden\" name=\"_wpcf7_version\" value=\"6.1.4\" \/><input type=\"hidden\" name=\"_wpcf7_locale\" value=\"de_DE\" \/><input type=\"hidden\" name=\"_wpcf7_unit_tag\" value=\"wpcf7-f79-o1\" \/><input type=\"hidden\" name=\"_wpcf7_container_post\" value=\"0\" \/><input type=\"hidden\" name=\"_wpcf7_posted_data_hash\" value=\"\" \/><input type=\"hidden\" name=\"_wpcf7_recaptcha_response\" value=\"\" \/>\n<\/fieldset>\n<p><strong>Bitte Kontaktdaten eintragen:<\/strong>\n<\/p>\n<p class=\"field name\"><span class=\"wpcf7-form-control-wrap\" data-name=\"name1\"><input size=\"40\" maxlength=\"400\" class=\"wpcf7-form-control wpcf7-text wpcf7-validates-as-required\" aria-required=\"true\" aria-invalid=\"false\" placeholder=\"Dein Name...\" value=\"\" type=\"text\" name=\"name1\" \/><\/span>\n<\/p>\n<p class=\"field email\"><span class=\"wpcf7-form-control-wrap\" data-name=\"email\"><input size=\"40\" maxlength=\"400\" class=\"wpcf7-form-control wpcf7-email wpcf7-validates-as-required wpcf7-text wpcf7-validates-as-email\" aria-required=\"true\" aria-invalid=\"false\" placeholder=\"Deine E-Mail...\" value=\"\" type=\"email\" name=\"email\" \/><\/span>\n<\/p>\n<p class=\"field phone\"><span class=\"wpcf7-form-control-wrap\" data-name=\"telefon\"><input size=\"40\" maxlength=\"400\" class=\"wpcf7-form-control wpcf7-tel wpcf7-validates-as-required wpcf7-text wpcf7-validates-as-tel\" aria-required=\"true\" aria-invalid=\"false\" placeholder=\"Deine Telefonnummer...\" value=\"\" type=\"tel\" name=\"telefon\" \/><\/span>\n<\/p>\n<p><strong>Bitte Wunschtermin hier eintragen<\/strong> (optional):\n<\/p>\n<p class=\"field date\"><span class=\"wpcf7-form-control-wrap\" data-name=\"beginn\"><input class=\"wpcf7-form-control wpcf7-date wpcf7-validates-as-date\" aria-invalid=\"false\" placeholder=\"Dein Wunschtermin...\" value=\"\" type=\"date\" name=\"beginn\" \/><\/span>\n<\/p>\n<p><strong>Gew\u00fcnschte Behandlung\/en ausw\u00e4hlen<\/strong> (optional):\n<\/p>\n<p class=\"field\"><span class=\"wpcf7-form-control-wrap\" data-name=\"behandlung\"><span class=\"wpcf7-form-control wpcf7-checkbox\"><span class=\"wpcf7-list-item first\"><input type=\"checkbox\" name=\"behandlung[]\" value=\"Microneedling\" \/><span class=\"wpcf7-list-item-label\">Microneedling<\/span><\/span><span class=\"wpcf7-list-item\"><input type=\"checkbox\" name=\"behandlung[]\" value=\"LED Lichttherapie\" \/><span class=\"wpcf7-list-item-label\">LED Lichttherapie<\/span><\/span><span class=\"wpcf7-list-item\"><input type=\"checkbox\" name=\"behandlung[]\" value=\"Permanent Make-Up\" \/><span class=\"wpcf7-list-item-label\">Permanent Make-Up<\/span><\/span><span class=\"wpcf7-list-item\"><input type=\"checkbox\" name=\"behandlung[]\" value=\"Kosmetische Zahnreinigung\" \/><span class=\"wpcf7-list-item-label\">Kosmetische Zahnreinigung<\/span><\/span><span class=\"wpcf7-list-item\"><input type=\"checkbox\" name=\"behandlung[]\" value=\"Dauerhafte Haarentfernung\" \/><span class=\"wpcf7-list-item-label\">Dauerhafte Haarentfernung<\/span><\/span><span class=\"wpcf7-list-item\"><input type=\"checkbox\" name=\"behandlung[]\" value=\"Hifu Lifting\" \/><span class=\"wpcf7-list-item-label\">Hifu Lifting<\/span><\/span><span class=\"wpcf7-list-item\"><input type=\"checkbox\" name=\"behandlung[]\" value=\"Aqua Facial\" \/><span class=\"wpcf7-list-item-label\">Aqua Facial<\/span><\/span><span class=\"wpcf7-list-item\"><input type=\"checkbox\" name=\"behandlung[]\" value=\"Hautverj\u00fcngung\" \/><span class=\"wpcf7-list-item-label\">Hautverj\u00fcngung<\/span><\/span><span class=\"wpcf7-list-item\"><input type=\"checkbox\" name=\"behandlung[]\" value=\"Hyaluron Behandlung\" \/><span class=\"wpcf7-list-item-label\">Hyaluron Behandlung<\/span><\/span><span class=\"wpcf7-list-item\"><input type=\"checkbox\" name=\"behandlung[]\" value=\"Ultraschall-Hautreinigung\" \/><span class=\"wpcf7-list-item-label\">Ultraschall-Hautreinigung<\/span><\/span><span class=\"wpcf7-list-item\"><input type=\"checkbox\" name=\"behandlung[]\" value=\"Cellulite Behandlung\" \/><span class=\"wpcf7-list-item-label\">Cellulite Behandlung<\/span><\/span><span class=\"wpcf7-list-item\"><input type=\"checkbox\" name=\"behandlung[]\" value=\"Wimpernverl\u00e4ngerung\" \/><span class=\"wpcf7-list-item-label\">Wimpernverl\u00e4ngerung<\/span><\/span><span class=\"wpcf7-list-item\"><input type=\"checkbox\" name=\"behandlung[]\" value=\"Wimpern Booster: Lash filler\" \/><span class=\"wpcf7-list-item-label\">Wimpern Booster: Lash filler<\/span><\/span><span class=\"wpcf7-list-item\"><input type=\"checkbox\" name=\"behandlung[]\" value=\"Henna-Brow\" \/><span class=\"wpcf7-list-item-label\">Henna-Brow<\/span><\/span><span class=\"wpcf7-list-item\"><input type=\"checkbox\" name=\"behandlung[]\" value=\"Kryolipolyse Fettabbau\" \/><span class=\"wpcf7-list-item-label\">Kryolipolyse Fettabbau<\/span><\/span><span class=\"wpcf7-list-item last\"><input type=\"checkbox\" name=\"behandlung[]\" value=\"Sonstiges\" \/><span class=\"wpcf7-list-item-label\">Sonstiges<\/span><\/span><\/span><\/span>\n<\/p>\n<p class=\"field message\"><span class=\"wpcf7-form-control-wrap\" data-name=\"nachricht\"><textarea cols=\"40\" rows=\"10\" maxlength=\"2000\" class=\"wpcf7-form-control wpcf7-textarea wpcf7-validates-as-required\" aria-required=\"true\" aria-invalid=\"false\" placeholder=\"Deine Nachricht...\" name=\"nachricht\"><\/textarea><\/span>\n<\/p>\n<p class=\"field submit full\"><input class=\"wpcf7-form-control wpcf7-submit has-spinner\" type=\"submit\" value=\"Anfrage absenden\" \/>\n<\/p>\n<p class=\"field submit full\"><span class=\"wpcf7-form-control-wrap\" data-name=\"datenschutz\"><span class=\"wpcf7-form-control wpcf7-acceptance\"><span class=\"wpcf7-list-item\"><label><input type=\"checkbox\" name=\"datenschutz\" value=\"1\" aria-invalid=\"false\" \/><span class=\"wpcf7-list-item-label\">Hiermit willige ich ein, dass meine eingegebenen pers\u00f6nlichen Daten, nur zur Bearbeitung der Anfrage elektronisch gespeichert werden d\u00fcrfen. Ich habe die <a href=\"https:\/\/dominik-s.de\/datenschutz\/\" target=\"_blank\">Datenschutzerkl\u00e4rung<\/a> gelesen und stimme dieser zu.<\/span><\/label><\/span><\/span><\/span>\n<\/p><div class=\"wpcf7-response-output\" aria-hidden=\"true\"><\/div>\n<\/form>\n<\/div>\n[vc_empty_space][\/vc_column_inner][vc_column_inner width=&#8220;1\/6&#8243;][\/vc_column_inner][\/vc_row_inner][\/vc_column][\/vc_row][vc_row disable_element=&#8220;yes&#8220;][vc_column width=&#8220;1\/6&#8243;][\/vc_column][vc_column width=&#8220;2\/3&#8243;] <div class=\"sc85_heading wpb_content_element impact center\"> <h2 class=\"title\">Rabatt Gutschein Henna Brow<cite class=\"separator\"><\/cite><\/h2> <div class=\"subtitle\"><strong>Gleich den Henna Brow Rabatt Gutschein sichern<\/strong><br \/> G\u00fcltig f\u00fcr die ersten 50 Neukunden!<\/div> <\/div> [vc_single_image image=&#8220;2025&#8243; img_size=&#8220;full&#8220; alignment=&#8220;center&#8220; css=&#8220;.vc_custom_1685610068201{margin-top: 16px !important;margin-bottom: 16px !important;}&#8220;]<div class=\"sc85_button large center\"><a href=\"https:\/\/dominik-s.de\/hofbeauty\/gutschein-henna-brow\/\" title=\"Rabatt Gutschein Henna Brow\" class=\"button\">Rabatt Gutschein sichern<\/a><\/div>[vc_empty_space height=&#8220;50px&#8220;][\/vc_column][vc_column width=&#8220;1\/6&#8243;][\/vc_column][\/vc_row]<\/p>\n","protected":false},"excerpt":{"rendered":"<p>[vc_row][vc_column][vc_empty_space][vc_column_text css=&#8220;.vc_custom_1731921822685{margin-bottom: 23px !important;}&#8220;] Henna Brow Behandlungspreise [\/vc_column_text][vc_column_text] Hier findet ihr den Behandlungspreis f\u00fcr unsere Henna Brow Behandlung. Sch\u00f6ne, dichte und nat\u00fcrliche Augenbrauen mit Henna Brow! [\/vc_column_text][vc_row_inner][vc_column_inner width=&#8220;1\/3&#8243;][\/vc_column_inner][vc_column_inner width=&#8220;1\/3&#8243;][info_banner_vc box_shadow=&#8220;shadow&#8220; gradient_bg=&#8220;show&#8220; gr_primclr=&#8220;#000000&#8243; gr_secndclr=&#8220;#231623&#8243; gr_angle=&#8220;30&#8243; img_padding=&#8220;16px 16px 6px 16px&#8220; text_padding=&#8220;9px 9px 23px 9px&#8220; use_theme_fonts=&#8220;yes&#8220; btn_ptop=&#8220;11&#8243; btn_pleft=&#8220;23&#8243; btn_size=&#8220;14&#8243; border_style=&#8220;solid&#8220; btn_radius=&#8220;&#8220; ribbon_text=&#8220;EINZELN&#8220; ribbon_clr=&#8220;#ffffff&#8220; ribbon_bg=&#8220;#b42884&#8243; btn_clr=&#8220;#ffffff&#8220; btn_hvrclr=&#8220;#e8e8e8&#8243; url=&#8220;url:https%3A%2F%2Fdominik-s.de%2Fhofbeauty%2Fbehandlungspreise-henna-brow%2F%23kontakt|title:BUCHEN||&#8220; btn_text=&#8220;Buchen&#8220; [&hellip;]<\/p>\n","protected":false},"author":1,"featured_media":0,"parent":0,"menu_order":8,"comment_status":"closed","ping_status":"closed","template":"","meta":{"footnotes":""},"class_list":["post-2153","page","type-page","status-publish","hentry"],"yoast_head":"<!-- This site is optimized with the Yoast SEO Premium plugin v26.5 (Yoast SEO v26.6) - https:\/\/yoast.com\/wordpress\/plugins\/seo\/ -->\n<title>Behandlungspreise Henna Brow | im Kosmetikstudio HofBeauty in Hof<\/title>\n<meta name=\"description\" content=\"Unsere Behandlungspreise f\u00fcr die Henna Brow Behandlung im HofBeauty in Hof. Sch\u00f6ne, dichte und nat\u00fcrliche Augenbrauen.\" \/>\n<meta name=\"robots\" content=\"index, follow, max-snippet:-1, max-image-preview:large, max-video-preview:-1\" \/>\n<link rel=\"canonical\" href=\"https:\/\/dominik-s.de\/hofbeauty\/behandlungspreise-henna-brow\/\" \/>\n<meta property=\"og:locale\" content=\"de_DE\" \/>\n<meta property=\"og:type\" content=\"article\" \/>\n<meta property=\"og:title\" content=\"Behandlungspreise Henna Brow\" \/>\n<meta property=\"og:description\" content=\"Unsere Behandlungspreise f\u00fcr die Henna Brow Behandlung im HofBeauty in Hof. Sch\u00f6ne, dichte und nat\u00fcrliche Augenbrauen.\" \/>\n<meta property=\"og:url\" content=\"https:\/\/dominik-s.de\/hofbeauty\/behandlungspreise-henna-brow\/\" \/>\n<meta property=\"og:site_name\" content=\"HofBeauty\" \/>\n<meta property=\"article:modified_time\" content=\"2024-11-18T09:28:21+00:00\" \/>\n<meta name=\"twitter:card\" content=\"summary_large_image\" \/>\n<meta name=\"twitter:label1\" content=\"Gesch\u00e4tzte Lesezeit\" \/>\n\t<meta name=\"twitter:data1\" content=\"2\u00a0Minuten\" \/>\n<script type=\"application\/ld+json\" class=\"yoast-schema-graph\">{\"@context\":\"https:\/\/schema.org\",\"@graph\":[{\"@type\":\"WebPage\",\"@id\":\"https:\/\/dominik-s.de\/hofbeauty\/behandlungspreise-henna-brow\/\",\"url\":\"https:\/\/dominik-s.de\/hofbeauty\/behandlungspreise-henna-brow\/\",\"name\":\"Behandlungspreise Henna Brow | im Kosmetikstudio HofBeauty in Hof\",\"isPartOf\":{\"@id\":\"https:\/\/dominik-s.de\/hofbeauty\/#website\"},\"datePublished\":\"2021-04-15T15:09:31+00:00\",\"dateModified\":\"2024-11-18T09:28:21+00:00\",\"description\":\"Unsere Behandlungspreise f\u00fcr die Henna Brow Behandlung im HofBeauty in Hof. Sch\u00f6ne, dichte und nat\u00fcrliche Augenbrauen.\",\"breadcrumb\":{\"@id\":\"https:\/\/dominik-s.de\/hofbeauty\/behandlungspreise-henna-brow\/#breadcrumb\"},\"inLanguage\":\"de\",\"potentialAction\":[{\"@type\":\"ReadAction\",\"target\":[\"https:\/\/dominik-s.de\/hofbeauty\/behandlungspreise-henna-brow\/\"]}]},{\"@type\":\"BreadcrumbList\",\"@id\":\"https:\/\/dominik-s.de\/hofbeauty\/behandlungspreise-henna-brow\/#breadcrumb\",\"itemListElement\":[{\"@type\":\"ListItem\",\"position\":1,\"name\":\"Startseite\",\"item\":\"https:\/\/dominik-s.de\/hofbeauty\/\"},{\"@type\":\"ListItem\",\"position\":2,\"name\":\"Behandlungspreise Henna Brow\"}]},{\"@type\":\"WebSite\",\"@id\":\"https:\/\/dominik-s.de\/hofbeauty\/#website\",\"url\":\"https:\/\/dominik-s.de\/hofbeauty\/\",\"name\":\"HofBeauty\",\"description\":\"DOMINIKS Kosmetikstudio in Hof\",\"publisher\":{\"@id\":\"https:\/\/dominik-s.de\/hofbeauty\/#organization\"},\"potentialAction\":[{\"@type\":\"SearchAction\",\"target\":{\"@type\":\"EntryPoint\",\"urlTemplate\":\"https:\/\/dominik-s.de\/hofbeauty\/?s={search_term_string}\"},\"query-input\":{\"@type\":\"PropertyValueSpecification\",\"valueRequired\":true,\"valueName\":\"search_term_string\"}}],\"inLanguage\":\"de\"},{\"@type\":\"Organization\",\"@id\":\"https:\/\/dominik-s.de\/hofbeauty\/#organization\",\"name\":\"Dominik-s - Fitness, Beauty, Gesundheit in Hof\",\"url\":\"https:\/\/dominik-s.de\/hofbeauty\/\",\"logo\":{\"@type\":\"ImageObject\",\"inLanguage\":\"de\",\"@id\":\"https:\/\/dominik-s.de\/hofbeauty\/#\/schema\/logo\/image\/\",\"url\":\"https:\/\/dominik-s.de\/hofbeauty\/wp-content\/uploads\/sites\/4\/2021\/12\/dominiks_HOFBEAUTY_Logo-web.png\",\"contentUrl\":\"https:\/\/dominik-s.de\/hofbeauty\/wp-content\/uploads\/sites\/4\/2021\/12\/dominiks_HOFBEAUTY_Logo-web.png\",\"width\":230,\"height\":100,\"caption\":\"Dominik-s - Fitness, Beauty, Gesundheit in Hof\"},\"image\":{\"@id\":\"https:\/\/dominik-s.de\/hofbeauty\/#\/schema\/logo\/image\/\"}}]}<\/script>\n<!-- \/ Yoast SEO Premium plugin. -->","yoast_head_json":{"title":"Behandlungspreise Henna Brow | im Kosmetikstudio HofBeauty in Hof","description":"Unsere Behandlungspreise f\u00fcr die Henna Brow Behandlung im HofBeauty in Hof. Sch\u00f6ne, dichte und nat\u00fcrliche Augenbrauen.","robots":{"index":"index","follow":"follow","max-snippet":"max-snippet:-1","max-image-preview":"max-image-preview:large","max-video-preview":"max-video-preview:-1"},"canonical":"https:\/\/dominik-s.de\/hofbeauty\/behandlungspreise-henna-brow\/","og_locale":"de_DE","og_type":"article","og_title":"Behandlungspreise Henna Brow","og_description":"Unsere Behandlungspreise f\u00fcr die Henna Brow Behandlung im HofBeauty in Hof. Sch\u00f6ne, dichte und nat\u00fcrliche Augenbrauen.","og_url":"https:\/\/dominik-s.de\/hofbeauty\/behandlungspreise-henna-brow\/","og_site_name":"HofBeauty","article_modified_time":"2024-11-18T09:28:21+00:00","twitter_card":"summary_large_image","twitter_misc":{"Gesch\u00e4tzte Lesezeit":"2\u00a0Minuten"},"schema":{"@context":"https:\/\/schema.org","@graph":[{"@type":"WebPage","@id":"https:\/\/dominik-s.de\/hofbeauty\/behandlungspreise-henna-brow\/","url":"https:\/\/dominik-s.de\/hofbeauty\/behandlungspreise-henna-brow\/","name":"Behandlungspreise Henna Brow | im Kosmetikstudio HofBeauty in Hof","isPartOf":{"@id":"https:\/\/dominik-s.de\/hofbeauty\/#website"},"datePublished":"2021-04-15T15:09:31+00:00","dateModified":"2024-11-18T09:28:21+00:00","description":"Unsere Behandlungspreise f\u00fcr die Henna Brow Behandlung im HofBeauty in Hof. Sch\u00f6ne, dichte und nat\u00fcrliche Augenbrauen.","breadcrumb":{"@id":"https:\/\/dominik-s.de\/hofbeauty\/behandlungspreise-henna-brow\/#breadcrumb"},"inLanguage":"de","potentialAction":[{"@type":"ReadAction","target":["https:\/\/dominik-s.de\/hofbeauty\/behandlungspreise-henna-brow\/"]}]},{"@type":"BreadcrumbList","@id":"https:\/\/dominik-s.de\/hofbeauty\/behandlungspreise-henna-brow\/#breadcrumb","itemListElement":[{"@type":"ListItem","position":1,"name":"Startseite","item":"https:\/\/dominik-s.de\/hofbeauty\/"},{"@type":"ListItem","position":2,"name":"Behandlungspreise Henna Brow"}]},{"@type":"WebSite","@id":"https:\/\/dominik-s.de\/hofbeauty\/#website","url":"https:\/\/dominik-s.de\/hofbeauty\/","name":"HofBeauty","description":"DOMINIKS Kosmetikstudio in Hof","publisher":{"@id":"https:\/\/dominik-s.de\/hofbeauty\/#organization"},"potentialAction":[{"@type":"SearchAction","target":{"@type":"EntryPoint","urlTemplate":"https:\/\/dominik-s.de\/hofbeauty\/?s={search_term_string}"},"query-input":{"@type":"PropertyValueSpecification","valueRequired":true,"valueName":"search_term_string"}}],"inLanguage":"de"},{"@type":"Organization","@id":"https:\/\/dominik-s.de\/hofbeauty\/#organization","name":"Dominik-s - Fitness, Beauty, Gesundheit in Hof","url":"https:\/\/dominik-s.de\/hofbeauty\/","logo":{"@type":"ImageObject","inLanguage":"de","@id":"https:\/\/dominik-s.de\/hofbeauty\/#\/schema\/logo\/image\/","url":"https:\/\/dominik-s.de\/hofbeauty\/wp-content\/uploads\/sites\/4\/2021\/12\/dominiks_HOFBEAUTY_Logo-web.png","contentUrl":"https:\/\/dominik-s.de\/hofbeauty\/wp-content\/uploads\/sites\/4\/2021\/12\/dominiks_HOFBEAUTY_Logo-web.png","width":230,"height":100,"caption":"Dominik-s - Fitness, Beauty, Gesundheit in Hof"},"image":{"@id":"https:\/\/dominik-s.de\/hofbeauty\/#\/schema\/logo\/image\/"}}]}},"_links":{"self":[{"href":"https:\/\/dominik-s.de\/hofbeauty\/wp-json\/wp\/v2\/pages\/2153","targetHints":{"allow":["GET"]}}],"collection":[{"href":"https:\/\/dominik-s.de\/hofbeauty\/wp-json\/wp\/v2\/pages"}],"about":[{"href":"https:\/\/dominik-s.de\/hofbeauty\/wp-json\/wp\/v2\/types\/page"}],"author":[{"embeddable":true,"href":"https:\/\/dominik-s.de\/hofbeauty\/wp-json\/wp\/v2\/users\/1"}],"replies":[{"embeddable":true,"href":"https:\/\/dominik-s.de\/hofbeauty\/wp-json\/wp\/v2\/comments?post=2153"}],"version-history":[{"count":9,"href":"https:\/\/dominik-s.de\/hofbeauty\/wp-json\/wp\/v2\/pages\/2153\/revisions"}],"predecessor-version":[{"id":5301,"href":"https:\/\/dominik-s.de\/hofbeauty\/wp-json\/wp\/v2\/pages\/2153\/revisions\/5301"}],"wp:attachment":[{"href":"https:\/\/dominik-s.de\/hofbeauty\/wp-json\/wp\/v2\/media?parent=2153"}],"curies":[{"name":"wp","href":"https:\/\/api.w.org\/{rel}","templated":true}]}}