{"id":4047,"date":"2023-02-17T09:37:18","date_gmt":"2023-02-17T08:37:18","guid":{"rendered":"https:\/\/dominik-s.de\/hofbeauty\/?page_id=4047"},"modified":"2025-07-03T08:11:38","modified_gmt":"2025-07-03T06:11:38","slug":"termin-buchen","status":"publish","type":"page","link":"https:\/\/dominik-s.de\/hofbeauty\/termin-buchen\/","title":{"rendered":"Termin buchen"},"content":{"rendered":"<p >[vc_row][vc_column][vc_empty_space height=&#8220;48px&#8220;][vc_column_text css=&#8220;.vc_custom_1746434542968{margin-bottom: 23px !important;}&#8220;]<\/p>\n<div class=\"sc85_heading wpb_content_element inverted center\">\n<div class=\"subtitle\" style=\"text-align: center; font-size: 12pt;\">dein wunschtermin<\/div>\n<h1 class=\"title\" style=\"text-align: center; font-size: 26pt;\">Jetzt online Termin buchen!<\/h1>\n<\/div>\n<p >[\/vc_column_text][vc_column_text css=&#8220;.vc_custom_1746527788434{margin-bottom: 16px !important;}&#8220;]<\/p>\n<div class=\"sc85_heading wpb_content_element impact center\">\n<div class=\"subtitle\">\n<p  style=\"text-align: center; font-size: 12pt;\">Du m\u00f6chtest deinen Termin ganz einfach selber online buchen? Ab sofort kannst du dir deinen Termin direkt online sichern \u2013 ganz flexibel, rund um die Uhr. W\u00e4hle einfach dein Wunsch-Zeitfenster aus, gib deine Kontaktdaten an und fertig!<br \/>\n<em><span style=\"text-align: center; font-size: 10pt;\">Solltest du in der aktuellen Woche keinen freien Termin finden, klicke einfach oben auf die Pfeile, um die kommenden Kalenderwochen anzuzeigen.<\/span><\/em><\/p>\n<\/div>\n<\/div>\n<p >[\/vc_column_text][mvc_advanced_button align=&#8220;center&#8220; btn_animation=&#8220;button&#8211;sacnite&#8220; btn_text=&#8220;online Termin buchen&#8220; padding_top=&#8220;11&#8243; padding_left=&#8220;23&#8243; border_style=&#8220;solid&#8220; btn_size=&#8220;16&#8243; icon_size=&#8220;16&#8243; btn_shadow=&#8220;shadow&#8220; use_theme_fonts=&#8220;yes&#8220; btn_url=&#8220;url:https%3A%2F%2Fportal.aidoo-online.de%2Fterminvereinbarungen%2Fotv_2%3Fdatetypelfnr%3D141%26mandant%3D200500129_hofsports%26id%3D|title:online%20Termin%20buchen||&#8220; btn_clr=&#8220;#000000&#8243; btn_bg=&#8220;#b42884&#8243; btn_hvrclr=&#8220;#b42884&#8243; btn_hvrbg=&#8220;#b42884&#8243;][vc_empty_space][\/vc_column][\/vc_row][vc_row][vc_column][vc_column_text]<\/p>\n<div class=\"sc85_heading wpb_content_element impact center\">\n<div class=\"subtitle\">\n<p  style=\"text-align: center; font-size: 12pt;\">Du hast Fragen oder m\u00f6chtest deinen Termin lieber pers\u00f6nlich vereinbaren?<br \/>\nKein Problem! Wir sind nat\u00fcrlich auch gerne telefonisch oder \u00fcber WhatsApp f\u00fcr dich da. Du kannst uns auch \u00fcber das Kontaktformular erreichen.<\/p>\n<p  style=\"text-align: center;\"><strong><span style=\"font-size: 24pt;\"><a href=\"tel:092818401687\">09281 &#8211; 840 16 87<\/a><\/span><\/strong><\/p>\n<\/div>\n<\/div>\n<p >[\/vc_column_text][vc_column_text]<a href=\"https:\/\/wa.me\/491774139782?text=Hallo,%20ich%20m%C3%B6chte%20gerne%20einen%20Termin%20vereinbaren.%20Mein%20Wunschtermin%20w\u00e4re:%20Viele%20Gr\u00fc\u00dfe\"><img decoding=\"async\" class=\"wp-image-4818 aligncenter\" src=\"https:\/\/dominik-s.de\/hofbeauty\/wp-content\/uploads\/sites\/4\/2023\/11\/HB-Phone-HGbild-2.png\" alt=\"HofBeauty WhatsApp Kontakt\" width=\"116\" height=\"116\" srcset=\"https:\/\/dominik-s.de\/hofbeauty\/wp-content\/uploads\/sites\/4\/2023\/11\/HB-Phone-HGbild-2.png 568w, https:\/\/dominik-s.de\/hofbeauty\/wp-content\/uploads\/sites\/4\/2023\/11\/HB-Phone-HGbild-2-300x300.png 300w, https:\/\/dominik-s.de\/hofbeauty\/wp-content\/uploads\/sites\/4\/2023\/11\/HB-Phone-HGbild-2-100x100.png 100w\" sizes=\"(max-width: 116px) 100vw, 116px\" \/><\/a><\/p>\n<p  style=\"color: #26d367; text-align: center;\"><span style=\"font-size: 14pt;\"><strong>\u00fcber WhatsApp kontaktieren:<\/strong><\/span><br \/>\n<span style=\"font-size: 16pt;\"><strong><a style=\"color: #26d367;\" href=\"https:\/\/wa.me\/491774139782?text=Hallo,%20ich%20m%C3%B6chte%20gerne%20einen%20Termin%20vereinbaren.%20Mein%20Wunschtermin%20w\u00e4re:%20Viele%20Gr\u00fc\u00dfe\" target=\"_blank\" rel=\"noopener noreferrer\">0177\u00a04139 782<\/a><\/strong><\/span><\/p>\n<p >[\/vc_column_text][vc_row_inner][vc_column_inner width=&#8220;1\/6&#8243;][\/vc_column_inner][vc_column_inner width=&#8220;2\/3&#8243;]\n<div class=\"wpcf7 no-js\" id=\"wpcf7-f4045-o1\" lang=\"de-DE\" dir=\"ltr\" data-wpcf7-id=\"4045\">\n<div class=\"screen-reader-response\"><p role=\"status\" aria-live=\"polite\" aria-atomic=\"true\"><\/p> <ul><\/ul><\/div>\n<form action=\"\/hofbeauty\/wp-json\/wp\/v2\/pages\/4047#wpcf7-f4045-o1\" method=\"post\" class=\"wpcf7-form init wpcf7-acceptance-as-validation\" aria-label=\"Kontaktformular\" novalidate=\"novalidate\" data-status=\"init\">\n<fieldset class=\"hidden-fields-container\"><input type=\"hidden\" name=\"_wpcf7\" value=\"4045\" \/><input type=\"hidden\" name=\"_wpcf7_version\" value=\"6.1.4\" \/><input type=\"hidden\" name=\"_wpcf7_locale\" value=\"de_DE\" \/><input type=\"hidden\" name=\"_wpcf7_unit_tag\" value=\"wpcf7-f4045-o1\" \/><input type=\"hidden\" name=\"_wpcf7_container_post\" value=\"0\" \/><input type=\"hidden\" name=\"_wpcf7_posted_data_hash\" value=\"\" \/><input type=\"hidden\" name=\"_wpcf7_recaptcha_response\" value=\"\" \/>\n<\/fieldset>\n<p><strong>Bitte Kontaktdaten eintragen:<\/strong>\n<\/p>\n<p class=\"field name\"><span class=\"wpcf7-form-control-wrap\" data-name=\"name1\"><input size=\"40\" maxlength=\"400\" class=\"wpcf7-form-control wpcf7-text wpcf7-validates-as-required\" aria-required=\"true\" aria-invalid=\"false\" placeholder=\"Dein Name...\" value=\"\" type=\"text\" name=\"name1\" \/><\/span>\n<\/p>\n<p class=\"field email\"><span class=\"wpcf7-form-control-wrap\" data-name=\"email\"><input size=\"40\" maxlength=\"400\" class=\"wpcf7-form-control wpcf7-email wpcf7-validates-as-required wpcf7-text wpcf7-validates-as-email\" aria-required=\"true\" aria-invalid=\"false\" placeholder=\"Deine E-Mail...\" value=\"\" type=\"email\" name=\"email\" \/><\/span>\n<\/p>\n<p class=\"field phone\"><span class=\"wpcf7-form-control-wrap\" data-name=\"telefon\"><input size=\"40\" maxlength=\"400\" class=\"wpcf7-form-control wpcf7-tel wpcf7-validates-as-required wpcf7-text wpcf7-validates-as-tel\" aria-required=\"true\" aria-invalid=\"false\" placeholder=\"Deine Telefonnummer...\" value=\"\" type=\"tel\" name=\"telefon\" \/><\/span>\n<\/p>\n<p><strong>Bitte Wunschtermin hier eintragen<\/strong> (optional):\n<\/p>\n<p class=\"field date\"><span class=\"wpcf7-form-control-wrap\" data-name=\"beginn\"><input class=\"wpcf7-form-control wpcf7-date wpcf7-validates-as-date\" aria-invalid=\"false\" placeholder=\"Dein Wunschtermin...\" value=\"\" type=\"date\" name=\"beginn\" \/><\/span>\n<\/p>\n<p><strong>Gew\u00fcnschte Behandlung\/en ausw\u00e4hlen<\/strong> (optional):\n<\/p>\n<p class=\"field\"><span class=\"wpcf7-form-control-wrap\" data-name=\"behandlung\"><span class=\"wpcf7-form-control wpcf7-checkbox\"><span class=\"wpcf7-list-item first\"><input type=\"checkbox\" name=\"behandlung[]\" value=\"Microneedling\" \/><span class=\"wpcf7-list-item-label\">Microneedling<\/span><\/span><span class=\"wpcf7-list-item\"><input type=\"checkbox\" name=\"behandlung[]\" value=\"LED Lichttherapie\" \/><span class=\"wpcf7-list-item-label\">LED Lichttherapie<\/span><\/span><span class=\"wpcf7-list-item\"><input type=\"checkbox\" name=\"behandlung[]\" value=\"Permanent Make-Up\" \/><span class=\"wpcf7-list-item-label\">Permanent Make-Up<\/span><\/span><span class=\"wpcf7-list-item\"><input type=\"checkbox\" name=\"behandlung[]\" value=\"Kosmetische Zahnreinigung\" \/><span class=\"wpcf7-list-item-label\">Kosmetische Zahnreinigung<\/span><\/span><span class=\"wpcf7-list-item\"><input type=\"checkbox\" name=\"behandlung[]\" value=\"Dauerhafte Haarentfernung\" \/><span class=\"wpcf7-list-item-label\">Dauerhafte Haarentfernung<\/span><\/span><span class=\"wpcf7-list-item\"><input type=\"checkbox\" name=\"behandlung[]\" value=\"Hifu Lifting\" \/><span class=\"wpcf7-list-item-label\">Hifu Lifting<\/span><\/span><span class=\"wpcf7-list-item\"><input type=\"checkbox\" name=\"behandlung[]\" value=\"Aqua Facial\" \/><span class=\"wpcf7-list-item-label\">Aqua Facial<\/span><\/span><span class=\"wpcf7-list-item\"><input type=\"checkbox\" name=\"behandlung[]\" value=\"Hautverj\u00fcngung\" \/><span class=\"wpcf7-list-item-label\">Hautverj\u00fcngung<\/span><\/span><span class=\"wpcf7-list-item\"><input type=\"checkbox\" name=\"behandlung[]\" value=\"Hyaluron Behandlung\" \/><span class=\"wpcf7-list-item-label\">Hyaluron Behandlung<\/span><\/span><span class=\"wpcf7-list-item\"><input type=\"checkbox\" name=\"behandlung[]\" value=\"Ultraschall-Hautreinigung\" \/><span class=\"wpcf7-list-item-label\">Ultraschall-Hautreinigung<\/span><\/span><span class=\"wpcf7-list-item\"><input type=\"checkbox\" name=\"behandlung[]\" value=\"Cellulite Behandlung\" \/><span class=\"wpcf7-list-item-label\">Cellulite Behandlung<\/span><\/span><span class=\"wpcf7-list-item\"><input type=\"checkbox\" name=\"behandlung[]\" value=\"Wimpernverl\u00e4ngerung\" \/><span class=\"wpcf7-list-item-label\">Wimpernverl\u00e4ngerung<\/span><\/span><span class=\"wpcf7-list-item\"><input type=\"checkbox\" name=\"behandlung[]\" value=\"Wimpern Booster: Lash filler\" \/><span class=\"wpcf7-list-item-label\">Wimpern Booster: Lash filler<\/span><\/span><span class=\"wpcf7-list-item\"><input type=\"checkbox\" name=\"behandlung[]\" value=\"Henna-Brow\" \/><span class=\"wpcf7-list-item-label\">Henna-Brow<\/span><\/span><span class=\"wpcf7-list-item\"><input type=\"checkbox\" name=\"behandlung[]\" value=\"Kryolipolyse Fettabbau\" \/><span class=\"wpcf7-list-item-label\">Kryolipolyse Fettabbau<\/span><\/span><span class=\"wpcf7-list-item last\"><input type=\"checkbox\" name=\"behandlung[]\" value=\"Sonstiges\" \/><span class=\"wpcf7-list-item-label\">Sonstiges<\/span><\/span><\/span><\/span>\n<\/p>\n<p class=\"field message\"><span class=\"wpcf7-form-control-wrap\" data-name=\"nachricht\"><textarea cols=\"40\" rows=\"10\" maxlength=\"2000\" class=\"wpcf7-form-control wpcf7-textarea wpcf7-validates-as-required\" aria-required=\"true\" aria-invalid=\"false\" placeholder=\"Deine Nachricht...\" name=\"nachricht\"><\/textarea><\/span>\n<\/p>\n<p class=\"field submit full\"><input class=\"wpcf7-form-control wpcf7-submit has-spinner\" type=\"submit\" value=\"Anfrage absenden\" \/>\n<\/p>\n<p class=\"field submit full\"><span class=\"wpcf7-form-control-wrap\" data-name=\"datenschutz\"><span class=\"wpcf7-form-control wpcf7-acceptance\"><span class=\"wpcf7-list-item\"><label><input type=\"checkbox\" name=\"datenschutz\" value=\"1\" aria-invalid=\"false\" \/><span class=\"wpcf7-list-item-label\">Hiermit willige ich ein, dass meine eingegebenen pers\u00f6nlichen Daten, nur zur Bearbeitung der Anfrage elektronisch gespeichert werden d\u00fcrfen. Ich habe die <a href=\"https:\/\/dominik-s.de\/datenschutz\/\" target=\"_blank\">Datenschutzerkl\u00e4rung<\/a> gelesen und stimme dieser zu.<\/span><\/label><\/span><\/span><\/span>\n<\/p><div class=\"wpcf7-response-output\" aria-hidden=\"true\"><\/div>\n<\/form>\n<\/div>\n[\/vc_column_inner][vc_column_inner width=&#8220;1\/6&#8243;][\/vc_column_inner][\/vc_row_inner][\/vc_column][\/vc_row][vc_row][vc_column][vc_empty_space height=&#8220;48px&#8220;][vc_column_text css=&#8220;.vc_custom_1708695669124{margin-bottom: 23px !important;}&#8220;]<\/p>\n<div class=\"sc85_heading wpb_content_element inverted center\">\n<div class=\"subtitle\" style=\"text-align: center; font-size: 12pt;\">finde uns in Hof<\/div>\n<h1 class=\"title\" style=\"text-align: center; font-size: 26pt;\">Der Weg zu uns!<\/h1>\n<\/div>\n<p >[\/vc_column_text][vc_column_text]<\/p>\n<div class=\"sc85_heading wpb_content_element impact center\">\n<div class=\"subtitle\">\n<p  style=\"text-align: center; font-size: 12pt;\">Nach Klick auf die Karte, l\u00e4sst sich diese verschieben und die Route planen. Unser Kosmetikstudio befindet sich in den R\u00e4umlichkeiten des Sonnenstudios HofSun.<\/p>\n<\/div>\n<\/div>\n<p >[\/vc_column_text][vc_gmaps link=&#8220;#E-8_JTNDaWZyYW1lJTIwc3JjJTNEJTIyaHR0cHMlM0ElMkYlMkZ3d3cuZ29vZ2xlLmNvbSUyRm1hcHMlMkZlbWJlZCUzRnBiJTNEJTIxMW0xOCUyMTFtMTIlMjExbTMlMjExZDI1NDcuNDA1ODMzNjU1MDcxNSUyMTJkMTEuOTAzMDY1NjM0NzI3NjI4JTIxM2Q1MC4zMjE2NzkzMzg4MTgxOCUyMTJtMyUyMTFmMCUyMTJmMCUyMTNmMCUyMTNtMiUyMTFpMTAyNCUyMTJpNzY4JTIxNGYxMy4xJTIxM20zJTIxMW0yJTIxMXMweDQ3YTExNzUyMTMxN2Q4MDUlMjUzQTB4ZWJjYWQ3YjlkYmFjZDY3NCUyMTJzS29zbWV0aWtzdHVkaW8lMjUyMEhvZkJlYXV0eSUyMTVlMCUyMTNtMiUyMTFzZGUlMjEyc2RlJTIxNHYxNjY2MDE1MjMwNjA2JTIxNW0yJTIxMXNkZSUyMTJzZGUlMjIlMjB3aWR0aCUzRCUyMjYwMCUyMiUyMGhlaWdodCUzRCUyMjQ1MCUyMiUyMHN0eWxlJTNEJTIyYm9yZGVyJTNBMCUzQiUyMiUyMGFsbG93ZnVsbHNjcmVlbiUzRCUyMiUyMiUyMGxvYWRpbmclM0QlMjJsYXp5JTIyJTIwcmVmZXJyZXJwb2xpY3klM0QlMjJuby1yZWZlcnJlci13aGVuLWRvd25ncmFkZSUyMiUzRSUzQyUyRmlmcmFtZSUzRQ==&#8220;][\/vc_column][\/vc_row]<\/p>\n","protected":false},"excerpt":{"rendered":"<p>[vc_row][vc_column][vc_empty_space height=&#8220;48px&#8220;][vc_column_text css=&#8220;.vc_custom_1746434542968{margin-bottom: 23px !important;}&#8220;] dein wunschtermin Jetzt online Termin buchen! [\/vc_column_text][vc_column_text css=&#8220;.vc_custom_1746527788434{margin-bottom: 16px !important;}&#8220;] Du m\u00f6chtest deinen Termin ganz einfach selber online buchen? Ab sofort kannst du dir deinen Termin direkt online sichern \u2013 ganz flexibel, rund um die Uhr. W\u00e4hle einfach dein Wunsch-Zeitfenster aus, gib deine Kontaktdaten an und fertig! Solltest du in [&hellip;]<\/p>\n","protected":false},"author":1,"featured_media":4878,"parent":0,"menu_order":11,"comment_status":"closed","ping_status":"closed","template":"","meta":{"footnotes":""},"class_list":["post-4047","page","type-page","status-publish","has-post-thumbnail","hentry"],"yoast_head":"<!-- This site is optimized with the Yoast SEO Premium plugin v26.5 (Yoast SEO v26.6) - https:\/\/yoast.com\/wordpress\/plugins\/seo\/ -->\n<title>Termine buchen im DOMINIKS Kosmetikstudio Hofbeauty in Hof<\/title>\n<meta name=\"description\" content=\"Ganz einfach Wunschtermin und gew\u00fcnschte Behandlung eintragen.\" \/>\n<meta name=\"robots\" content=\"index, follow, max-snippet:-1, max-image-preview:large, max-video-preview:-1\" \/>\n<link rel=\"canonical\" href=\"https:\/\/dominik-s.de\/hofbeauty\/termin-buchen\/\" \/>\n<meta property=\"og:locale\" content=\"de_DE\" \/>\n<meta property=\"og:type\" content=\"article\" \/>\n<meta property=\"og:title\" content=\"Termin buchen\" \/>\n<meta property=\"og:description\" content=\"Ganz einfach Wunschtermin und gew\u00fcnschte Behandlung eintragen.\" \/>\n<meta property=\"og:url\" content=\"https:\/\/dominik-s.de\/hofbeauty\/termin-buchen\/\" \/>\n<meta property=\"og:site_name\" content=\"HofBeauty\" \/>\n<meta property=\"article:modified_time\" content=\"2025-07-03T06:11:38+00:00\" \/>\n<meta property=\"og:image\" content=\"https:\/\/dominik-s.de\/hofbeauty\/wp-content\/uploads\/sites\/4\/2024\/02\/DOMINIKS-Kosmetikstudio-HofBeauty-in-Hof-Termin-buchen.jpg\" \/>\n\t<meta property=\"og:image:width\" content=\"1200\" \/>\n\t<meta property=\"og:image:height\" content=\"1200\" \/>\n\t<meta property=\"og:image:type\" content=\"image\/jpeg\" \/>\n<meta name=\"twitter:card\" content=\"summary_large_image\" \/>\n<meta name=\"twitter:label1\" content=\"Gesch\u00e4tzte Lesezeit\" \/>\n\t<meta name=\"twitter:data1\" content=\"2\u00a0Minuten\" \/>\n<script type=\"application\/ld+json\" class=\"yoast-schema-graph\">{\"@context\":\"https:\/\/schema.org\",\"@graph\":[{\"@type\":\"WebPage\",\"@id\":\"https:\/\/dominik-s.de\/hofbeauty\/termin-buchen\/\",\"url\":\"https:\/\/dominik-s.de\/hofbeauty\/termin-buchen\/\",\"name\":\"Termine buchen im DOMINIKS Kosmetikstudio Hofbeauty in Hof\",\"isPartOf\":{\"@id\":\"https:\/\/dominik-s.de\/hofbeauty\/#website\"},\"primaryImageOfPage\":{\"@id\":\"https:\/\/dominik-s.de\/hofbeauty\/termin-buchen\/#primaryimage\"},\"image\":{\"@id\":\"https:\/\/dominik-s.de\/hofbeauty\/termin-buchen\/#primaryimage\"},\"thumbnailUrl\":\"https:\/\/dominik-s.de\/hofbeauty\/wp-content\/uploads\/sites\/4\/2024\/02\/DOMINIKS-Kosmetikstudio-HofBeauty-in-Hof-Termin-buchen.jpg\",\"datePublished\":\"2023-02-17T08:37:18+00:00\",\"dateModified\":\"2025-07-03T06:11:38+00:00\",\"description\":\"Ganz einfach Wunschtermin und gew\u00fcnschte Behandlung eintragen.\",\"breadcrumb\":{\"@id\":\"https:\/\/dominik-s.de\/hofbeauty\/termin-buchen\/#breadcrumb\"},\"inLanguage\":\"de\",\"potentialAction\":[{\"@type\":\"ReadAction\",\"target\":[\"https:\/\/dominik-s.de\/hofbeauty\/termin-buchen\/\"]}]},{\"@type\":\"ImageObject\",\"inLanguage\":\"de\",\"@id\":\"https:\/\/dominik-s.de\/hofbeauty\/termin-buchen\/#primaryimage\",\"url\":\"https:\/\/dominik-s.de\/hofbeauty\/wp-content\/uploads\/sites\/4\/2024\/02\/DOMINIKS-Kosmetikstudio-HofBeauty-in-Hof-Termin-buchen.jpg\",\"contentUrl\":\"https:\/\/dominik-s.de\/hofbeauty\/wp-content\/uploads\/sites\/4\/2024\/02\/DOMINIKS-Kosmetikstudio-HofBeauty-in-Hof-Termin-buchen.jpg\",\"width\":1200,\"height\":1200,\"caption\":\"DOMINIKS Kosmetikstudio HofBeauty in Hof - Termin buchen\"},{\"@type\":\"BreadcrumbList\",\"@id\":\"https:\/\/dominik-s.de\/hofbeauty\/termin-buchen\/#breadcrumb\",\"itemListElement\":[{\"@type\":\"ListItem\",\"position\":1,\"name\":\"Startseite\",\"item\":\"https:\/\/dominik-s.de\/hofbeauty\/\"},{\"@type\":\"ListItem\",\"position\":2,\"name\":\"Termin buchen\"}]},{\"@type\":\"WebSite\",\"@id\":\"https:\/\/dominik-s.de\/hofbeauty\/#website\",\"url\":\"https:\/\/dominik-s.de\/hofbeauty\/\",\"name\":\"HofBeauty\",\"description\":\"DOMINIKS Kosmetikstudio in Hof\",\"publisher\":{\"@id\":\"https:\/\/dominik-s.de\/hofbeauty\/#organization\"},\"potentialAction\":[{\"@type\":\"SearchAction\",\"target\":{\"@type\":\"EntryPoint\",\"urlTemplate\":\"https:\/\/dominik-s.de\/hofbeauty\/?s={search_term_string}\"},\"query-input\":{\"@type\":\"PropertyValueSpecification\",\"valueRequired\":true,\"valueName\":\"search_term_string\"}}],\"inLanguage\":\"de\"},{\"@type\":\"Organization\",\"@id\":\"https:\/\/dominik-s.de\/hofbeauty\/#organization\",\"name\":\"Dominik-s - Fitness, Beauty, Gesundheit in Hof\",\"url\":\"https:\/\/dominik-s.de\/hofbeauty\/\",\"logo\":{\"@type\":\"ImageObject\",\"inLanguage\":\"de\",\"@id\":\"https:\/\/dominik-s.de\/hofbeauty\/#\/schema\/logo\/image\/\",\"url\":\"https:\/\/dominik-s.de\/hofbeauty\/wp-content\/uploads\/sites\/4\/2021\/12\/dominiks_HOFBEAUTY_Logo-web.png\",\"contentUrl\":\"https:\/\/dominik-s.de\/hofbeauty\/wp-content\/uploads\/sites\/4\/2021\/12\/dominiks_HOFBEAUTY_Logo-web.png\",\"width\":230,\"height\":100,\"caption\":\"Dominik-s - Fitness, Beauty, Gesundheit in Hof\"},\"image\":{\"@id\":\"https:\/\/dominik-s.de\/hofbeauty\/#\/schema\/logo\/image\/\"}}]}<\/script>\n<!-- \/ Yoast SEO Premium plugin. -->","yoast_head_json":{"title":"Termine buchen im DOMINIKS Kosmetikstudio Hofbeauty in Hof","description":"Ganz einfach Wunschtermin und gew\u00fcnschte Behandlung eintragen.","robots":{"index":"index","follow":"follow","max-snippet":"max-snippet:-1","max-image-preview":"max-image-preview:large","max-video-preview":"max-video-preview:-1"},"canonical":"https:\/\/dominik-s.de\/hofbeauty\/termin-buchen\/","og_locale":"de_DE","og_type":"article","og_title":"Termin buchen","og_description":"Ganz einfach Wunschtermin und gew\u00fcnschte Behandlung eintragen.","og_url":"https:\/\/dominik-s.de\/hofbeauty\/termin-buchen\/","og_site_name":"HofBeauty","article_modified_time":"2025-07-03T06:11:38+00:00","og_image":[{"width":1200,"height":1200,"url":"https:\/\/dominik-s.de\/hofbeauty\/wp-content\/uploads\/sites\/4\/2024\/02\/DOMINIKS-Kosmetikstudio-HofBeauty-in-Hof-Termin-buchen.jpg","type":"image\/jpeg"}],"twitter_card":"summary_large_image","twitter_misc":{"Gesch\u00e4tzte Lesezeit":"2\u00a0Minuten"},"schema":{"@context":"https:\/\/schema.org","@graph":[{"@type":"WebPage","@id":"https:\/\/dominik-s.de\/hofbeauty\/termin-buchen\/","url":"https:\/\/dominik-s.de\/hofbeauty\/termin-buchen\/","name":"Termine buchen im DOMINIKS Kosmetikstudio Hofbeauty in Hof","isPartOf":{"@id":"https:\/\/dominik-s.de\/hofbeauty\/#website"},"primaryImageOfPage":{"@id":"https:\/\/dominik-s.de\/hofbeauty\/termin-buchen\/#primaryimage"},"image":{"@id":"https:\/\/dominik-s.de\/hofbeauty\/termin-buchen\/#primaryimage"},"thumbnailUrl":"https:\/\/dominik-s.de\/hofbeauty\/wp-content\/uploads\/sites\/4\/2024\/02\/DOMINIKS-Kosmetikstudio-HofBeauty-in-Hof-Termin-buchen.jpg","datePublished":"2023-02-17T08:37:18+00:00","dateModified":"2025-07-03T06:11:38+00:00","description":"Ganz einfach Wunschtermin und gew\u00fcnschte Behandlung eintragen.","breadcrumb":{"@id":"https:\/\/dominik-s.de\/hofbeauty\/termin-buchen\/#breadcrumb"},"inLanguage":"de","potentialAction":[{"@type":"ReadAction","target":["https:\/\/dominik-s.de\/hofbeauty\/termin-buchen\/"]}]},{"@type":"ImageObject","inLanguage":"de","@id":"https:\/\/dominik-s.de\/hofbeauty\/termin-buchen\/#primaryimage","url":"https:\/\/dominik-s.de\/hofbeauty\/wp-content\/uploads\/sites\/4\/2024\/02\/DOMINIKS-Kosmetikstudio-HofBeauty-in-Hof-Termin-buchen.jpg","contentUrl":"https:\/\/dominik-s.de\/hofbeauty\/wp-content\/uploads\/sites\/4\/2024\/02\/DOMINIKS-Kosmetikstudio-HofBeauty-in-Hof-Termin-buchen.jpg","width":1200,"height":1200,"caption":"DOMINIKS Kosmetikstudio HofBeauty in Hof - Termin buchen"},{"@type":"BreadcrumbList","@id":"https:\/\/dominik-s.de\/hofbeauty\/termin-buchen\/#breadcrumb","itemListElement":[{"@type":"ListItem","position":1,"name":"Startseite","item":"https:\/\/dominik-s.de\/hofbeauty\/"},{"@type":"ListItem","position":2,"name":"Termin buchen"}]},{"@type":"WebSite","@id":"https:\/\/dominik-s.de\/hofbeauty\/#website","url":"https:\/\/dominik-s.de\/hofbeauty\/","name":"HofBeauty","description":"DOMINIKS Kosmetikstudio in Hof","publisher":{"@id":"https:\/\/dominik-s.de\/hofbeauty\/#organization"},"potentialAction":[{"@type":"SearchAction","target":{"@type":"EntryPoint","urlTemplate":"https:\/\/dominik-s.de\/hofbeauty\/?s={search_term_string}"},"query-input":{"@type":"PropertyValueSpecification","valueRequired":true,"valueName":"search_term_string"}}],"inLanguage":"de"},{"@type":"Organization","@id":"https:\/\/dominik-s.de\/hofbeauty\/#organization","name":"Dominik-s - Fitness, Beauty, Gesundheit in Hof","url":"https:\/\/dominik-s.de\/hofbeauty\/","logo":{"@type":"ImageObject","inLanguage":"de","@id":"https:\/\/dominik-s.de\/hofbeauty\/#\/schema\/logo\/image\/","url":"https:\/\/dominik-s.de\/hofbeauty\/wp-content\/uploads\/sites\/4\/2021\/12\/dominiks_HOFBEAUTY_Logo-web.png","contentUrl":"https:\/\/dominik-s.de\/hofbeauty\/wp-content\/uploads\/sites\/4\/2021\/12\/dominiks_HOFBEAUTY_Logo-web.png","width":230,"height":100,"caption":"Dominik-s - Fitness, Beauty, Gesundheit in Hof"},"image":{"@id":"https:\/\/dominik-s.de\/hofbeauty\/#\/schema\/logo\/image\/"}}]}},"_links":{"self":[{"href":"https:\/\/dominik-s.de\/hofbeauty\/wp-json\/wp\/v2\/pages\/4047","targetHints":{"allow":["GET"]}}],"collection":[{"href":"https:\/\/dominik-s.de\/hofbeauty\/wp-json\/wp\/v2\/pages"}],"about":[{"href":"https:\/\/dominik-s.de\/hofbeauty\/wp-json\/wp\/v2\/types\/page"}],"author":[{"embeddable":true,"href":"https:\/\/dominik-s.de\/hofbeauty\/wp-json\/wp\/v2\/users\/1"}],"replies":[{"embeddable":true,"href":"https:\/\/dominik-s.de\/hofbeauty\/wp-json\/wp\/v2\/comments?post=4047"}],"version-history":[{"count":38,"href":"https:\/\/dominik-s.de\/hofbeauty\/wp-json\/wp\/v2\/pages\/4047\/revisions"}],"predecessor-version":[{"id":5623,"href":"https:\/\/dominik-s.de\/hofbeauty\/wp-json\/wp\/v2\/pages\/4047\/revisions\/5623"}],"wp:featuredmedia":[{"embeddable":true,"href":"https:\/\/dominik-s.de\/hofbeauty\/wp-json\/wp\/v2\/media\/4878"}],"wp:attachment":[{"href":"https:\/\/dominik-s.de\/hofbeauty\/wp-json\/wp\/v2\/media?parent=4047"}],"curies":[{"name":"wp","href":"https:\/\/api.w.org\/{rel}","templated":true}]}}