{"id":74,"date":"2016-11-02T13:05:38","date_gmt":"2016-11-02T12:05:38","guid":{"rendered":"http:\/\/vianovashop.de\/hofbeauty\/?page_id=74"},"modified":"2024-11-18T12:06:11","modified_gmt":"2024-11-18T11:06:11","slug":"behandlungsraeume-im-kosmetikstudio-hofbeauty","status":"publish","type":"page","link":"https:\/\/dominik-s.de\/hofbeauty\/behandlungsraeume-im-kosmetikstudio-hofbeauty\/","title":{"rendered":"Behandlungsr\u00e4ume im Kosmetikstudio HofBeauty"},"content":{"rendered":"<p>[vc_row][vc_column][vc_empty_space][vc_column_text css=&#8220;.vc_custom_1731927905141{margin-bottom: 23px !important;}&#8220;]<\/p>\n<div class=\"sc85_heading wpb_content_element inverted center\">\n<div class=\"subtitle\" style=\"text-align: center; font-size: 12pt;\">Kosmetikstudio HofBeauty<\/div>\n<h1 class=\"title\" style=\"text-align: center; font-size: 26pt;\">Behandlungsr\u00e4ume<\/h1>\n<\/div>\n<p>[\/vc_column_text][vc_column_text]<\/p>\n<div class=\"sc85_heading wpb_content_element impact center\">\n<div class=\"subtitle\">\n<p style=\"text-align: center;\">Unsere Behandlungsr\u00e4ume im Kosmetikstudio HofBeauty sind mit den neusten Ger\u00e4ten f\u00fcr innovative Beauty Behandlungen ausgestattet. Lass dich in unseren Behandlungsr\u00e4umen von uns verw\u00f6hnen. Entspanne &amp; genie\u00dfe w\u00e4hrend der Behandlung. Wir bieten dir in unseren Behandlungsr\u00e4umen im Kosmetikstudio eine entspannte Wohlf\u00fchl-Atmosph\u00e4re. Nat\u00fcrlich wir dir auch dein pers\u00f6nliches Pflege- oder Wellness Programm zusammen.<\/p>\n<\/div>\n<\/div>\n<p>[\/vc_column_text][\/vc_column][\/vc_row][vc_row][vc_column][vc_row_inner][vc_column_inner width=&#8220;1\/2&#8243;][vc_single_image image=&#8220;2202&#8243; img_size=&#8220;full&#8220; alignment=&#8220;center&#8220;][vc_single_image image=&#8220;2204&#8243; img_size=&#8220;full&#8220; alignment=&#8220;center&#8220;][\/vc_column_inner][vc_column_inner width=&#8220;1\/2&#8243;][vc_single_image image=&#8220;2200&#8243; img_size=&#8220;full&#8220; alignment=&#8220;center&#8220;][vc_single_image image=&#8220;2201&#8243; img_size=&#8220;full&#8220; alignment=&#8220;center&#8220;][\/vc_column_inner][\/vc_row_inner][vc_empty_space height=&#8220;16px&#8220;][\/vc_column][\/vc_row][vc_row][vc_column][vc_empty_space][vc_column_text css=&#8220;.vc_custom_1708695773045{margin-bottom: 23px !important;}&#8220;]<\/p>\n<div class=\"sc85_heading wpb_content_element inverted center\">\n<div class=\"subtitle\" style=\"text-align: center; font-size: 12pt;\">wir sind f\u00fcr dich da<\/div>\n<h1 class=\"title\" style=\"text-align: center; font-size: 26pt;\">kostenlose Beratung<\/h1>\n<\/div>\n<p>[\/vc_column_text][vc_column_text]<\/p>\n<div class=\"sc85_heading wpb_content_element impact center\">\n<div class=\"subtitle\">\n<p style=\"text-align: center; font-size: 12pt;\">Gerne vereinbaren wir mit dir ein kostenloses und unverbindliches Beratungsgespr\u00e4ch mit unserer Kosmetikerin im Kosmetikstudio HofBeauty in Hof. Schreib uns eine Nachricht \u00fcber das Kontaktformular oder WhatsApp. Du kannst uns aber auch gerne direkt anrufen.<\/p>\n<p style=\"text-align: center;\"><a style=\"color: #ffffff;\" href=\"tel:092818401687\"><button style=\"font-size: 11pt; background-color: #ffffff; border: none; color: black;\">09281 8401687<\/button><\/a><\/p>\n<p style=\"text-align: center;\"><a style=\"color: #ffffff;\" href=\"https:\/\/wa.me\/491774139782?text=%20Hallo,%20ich%20m%C3%B6chte%20gerne%20einen%20Termin%20vereinbaren.%20Mein%20Wunschtermin%20w\u00e4re:\" target=\"_blank\" rel=\"noopener noreferrer\"><button style=\"font-size: 11pt; background-color: #ffffff; border: none; color: black;\">WhatsApp Nachricht<\/button><\/a><\/p>\n<\/div>\n<\/div>\n<p>[\/vc_column_text][vc_row_inner][vc_column_inner width=&#8220;1\/6&#8243;][\/vc_column_inner][vc_column_inner width=&#8220;2\/3&#8243;]\n<div class=\"wpcf7 no-js\" id=\"wpcf7-f79-o1\" lang=\"de-DE\" dir=\"ltr\" data-wpcf7-id=\"79\">\n<div class=\"screen-reader-response\"><p role=\"status\" aria-live=\"polite\" aria-atomic=\"true\"><\/p> <ul><\/ul><\/div>\n<form action=\"\/hofbeauty\/wp-json\/wp\/v2\/pages\/74#wpcf7-f79-o1\" method=\"post\" class=\"wpcf7-form init wpcf7-acceptance-as-validation\" aria-label=\"Kontaktformular\" novalidate=\"novalidate\" data-status=\"init\">\n<fieldset class=\"hidden-fields-container\"><input type=\"hidden\" name=\"_wpcf7\" value=\"79\" \/><input type=\"hidden\" name=\"_wpcf7_version\" value=\"6.1.4\" \/><input type=\"hidden\" name=\"_wpcf7_locale\" value=\"de_DE\" \/><input type=\"hidden\" name=\"_wpcf7_unit_tag\" value=\"wpcf7-f79-o1\" \/><input type=\"hidden\" name=\"_wpcf7_container_post\" value=\"0\" \/><input type=\"hidden\" name=\"_wpcf7_posted_data_hash\" value=\"\" \/><input type=\"hidden\" name=\"_wpcf7_recaptcha_response\" value=\"\" \/>\n<\/fieldset>\n<p><strong>Bitte Kontaktdaten eintragen:<\/strong>\n<\/p>\n<p class=\"field name\"><span class=\"wpcf7-form-control-wrap\" data-name=\"name1\"><input size=\"40\" maxlength=\"400\" class=\"wpcf7-form-control wpcf7-text wpcf7-validates-as-required\" aria-required=\"true\" aria-invalid=\"false\" placeholder=\"Dein Name...\" value=\"\" type=\"text\" name=\"name1\" \/><\/span>\n<\/p>\n<p class=\"field email\"><span class=\"wpcf7-form-control-wrap\" data-name=\"email\"><input size=\"40\" maxlength=\"400\" class=\"wpcf7-form-control wpcf7-email wpcf7-validates-as-required wpcf7-text wpcf7-validates-as-email\" aria-required=\"true\" aria-invalid=\"false\" placeholder=\"Deine E-Mail...\" value=\"\" type=\"email\" name=\"email\" \/><\/span>\n<\/p>\n<p class=\"field phone\"><span class=\"wpcf7-form-control-wrap\" data-name=\"telefon\"><input size=\"40\" maxlength=\"400\" class=\"wpcf7-form-control wpcf7-tel wpcf7-validates-as-required wpcf7-text wpcf7-validates-as-tel\" aria-required=\"true\" aria-invalid=\"false\" placeholder=\"Deine Telefonnummer...\" value=\"\" type=\"tel\" name=\"telefon\" \/><\/span>\n<\/p>\n<p><strong>Bitte Wunschtermin hier eintragen<\/strong> (optional):\n<\/p>\n<p class=\"field date\"><span class=\"wpcf7-form-control-wrap\" data-name=\"beginn\"><input class=\"wpcf7-form-control wpcf7-date wpcf7-validates-as-date\" aria-invalid=\"false\" placeholder=\"Dein Wunschtermin...\" value=\"\" type=\"date\" name=\"beginn\" \/><\/span>\n<\/p>\n<p><strong>Gew\u00fcnschte Behandlung\/en ausw\u00e4hlen<\/strong> (optional):\n<\/p>\n<p class=\"field\"><span class=\"wpcf7-form-control-wrap\" data-name=\"behandlung\"><span class=\"wpcf7-form-control wpcf7-checkbox\"><span class=\"wpcf7-list-item first\"><input type=\"checkbox\" name=\"behandlung[]\" value=\"Microneedling\" \/><span class=\"wpcf7-list-item-label\">Microneedling<\/span><\/span><span class=\"wpcf7-list-item\"><input type=\"checkbox\" name=\"behandlung[]\" value=\"LED Lichttherapie\" \/><span class=\"wpcf7-list-item-label\">LED Lichttherapie<\/span><\/span><span class=\"wpcf7-list-item\"><input type=\"checkbox\" name=\"behandlung[]\" value=\"Permanent Make-Up\" \/><span class=\"wpcf7-list-item-label\">Permanent Make-Up<\/span><\/span><span class=\"wpcf7-list-item\"><input type=\"checkbox\" name=\"behandlung[]\" value=\"Kosmetische Zahnreinigung\" \/><span class=\"wpcf7-list-item-label\">Kosmetische Zahnreinigung<\/span><\/span><span class=\"wpcf7-list-item\"><input type=\"checkbox\" name=\"behandlung[]\" value=\"Dauerhafte Haarentfernung\" \/><span class=\"wpcf7-list-item-label\">Dauerhafte Haarentfernung<\/span><\/span><span class=\"wpcf7-list-item\"><input type=\"checkbox\" name=\"behandlung[]\" value=\"Hifu Lifting\" \/><span class=\"wpcf7-list-item-label\">Hifu Lifting<\/span><\/span><span class=\"wpcf7-list-item\"><input type=\"checkbox\" name=\"behandlung[]\" value=\"Aqua Facial\" \/><span class=\"wpcf7-list-item-label\">Aqua Facial<\/span><\/span><span class=\"wpcf7-list-item\"><input type=\"checkbox\" name=\"behandlung[]\" value=\"Hautverj\u00fcngung\" \/><span class=\"wpcf7-list-item-label\">Hautverj\u00fcngung<\/span><\/span><span class=\"wpcf7-list-item\"><input type=\"checkbox\" name=\"behandlung[]\" value=\"Hyaluron Behandlung\" \/><span class=\"wpcf7-list-item-label\">Hyaluron Behandlung<\/span><\/span><span class=\"wpcf7-list-item\"><input type=\"checkbox\" name=\"behandlung[]\" value=\"Ultraschall-Hautreinigung\" \/><span class=\"wpcf7-list-item-label\">Ultraschall-Hautreinigung<\/span><\/span><span class=\"wpcf7-list-item\"><input type=\"checkbox\" name=\"behandlung[]\" value=\"Cellulite Behandlung\" \/><span class=\"wpcf7-list-item-label\">Cellulite Behandlung<\/span><\/span><span class=\"wpcf7-list-item\"><input type=\"checkbox\" name=\"behandlung[]\" value=\"Wimpernverl\u00e4ngerung\" \/><span class=\"wpcf7-list-item-label\">Wimpernverl\u00e4ngerung<\/span><\/span><span class=\"wpcf7-list-item\"><input type=\"checkbox\" name=\"behandlung[]\" value=\"Wimpern Booster: Lash filler\" \/><span class=\"wpcf7-list-item-label\">Wimpern Booster: Lash filler<\/span><\/span><span class=\"wpcf7-list-item\"><input type=\"checkbox\" name=\"behandlung[]\" value=\"Henna-Brow\" \/><span class=\"wpcf7-list-item-label\">Henna-Brow<\/span><\/span><span class=\"wpcf7-list-item\"><input type=\"checkbox\" name=\"behandlung[]\" value=\"Kryolipolyse Fettabbau\" \/><span class=\"wpcf7-list-item-label\">Kryolipolyse Fettabbau<\/span><\/span><span class=\"wpcf7-list-item last\"><input type=\"checkbox\" name=\"behandlung[]\" value=\"Sonstiges\" \/><span class=\"wpcf7-list-item-label\">Sonstiges<\/span><\/span><\/span><\/span>\n<\/p>\n<p class=\"field message\"><span class=\"wpcf7-form-control-wrap\" data-name=\"nachricht\"><textarea cols=\"40\" rows=\"10\" maxlength=\"2000\" class=\"wpcf7-form-control wpcf7-textarea wpcf7-validates-as-required\" aria-required=\"true\" aria-invalid=\"false\" placeholder=\"Deine Nachricht...\" name=\"nachricht\"><\/textarea><\/span>\n<\/p>\n<p class=\"field submit full\"><input class=\"wpcf7-form-control wpcf7-submit has-spinner\" type=\"submit\" value=\"Anfrage absenden\" \/>\n<\/p>\n<p class=\"field submit full\"><span class=\"wpcf7-form-control-wrap\" data-name=\"datenschutz\"><span class=\"wpcf7-form-control wpcf7-acceptance\"><span class=\"wpcf7-list-item\"><label><input type=\"checkbox\" name=\"datenschutz\" value=\"1\" aria-invalid=\"false\" \/><span class=\"wpcf7-list-item-label\">Hiermit willige ich ein, dass meine eingegebenen pers\u00f6nlichen Daten, nur zur Bearbeitung der Anfrage elektronisch gespeichert werden d\u00fcrfen. Ich habe die <a href=\"https:\/\/dominik-s.de\/datenschutz\/\" target=\"_blank\">Datenschutzerkl\u00e4rung<\/a> gelesen und stimme dieser zu.<\/span><\/label><\/span><\/span><\/span>\n<\/p><div class=\"wpcf7-response-output\" aria-hidden=\"true\"><\/div>\n<\/form>\n<\/div>\n[vc_empty_space][\/vc_column_inner][vc_column_inner width=&#8220;1\/6&#8243;][\/vc_column_inner][\/vc_row_inner][\/vc_column][\/vc_row]<\/p>\n","protected":false},"excerpt":{"rendered":"<p>[vc_row][vc_column][vc_empty_space][vc_column_text css=&#8220;.vc_custom_1731927905141{margin-bottom: 23px !important;}&#8220;] Kosmetikstudio HofBeauty Behandlungsr\u00e4ume [\/vc_column_text][vc_column_text] Unsere Behandlungsr\u00e4ume im Kosmetikstudio HofBeauty sind mit den neusten Ger\u00e4ten f\u00fcr innovative Beauty Behandlungen ausgestattet. Lass dich in unseren Behandlungsr\u00e4umen von uns verw\u00f6hnen. Entspanne &amp; genie\u00dfe w\u00e4hrend der Behandlung. Wir bieten dir in unseren Behandlungsr\u00e4umen im Kosmetikstudio eine entspannte Wohlf\u00fchl-Atmosph\u00e4re. Nat\u00fcrlich wir dir auch dein pers\u00f6nliches Pflege- [&hellip;]<\/p>\n","protected":false},"author":1,"featured_media":0,"parent":0,"menu_order":7,"comment_status":"closed","ping_status":"closed","template":"","meta":{"footnotes":""},"class_list":["post-74","page","type-page","status-publish","hentry"],"yoast_head":"<!-- This site is optimized with the Yoast SEO Premium plugin v26.5 (Yoast SEO v26.6) - https:\/\/yoast.com\/wordpress\/plugins\/seo\/ -->\n<title>Behandlungsr\u00e4ume im Kosmetikstudio HofBeauty in Hof<\/title>\n<meta name=\"description\" content=\"Moderne Behandlungsr\u00e4ume im Kosmetikstudio HofBeauty in Hof. Dauerhafte Laser Haarentfernung, Hautverj\u00fcngung, Hyaluron, Hifu Lifting, Wimpernverl\u00e4ngerung...\" \/>\n<meta name=\"robots\" content=\"index, follow, max-snippet:-1, max-image-preview:large, max-video-preview:-1\" \/>\n<link rel=\"canonical\" href=\"https:\/\/dominik-s.de\/hofbeauty\/behandlungsraeume-im-kosmetikstudio-hofbeauty\/\" \/>\n<meta property=\"og:locale\" content=\"de_DE\" \/>\n<meta property=\"og:type\" content=\"article\" \/>\n<meta property=\"og:title\" content=\"Behandlungsr\u00e4ume im Kosmetikstudio HofBeauty\" \/>\n<meta property=\"og:description\" content=\"Moderne Behandlungsr\u00e4ume im Kosmetikstudio HofBeauty in Hof. Dauerhafte Laser Haarentfernung, Hautverj\u00fcngung, Hyaluron, Hifu Lifting, Wimpernverl\u00e4ngerung...\" \/>\n<meta property=\"og:url\" content=\"https:\/\/dominik-s.de\/hofbeauty\/behandlungsraeume-im-kosmetikstudio-hofbeauty\/\" \/>\n<meta property=\"og:site_name\" content=\"HofBeauty\" \/>\n<meta property=\"article:modified_time\" content=\"2024-11-18T11:06:11+00:00\" \/>\n<meta name=\"twitter:card\" content=\"summary_large_image\" \/>\n<meta name=\"twitter:label1\" content=\"Gesch\u00e4tzte Lesezeit\" \/>\n\t<meta name=\"twitter:data1\" content=\"1\u00a0Minute\" \/>\n<script type=\"application\/ld+json\" class=\"yoast-schema-graph\">{\"@context\":\"https:\/\/schema.org\",\"@graph\":[{\"@type\":\"WebPage\",\"@id\":\"https:\/\/dominik-s.de\/hofbeauty\/behandlungsraeume-im-kosmetikstudio-hofbeauty\/\",\"url\":\"https:\/\/dominik-s.de\/hofbeauty\/behandlungsraeume-im-kosmetikstudio-hofbeauty\/\",\"name\":\"Behandlungsr\u00e4ume im Kosmetikstudio HofBeauty in Hof\",\"isPartOf\":{\"@id\":\"https:\/\/dominik-s.de\/hofbeauty\/#website\"},\"datePublished\":\"2016-11-02T12:05:38+00:00\",\"dateModified\":\"2024-11-18T11:06:11+00:00\",\"description\":\"Moderne Behandlungsr\u00e4ume im Kosmetikstudio HofBeauty in Hof. Dauerhafte Laser Haarentfernung, Hautverj\u00fcngung, Hyaluron, Hifu Lifting, Wimpernverl\u00e4ngerung...\",\"breadcrumb\":{\"@id\":\"https:\/\/dominik-s.de\/hofbeauty\/behandlungsraeume-im-kosmetikstudio-hofbeauty\/#breadcrumb\"},\"inLanguage\":\"de\",\"potentialAction\":[{\"@type\":\"ReadAction\",\"target\":[\"https:\/\/dominik-s.de\/hofbeauty\/behandlungsraeume-im-kosmetikstudio-hofbeauty\/\"]}]},{\"@type\":\"BreadcrumbList\",\"@id\":\"https:\/\/dominik-s.de\/hofbeauty\/behandlungsraeume-im-kosmetikstudio-hofbeauty\/#breadcrumb\",\"itemListElement\":[{\"@type\":\"ListItem\",\"position\":1,\"name\":\"Startseite\",\"item\":\"https:\/\/dominik-s.de\/hofbeauty\/\"},{\"@type\":\"ListItem\",\"position\":2,\"name\":\"Behandlungsr\u00e4ume im Kosmetikstudio HofBeauty\"}]},{\"@type\":\"WebSite\",\"@id\":\"https:\/\/dominik-s.de\/hofbeauty\/#website\",\"url\":\"https:\/\/dominik-s.de\/hofbeauty\/\",\"name\":\"HofBeauty\",\"description\":\"DOMINIKS Kosmetikstudio in Hof\",\"publisher\":{\"@id\":\"https:\/\/dominik-s.de\/hofbeauty\/#organization\"},\"potentialAction\":[{\"@type\":\"SearchAction\",\"target\":{\"@type\":\"EntryPoint\",\"urlTemplate\":\"https:\/\/dominik-s.de\/hofbeauty\/?s={search_term_string}\"},\"query-input\":{\"@type\":\"PropertyValueSpecification\",\"valueRequired\":true,\"valueName\":\"search_term_string\"}}],\"inLanguage\":\"de\"},{\"@type\":\"Organization\",\"@id\":\"https:\/\/dominik-s.de\/hofbeauty\/#organization\",\"name\":\"Dominik-s - Fitness, Beauty, Gesundheit in Hof\",\"url\":\"https:\/\/dominik-s.de\/hofbeauty\/\",\"logo\":{\"@type\":\"ImageObject\",\"inLanguage\":\"de\",\"@id\":\"https:\/\/dominik-s.de\/hofbeauty\/#\/schema\/logo\/image\/\",\"url\":\"https:\/\/dominik-s.de\/hofbeauty\/wp-content\/uploads\/sites\/4\/2021\/12\/dominiks_HOFBEAUTY_Logo-web.png\",\"contentUrl\":\"https:\/\/dominik-s.de\/hofbeauty\/wp-content\/uploads\/sites\/4\/2021\/12\/dominiks_HOFBEAUTY_Logo-web.png\",\"width\":230,\"height\":100,\"caption\":\"Dominik-s - Fitness, Beauty, Gesundheit in Hof\"},\"image\":{\"@id\":\"https:\/\/dominik-s.de\/hofbeauty\/#\/schema\/logo\/image\/\"}}]}<\/script>\n<!-- \/ Yoast SEO Premium plugin. -->","yoast_head_json":{"title":"Behandlungsr\u00e4ume im Kosmetikstudio HofBeauty in Hof","description":"Moderne Behandlungsr\u00e4ume im Kosmetikstudio HofBeauty in Hof. Dauerhafte Laser Haarentfernung, Hautverj\u00fcngung, Hyaluron, Hifu Lifting, Wimpernverl\u00e4ngerung...","robots":{"index":"index","follow":"follow","max-snippet":"max-snippet:-1","max-image-preview":"max-image-preview:large","max-video-preview":"max-video-preview:-1"},"canonical":"https:\/\/dominik-s.de\/hofbeauty\/behandlungsraeume-im-kosmetikstudio-hofbeauty\/","og_locale":"de_DE","og_type":"article","og_title":"Behandlungsr\u00e4ume im Kosmetikstudio HofBeauty","og_description":"Moderne Behandlungsr\u00e4ume im Kosmetikstudio HofBeauty in Hof. Dauerhafte Laser Haarentfernung, Hautverj\u00fcngung, Hyaluron, Hifu Lifting, Wimpernverl\u00e4ngerung...","og_url":"https:\/\/dominik-s.de\/hofbeauty\/behandlungsraeume-im-kosmetikstudio-hofbeauty\/","og_site_name":"HofBeauty","article_modified_time":"2024-11-18T11:06:11+00:00","twitter_card":"summary_large_image","twitter_misc":{"Gesch\u00e4tzte Lesezeit":"1\u00a0Minute"},"schema":{"@context":"https:\/\/schema.org","@graph":[{"@type":"WebPage","@id":"https:\/\/dominik-s.de\/hofbeauty\/behandlungsraeume-im-kosmetikstudio-hofbeauty\/","url":"https:\/\/dominik-s.de\/hofbeauty\/behandlungsraeume-im-kosmetikstudio-hofbeauty\/","name":"Behandlungsr\u00e4ume im Kosmetikstudio HofBeauty in Hof","isPartOf":{"@id":"https:\/\/dominik-s.de\/hofbeauty\/#website"},"datePublished":"2016-11-02T12:05:38+00:00","dateModified":"2024-11-18T11:06:11+00:00","description":"Moderne Behandlungsr\u00e4ume im Kosmetikstudio HofBeauty in Hof. Dauerhafte Laser Haarentfernung, Hautverj\u00fcngung, Hyaluron, Hifu Lifting, Wimpernverl\u00e4ngerung...","breadcrumb":{"@id":"https:\/\/dominik-s.de\/hofbeauty\/behandlungsraeume-im-kosmetikstudio-hofbeauty\/#breadcrumb"},"inLanguage":"de","potentialAction":[{"@type":"ReadAction","target":["https:\/\/dominik-s.de\/hofbeauty\/behandlungsraeume-im-kosmetikstudio-hofbeauty\/"]}]},{"@type":"BreadcrumbList","@id":"https:\/\/dominik-s.de\/hofbeauty\/behandlungsraeume-im-kosmetikstudio-hofbeauty\/#breadcrumb","itemListElement":[{"@type":"ListItem","position":1,"name":"Startseite","item":"https:\/\/dominik-s.de\/hofbeauty\/"},{"@type":"ListItem","position":2,"name":"Behandlungsr\u00e4ume im Kosmetikstudio HofBeauty"}]},{"@type":"WebSite","@id":"https:\/\/dominik-s.de\/hofbeauty\/#website","url":"https:\/\/dominik-s.de\/hofbeauty\/","name":"HofBeauty","description":"DOMINIKS Kosmetikstudio in Hof","publisher":{"@id":"https:\/\/dominik-s.de\/hofbeauty\/#organization"},"potentialAction":[{"@type":"SearchAction","target":{"@type":"EntryPoint","urlTemplate":"https:\/\/dominik-s.de\/hofbeauty\/?s={search_term_string}"},"query-input":{"@type":"PropertyValueSpecification","valueRequired":true,"valueName":"search_term_string"}}],"inLanguage":"de"},{"@type":"Organization","@id":"https:\/\/dominik-s.de\/hofbeauty\/#organization","name":"Dominik-s - Fitness, Beauty, Gesundheit in Hof","url":"https:\/\/dominik-s.de\/hofbeauty\/","logo":{"@type":"ImageObject","inLanguage":"de","@id":"https:\/\/dominik-s.de\/hofbeauty\/#\/schema\/logo\/image\/","url":"https:\/\/dominik-s.de\/hofbeauty\/wp-content\/uploads\/sites\/4\/2021\/12\/dominiks_HOFBEAUTY_Logo-web.png","contentUrl":"https:\/\/dominik-s.de\/hofbeauty\/wp-content\/uploads\/sites\/4\/2021\/12\/dominiks_HOFBEAUTY_Logo-web.png","width":230,"height":100,"caption":"Dominik-s - Fitness, Beauty, Gesundheit in Hof"},"image":{"@id":"https:\/\/dominik-s.de\/hofbeauty\/#\/schema\/logo\/image\/"}}]}},"_links":{"self":[{"href":"https:\/\/dominik-s.de\/hofbeauty\/wp-json\/wp\/v2\/pages\/74","targetHints":{"allow":["GET"]}}],"collection":[{"href":"https:\/\/dominik-s.de\/hofbeauty\/wp-json\/wp\/v2\/pages"}],"about":[{"href":"https:\/\/dominik-s.de\/hofbeauty\/wp-json\/wp\/v2\/types\/page"}],"author":[{"embeddable":true,"href":"https:\/\/dominik-s.de\/hofbeauty\/wp-json\/wp\/v2\/users\/1"}],"replies":[{"embeddable":true,"href":"https:\/\/dominik-s.de\/hofbeauty\/wp-json\/wp\/v2\/comments?post=74"}],"version-history":[{"count":65,"href":"https:\/\/dominik-s.de\/hofbeauty\/wp-json\/wp\/v2\/pages\/74\/revisions"}],"predecessor-version":[{"id":5330,"href":"https:\/\/dominik-s.de\/hofbeauty\/wp-json\/wp\/v2\/pages\/74\/revisions\/5330"}],"wp:attachment":[{"href":"https:\/\/dominik-s.de\/hofbeauty\/wp-json\/wp\/v2\/media?parent=74"}],"curies":[{"name":"wp","href":"https:\/\/api.w.org\/{rel}","templated":true}]}}