{"id":127,"date":"2016-11-09T11:09:17","date_gmt":"2016-11-09T10:09:17","guid":{"rendered":"http:\/\/vianovashop.de\/hofspeedbody\/?page_id=127"},"modified":"2021-12-07T08:45:25","modified_gmt":"2021-12-07T07:45:25","slug":"ems-training-zu-hause","status":"publish","type":"page","link":"https:\/\/dominik-s.de\/hofspeedbody\/ems-training-zu-hause\/","title":{"rendered":"EMS-Training zu Hause"},"content":{"rendered":"<p>[vc_row][vc_column] <div class=\"sc85_heading wpb_content_element impact center\"> <h2 class=\"title\">EMS-Training zu Hause<cite class=\"separator\"><\/cite><\/h2> <div class=\"subtitle\">Fit werden durch Personal-Training!<\/div> <\/div> [\/vc_column][\/vc_row][vc_row][vc_column][vc_column_text]Wir trainieren dich\u00a0zu Hause oder in deinem\u00a0B\u00fcro mit einem intensiven \u2013 speziell nach deinen\u00a0Bed\u00fcrfnissen gestalteten \u2013 Fitnessplan. Integriere jetzt Personal-EMS-Training in dein t\u00e4gliches Fitnessprogramm.[\/vc_column_text][\/vc_column][\/vc_row][vc_row][vc_column][vc_single_image image=&#8220;158&#8243; img_size=&#8220;full&#8220; alignment=&#8220;center&#8220;][\/vc_column][\/vc_row][vc_row][vc_column][vc_column_text]Menschen aller Altersgruppen, k\u00f6nnen gelenkschonend trainieren. Wenn du Wert legst auf:<\/p>\n<ul>\n<li>kurze Trainingszeit ohne l\u00e4stige Anfahrt ins Studio,<\/li>\n<li>pers\u00f6nliche diskrete Betreuung,<\/li>\n<li>individuelle Trainingsziele,<\/li>\n<li>gepflegte hygienische Trainingsmittel,<\/li>\n<li>Spa\u00df und schnellen Erfolg beim Trainieren,<\/li>\n<\/ul>\n<p>dann nehme Kontakt mit uns auf \u2013 wir informieren und beraten dich\u00a0gerne![\/vc_column_text][\/vc_column][\/vc_row][vc_row][vc_column]<div class=\"sc85_wrapper\" style=\"text-align:left; color:#ffffff; background-color:#fafafa; border:1px solid #eeeeee; -webkit-border-radius:10px; border-radius:10px; padding-top:20px; padding-bottom:20px; padding-left:10px; padding-right:10px; font-size:1em\"><div class=\"sc85_call_to_action wpb_content_element center_aligned\" style=\"color:#3d3d3d\"><div class=\"head section\"><h1 class=\"title\">Effektiv zum pers\u00f6nlichen Trainingsziel<\/h1><div class=\"subtitle\">Fit in 20 Minuten\/Woche<\/div><\/div><div class=\"foot section\"><div class=\"sc85_button normal inline\"><a href=\"http:\/\/dominik-s.de\/hofspeedbody\/kontakt-ems-studio-hofspeedbody\/\" title=\"Zum EMS Training anmelden\" class=\"button\"><i style=\"margin-right:5px\" class=\"fa fa-arrow-right\"><\/i>EMS-Training ausprobieren<\/a><\/div><\/div><\/div><\/div>[\/vc_column][\/vc_row][vc_row][vc_column][vc_empty_space][\/vc_column][\/vc_row][vc_row][vc_column][vc_single_image image=&#8220;99&#8243; img_size=&#8220;full&#8220; alignment=&#8220;center&#8220; onclick=&#8220;custom_link&#8220; css_animation=&#8220;bottom-to-top&#8220; link=&#8220;https:\/\/dominik-s.de&#8220;] <div class=\"sc85_heading wpb_content_element impact center\"> <h2 class=\"title\">Dominiks f\u00fcr deine Fitness, Wellness &amp; Gesundheit<cite class=\"separator\"><\/cite><\/h2> <div class=\"subtitle\">Dominiks bietet dir regelm\u00e4\u00dfig exklusive Angebote, die dir helfen deine Ergebnisse noch schneller zu erreichen. Besuche unsere Studios:<\/div> <\/div> <div class=\"sc85_partners wpb_content_element w_5cols sc85_animate sc85_bottom-to-top\"><div class=\"wrapper\"><div class=\"entry\" style=\"height:100px;\"><div class=\"logo\" style=\"padding:20px\"><img decoding=\"async\" src=\"https:\/\/dominik-s.de\/hofspeedbody\/wp-content\/uploads\/sites\/6\/2016\/07\/hofsports-158.png\" alt=\"HofSports\" \/><\/div><div class=\"overlay\"><a class=\"wrapper\" href=\"http:\/\/dominik-s.de\/hofsports\/\" title=\"Fitnessstudio HofSports\" target=\"\"><div class=\"name\">HofSports<\/div><div class=\"link\">dominik-s.de\/hofsports\/<\/div><\/a><\/div><\/div><div class=\"entry\" style=\"height:100px;\"><div class=\"logo\" style=\"padding:20px\"><img decoding=\"async\" src=\"https:\/\/dominik-s.de\/hofspeedbody\/wp-content\/uploads\/sites\/6\/2016\/07\/lady-sports-158.png\" alt=\"Lady-Sports\" \/><\/div><div class=\"overlay\"><a class=\"wrapper\" href=\"http:\/\/dominik-s.de\/ladysports\/\" title=\"Fitnessstudio Lady-Sports\" target=\"\"><div class=\"name\">Lady-Sports<\/div><div class=\"link\">dominik-s.de\/ladysports\/<\/div><\/a><\/div><\/div><div class=\"entry\" style=\"height:100px;\"><div class=\"logo\" style=\"padding:20px\"><img decoding=\"async\" src=\"https:\/\/dominik-s.de\/hofspeedbody\/wp-content\/uploads\/sites\/6\/2016\/07\/kryofit-158.png\" alt=\"KryoFit-Studio\" \/><\/div><div class=\"overlay\"><a class=\"wrapper\" href=\"http:\/\/dominik-s.de\/kryofit-studio\/\" title=\"Kryolipolyse-Studio KryoFit\" target=\"\"><div class=\"name\">KryoFit-Studio<\/div><div class=\"link\">dominik-s.de\/kryofit-studio\/<\/div><\/a><\/div><\/div><div class=\"entry\" style=\"height:100px;\"><div class=\"logo\" style=\"padding:20px\"><img decoding=\"async\" src=\"https:\/\/dominik-s.de\/hofspeedbody\/wp-content\/uploads\/sites\/6\/2016\/07\/hofbeauty-158.png\" alt=\"HofBeauty\" \/><\/div><div class=\"overlay\"><a class=\"wrapper\" href=\"http:\/\/dominik-s.de\/hofbeauty\/\" title=\"Kosmetikstudio HofBeauty\" target=\"\"><div class=\"name\">HofBeauty<\/div><div class=\"link\">dominik-s.de\/hofbeauty\/<\/div><\/a><\/div><\/div><div class=\"entry\" style=\"height:100px;\"><div class=\"logo\" style=\"padding:20px\"><img decoding=\"async\" src=\"https:\/\/dominik-s.de\/hofspeedbody\/wp-content\/uploads\/sites\/6\/2016\/07\/hofsun-158.png\" alt=\"HofSun\" \/><\/div><div class=\"overlay\"><a class=\"wrapper\" href=\"http:\/\/dominik-s.de\/hofsun\/\" title=\"Sonnenstudio HofSun\" target=\"\"><div class=\"name\">HofSun<\/div><div class=\"link\">dominik-s.de\/hofsun\/<\/div><\/a><\/div><\/div><div class=\"entry\" style=\"height:100px;\"><div class=\"logo\" style=\"padding:20px\"><img decoding=\"async\" src=\"https:\/\/dominik-s.de\/hofspeedbody\/wp-content\/uploads\/sites\/6\/2016\/07\/sportnahrung-158.jpg\" alt=\"Sportnahrung\" \/><\/div><div class=\"overlay\"><a class=\"wrapper\" href=\"https:\/\/dominik-s.com\" title=\"Sportnahrung by Dominiks\" target=\"_blank\"><div class=\"name\">Sportnahrung<\/div><div class=\"link\">dominik-s.com<\/div><\/a><\/div><\/div><\/div><\/div>[\/vc_column][\/vc_row]<\/p>\n","protected":false},"excerpt":{"rendered":"<p>[vc_row][vc_column][\/vc_column][\/vc_row][vc_row][vc_column][vc_column_text]Wir trainieren dich\u00a0zu Hause oder in deinem\u00a0B\u00fcro mit einem intensiven \u2013 speziell nach deinen\u00a0Bed\u00fcrfnissen gestalteten \u2013 Fitnessplan. Integriere jetzt Personal-EMS-Training in dein t\u00e4gliches Fitnessprogramm.[\/vc_column_text][\/vc_column][\/vc_row][vc_row][vc_column][vc_single_image image=&#8220;158&#8243; img_size=&#8220;full&#8220; alignment=&#8220;center&#8220;][\/vc_column][\/vc_row][vc_row][vc_column][vc_column_text]Menschen aller Altersgruppen, k\u00f6nnen gelenkschonend trainieren. Wenn du Wert legst auf: kurze Trainingszeit ohne l\u00e4stige Anfahrt ins Studio, pers\u00f6nliche diskrete Betreuung, individuelle Trainingsziele, gepflegte hygienische Trainingsmittel, Spa\u00df und schnellen [&hellip;]<\/p>\n","protected":false},"author":1,"featured_media":0,"parent":0,"menu_order":16,"comment_status":"closed","ping_status":"closed","template":"","meta":{"footnotes":""},"class_list":["post-127","page","type-page","status-publish","hentry"],"yoast_head":"<!-- This site is optimized with the Yoast SEO Premium plugin v26.5 (Yoast SEO v26.6) - https:\/\/yoast.com\/wordpress\/plugins\/seo\/ -->\n<title>EMS-Training zu Hause | DOMINIKS HofSpeedBody in Hof<\/title>\n<meta name=\"description\" content=\"Wir trainieren dich zu Hause oder in deinem B\u00fcro mit einem intensiven \u2013 speziell nach deinen Bed\u00fcrfnissen gestalteten \u2013 Fitnessplan.\" \/>\n<meta name=\"robots\" content=\"index, follow, max-snippet:-1, max-image-preview:large, max-video-preview:-1\" \/>\n<link rel=\"canonical\" href=\"https:\/\/dominik-s.de\/hofspeedbody\/ems-training-zu-hause\/\" \/>\n<meta property=\"og:locale\" content=\"de_DE\" \/>\n<meta property=\"og:type\" content=\"article\" \/>\n<meta property=\"og:title\" content=\"EMS-Training zu Hause\" \/>\n<meta property=\"og:description\" content=\"Wir trainieren dich zu Hause oder in deinem B\u00fcro mit einem intensiven \u2013 speziell nach deinen Bed\u00fcrfnissen gestalteten \u2013 Fitnessplan.\" \/>\n<meta property=\"og:url\" content=\"https:\/\/dominik-s.de\/hofspeedbody\/ems-training-zu-hause\/\" \/>\n<meta property=\"og:site_name\" content=\"EMS Training in Hof\" \/>\n<meta property=\"article:modified_time\" content=\"2021-12-07T07:45:25+00:00\" \/>\n<meta name=\"twitter:card\" content=\"summary_large_image\" \/>\n<meta name=\"twitter:label1\" content=\"Gesch\u00e4tzte Lesezeit\" \/>\n\t<meta name=\"twitter:data1\" content=\"2\u00a0Minuten\" \/>\n<script type=\"application\/ld+json\" class=\"yoast-schema-graph\">{\"@context\":\"https:\/\/schema.org\",\"@graph\":[{\"@type\":\"WebPage\",\"@id\":\"https:\/\/dominik-s.de\/hofspeedbody\/ems-training-zu-hause\/\",\"url\":\"https:\/\/dominik-s.de\/hofspeedbody\/ems-training-zu-hause\/\",\"name\":\"EMS-Training zu Hause | DOMINIKS HofSpeedBody in Hof\",\"isPartOf\":{\"@id\":\"https:\/\/dominik-s.de\/hofspeedbody\/#website\"},\"datePublished\":\"2016-11-09T10:09:17+00:00\",\"dateModified\":\"2021-12-07T07:45:25+00:00\",\"description\":\"Wir trainieren dich zu Hause oder in deinem B\u00fcro mit einem intensiven \u2013 speziell nach deinen Bed\u00fcrfnissen gestalteten \u2013 Fitnessplan.\",\"breadcrumb\":{\"@id\":\"https:\/\/dominik-s.de\/hofspeedbody\/ems-training-zu-hause\/#breadcrumb\"},\"inLanguage\":\"de\",\"potentialAction\":[{\"@type\":\"ReadAction\",\"target\":[\"https:\/\/dominik-s.de\/hofspeedbody\/ems-training-zu-hause\/\"]}]},{\"@type\":\"BreadcrumbList\",\"@id\":\"https:\/\/dominik-s.de\/hofspeedbody\/ems-training-zu-hause\/#breadcrumb\",\"itemListElement\":[{\"@type\":\"ListItem\",\"position\":1,\"name\":\"Startseite\",\"item\":\"https:\/\/dominik-s.de\/hofspeedbody\/\"},{\"@type\":\"ListItem\",\"position\":2,\"name\":\"EMS-Training zu Hause\"}]},{\"@type\":\"WebSite\",\"@id\":\"https:\/\/dominik-s.de\/hofspeedbody\/#website\",\"url\":\"https:\/\/dominik-s.de\/hofspeedbody\/\",\"name\":\"EMS Training in Hof\",\"description\":\"DOMINIKS HofSpeedBody\",\"potentialAction\":[{\"@type\":\"SearchAction\",\"target\":{\"@type\":\"EntryPoint\",\"urlTemplate\":\"https:\/\/dominik-s.de\/hofspeedbody\/?s={search_term_string}\"},\"query-input\":{\"@type\":\"PropertyValueSpecification\",\"valueRequired\":true,\"valueName\":\"search_term_string\"}}],\"inLanguage\":\"de\"}]}<\/script>\n<!-- \/ Yoast SEO Premium plugin. -->","yoast_head_json":{"title":"EMS-Training zu Hause | DOMINIKS HofSpeedBody in Hof","description":"Wir trainieren dich zu Hause oder in deinem B\u00fcro mit einem intensiven \u2013 speziell nach deinen Bed\u00fcrfnissen gestalteten \u2013 Fitnessplan.","robots":{"index":"index","follow":"follow","max-snippet":"max-snippet:-1","max-image-preview":"max-image-preview:large","max-video-preview":"max-video-preview:-1"},"canonical":"https:\/\/dominik-s.de\/hofspeedbody\/ems-training-zu-hause\/","og_locale":"de_DE","og_type":"article","og_title":"EMS-Training zu Hause","og_description":"Wir trainieren dich zu Hause oder in deinem B\u00fcro mit einem intensiven \u2013 speziell nach deinen Bed\u00fcrfnissen gestalteten \u2013 Fitnessplan.","og_url":"https:\/\/dominik-s.de\/hofspeedbody\/ems-training-zu-hause\/","og_site_name":"EMS Training in Hof","article_modified_time":"2021-12-07T07:45:25+00:00","twitter_card":"summary_large_image","twitter_misc":{"Gesch\u00e4tzte Lesezeit":"2\u00a0Minuten"},"schema":{"@context":"https:\/\/schema.org","@graph":[{"@type":"WebPage","@id":"https:\/\/dominik-s.de\/hofspeedbody\/ems-training-zu-hause\/","url":"https:\/\/dominik-s.de\/hofspeedbody\/ems-training-zu-hause\/","name":"EMS-Training zu Hause | DOMINIKS HofSpeedBody in Hof","isPartOf":{"@id":"https:\/\/dominik-s.de\/hofspeedbody\/#website"},"datePublished":"2016-11-09T10:09:17+00:00","dateModified":"2021-12-07T07:45:25+00:00","description":"Wir trainieren dich zu Hause oder in deinem B\u00fcro mit einem intensiven \u2013 speziell nach deinen Bed\u00fcrfnissen gestalteten \u2013 Fitnessplan.","breadcrumb":{"@id":"https:\/\/dominik-s.de\/hofspeedbody\/ems-training-zu-hause\/#breadcrumb"},"inLanguage":"de","potentialAction":[{"@type":"ReadAction","target":["https:\/\/dominik-s.de\/hofspeedbody\/ems-training-zu-hause\/"]}]},{"@type":"BreadcrumbList","@id":"https:\/\/dominik-s.de\/hofspeedbody\/ems-training-zu-hause\/#breadcrumb","itemListElement":[{"@type":"ListItem","position":1,"name":"Startseite","item":"https:\/\/dominik-s.de\/hofspeedbody\/"},{"@type":"ListItem","position":2,"name":"EMS-Training zu Hause"}]},{"@type":"WebSite","@id":"https:\/\/dominik-s.de\/hofspeedbody\/#website","url":"https:\/\/dominik-s.de\/hofspeedbody\/","name":"EMS Training in Hof","description":"DOMINIKS HofSpeedBody","potentialAction":[{"@type":"SearchAction","target":{"@type":"EntryPoint","urlTemplate":"https:\/\/dominik-s.de\/hofspeedbody\/?s={search_term_string}"},"query-input":{"@type":"PropertyValueSpecification","valueRequired":true,"valueName":"search_term_string"}}],"inLanguage":"de"}]}},"_links":{"self":[{"href":"https:\/\/dominik-s.de\/hofspeedbody\/wp-json\/wp\/v2\/pages\/127","targetHints":{"allow":["GET"]}}],"collection":[{"href":"https:\/\/dominik-s.de\/hofspeedbody\/wp-json\/wp\/v2\/pages"}],"about":[{"href":"https:\/\/dominik-s.de\/hofspeedbody\/wp-json\/wp\/v2\/types\/page"}],"author":[{"embeddable":true,"href":"https:\/\/dominik-s.de\/hofspeedbody\/wp-json\/wp\/v2\/users\/1"}],"replies":[{"embeddable":true,"href":"https:\/\/dominik-s.de\/hofspeedbody\/wp-json\/wp\/v2\/comments?post=127"}],"version-history":[{"count":4,"href":"https:\/\/dominik-s.de\/hofspeedbody\/wp-json\/wp\/v2\/pages\/127\/revisions"}],"predecessor-version":[{"id":416,"href":"https:\/\/dominik-s.de\/hofspeedbody\/wp-json\/wp\/v2\/pages\/127\/revisions\/416"}],"wp:attachment":[{"href":"https:\/\/dominik-s.de\/hofspeedbody\/wp-json\/wp\/v2\/media?parent=127"}],"curies":[{"name":"wp","href":"https:\/\/api.w.org\/{rel}","templated":true}]}}