{"id":432,"date":"2021-12-07T10:35:13","date_gmt":"2021-12-07T09:35:13","guid":{"rendered":"https:\/\/dominik-s.de\/hofspeedbody\/?post_type=product&#038;p=432"},"modified":"2021-12-07T10:36:06","modified_gmt":"2021-12-07T09:36:06","slug":"ems-125euro-gutschein","status":"publish","type":"product","link":"https:\/\/dominik-s.de\/hofspeedbody\/produkt\/ems-125euro-gutschein\/","title":{"rendered":"EMS 125 \u20ac Gutschein"},"content":{"rendered":"<p><strong>Gutschein \u00fcber 125\u20ac f\u00fcr das effektive EMS Training im Fitnessstudio HofSports.<\/strong><br \/>\nDie neue Trainingsform im Fitnessstudio setzt Ma\u00dfst\u00e4be bei Methodik, Belastung und Effizienz.<\/p>\n<p><strong>Wie funktioniert EMS?<br \/>\n<\/strong>Muskeln ben\u00f6tigen Reize, um aktiviert zu werden. Im Alltag werden diese \u00fcber das zentrale Nervensystem ausgel\u00f6st und \u00fcber das R\u00fcckenmark und Nervenfasern an die entsprechenden Muskeln weitergeleitet. Bereits diese k\u00f6rpereigenen Reize sind im physikalischen Sinne elektrischer Natur.<\/p>\n<p>EMS ist letztlich nichts anderes, als eine gezielte Verst\u00e4rkung dieser k\u00f6rpereigenen elektrischen Reize durch Impulse von au\u00dfen.<\/p>\n<p>Die besten Resultate werden erzielt, wenn man aktive \u00dcbungen und elektrische Reize kombiniert: Auf jede \u00dcbung, die zur Kontraktion der Muskulatur f\u00fchrt, wird zus\u00e4tzlich ein entsprechender elektrischer Impuls von au\u00dfen gesetzt. Der Muskel erf\u00e4hrt so eine zus\u00e4tzliche Spannungserh\u00f6hung, eine optimierte Frequentierung und Rekrutierung seiner Fasern \u2013 und damit eine noch effektivere Reizsetzung.<\/p>\n<p>Informiere dich ausf\u00fchrlich \u00fcber das\u00a0<a href=\"\/hofspeedbody\/\">EMS-Training im Fitnessstudio HofSports<\/a>.<\/p>\n","protected":false},"excerpt":{"rendered":"<p>Effektiv und schnell\u00a0zum pers\u00f6nlichen Trainingsziel\u00a0durch eine gezielte Verst\u00e4rkung der\u00a0k\u00f6rpereigenen elektrischen Reize durch Impulse von au\u00dfen.<\/p>\n","protected":false},"featured_media":428,"comment_status":"open","ping_status":"closed","template":"","meta":[],"product_brand":[],"product_cat":[36],"product_tag":[],"class_list":{"0":"post-432","1":"product","2":"type-product","3":"status-publish","4":"has-post-thumbnail","6":"product_cat-hofspeedbody","8":"first","9":"instock","10":"virtual","11":"taxable","12":"purchasable","13":"product-type-simple"},"yoast_head":"<!-- This site is optimized with the Yoast SEO Premium plugin v26.5 (Yoast SEO v26.6) - https:\/\/yoast.com\/wordpress\/plugins\/seo\/ -->\n<title>EMS 125\u20ac Gutschein | DOMINIKS HofSpeedBody in Hof<\/title>\n<meta name=\"robots\" content=\"index, follow, max-snippet:-1, max-image-preview:large, max-video-preview:-1\" \/>\n<link rel=\"canonical\" href=\"https:\/\/dominik-s.de\/hofspeedbody\/produkt\/ems-125euro-gutschein\/\" \/>\n<meta property=\"og:locale\" content=\"de_DE\" \/>\n<meta property=\"og:type\" content=\"article\" \/>\n<meta property=\"og:title\" content=\"EMS 125 \u20ac Gutschein\" \/>\n<meta property=\"og:description\" content=\"Effektiv und schnell\u00a0zum pers\u00f6nlichen Trainingsziel\u00a0durch eine gezielte Verst\u00e4rkung der\u00a0k\u00f6rpereigenen elektrischen Reize durch Impulse von au\u00dfen.\" \/>\n<meta property=\"og:url\" content=\"https:\/\/dominik-s.de\/hofspeedbody\/produkt\/ems-125euro-gutschein\/\" \/>\n<meta property=\"og:site_name\" content=\"EMS Training in Hof\" \/>\n<meta property=\"article:modified_time\" content=\"2021-12-07T09:36:06+00:00\" \/>\n<meta property=\"og:image\" content=\"https:\/\/dominik-s.de\/hofspeedbody\/wp-content\/uploads\/sites\/6\/2019\/07\/EMS-125Euro-Gutschein.jpg\" \/>\n\t<meta property=\"og:image:width\" content=\"1200\" \/>\n\t<meta property=\"og:image:height\" content=\"1411\" \/>\n\t<meta property=\"og:image:type\" content=\"image\/jpeg\" \/>\n<meta name=\"twitter:card\" content=\"summary_large_image\" \/>\n<meta name=\"twitter:label1\" content=\"Gesch\u00e4tzte Lesezeit\" \/>\n\t<meta name=\"twitter:data1\" content=\"1\u00a0Minute\" \/>\n<script type=\"application\/ld+json\" class=\"yoast-schema-graph\">{\"@context\":\"https:\/\/schema.org\",\"@graph\":[{\"@type\":\"WebPage\",\"@id\":\"https:\/\/dominik-s.de\/hofspeedbody\/produkt\/ems-125euro-gutschein\/\",\"url\":\"https:\/\/dominik-s.de\/hofspeedbody\/produkt\/ems-125euro-gutschein\/\",\"name\":\"EMS 125\u20ac Gutschein | DOMINIKS HofSpeedBody in Hof\",\"isPartOf\":{\"@id\":\"https:\/\/dominik-s.de\/hofspeedbody\/#website\"},\"primaryImageOfPage\":{\"@id\":\"https:\/\/dominik-s.de\/hofspeedbody\/produkt\/ems-125euro-gutschein\/#primaryimage\"},\"image\":{\"@id\":\"https:\/\/dominik-s.de\/hofspeedbody\/produkt\/ems-125euro-gutschein\/#primaryimage\"},\"thumbnailUrl\":\"https:\/\/dominik-s.de\/hofspeedbody\/wp-content\/uploads\/sites\/6\/2019\/07\/EMS-125Euro-Gutschein.jpg\",\"datePublished\":\"2021-12-07T09:35:13+00:00\",\"dateModified\":\"2021-12-07T09:36:06+00:00\",\"breadcrumb\":{\"@id\":\"https:\/\/dominik-s.de\/hofspeedbody\/produkt\/ems-125euro-gutschein\/#breadcrumb\"},\"inLanguage\":\"de\",\"potentialAction\":[{\"@type\":\"ReadAction\",\"target\":[\"https:\/\/dominik-s.de\/hofspeedbody\/produkt\/ems-125euro-gutschein\/\"]}]},{\"@type\":\"ImageObject\",\"inLanguage\":\"de\",\"@id\":\"https:\/\/dominik-s.de\/hofspeedbody\/produkt\/ems-125euro-gutschein\/#primaryimage\",\"url\":\"https:\/\/dominik-s.de\/hofspeedbody\/wp-content\/uploads\/sites\/6\/2019\/07\/EMS-125Euro-Gutschein.jpg\",\"contentUrl\":\"https:\/\/dominik-s.de\/hofspeedbody\/wp-content\/uploads\/sites\/6\/2019\/07\/EMS-125Euro-Gutschein.jpg\",\"width\":1200,\"height\":1411,\"caption\":\"HofSports - 125 Euro Gutschein f\u00fcr EMS Training - HofSpeedBody\"},{\"@type\":\"BreadcrumbList\",\"@id\":\"https:\/\/dominik-s.de\/hofspeedbody\/produkt\/ems-125euro-gutschein\/#breadcrumb\",\"itemListElement\":[{\"@type\":\"ListItem\",\"position\":1,\"name\":\"Startseite\",\"item\":\"https:\/\/dominik-s.de\/hofspeedbody\/\"},{\"@type\":\"ListItem\",\"position\":2,\"name\":\"Shop\",\"item\":\"https:\/\/dominik-s.de\/hofspeedbody\/shop\/\"},{\"@type\":\"ListItem\",\"position\":3,\"name\":\"EMS 125 \u20ac Gutschein\"}]},{\"@type\":\"WebSite\",\"@id\":\"https:\/\/dominik-s.de\/hofspeedbody\/#website\",\"url\":\"https:\/\/dominik-s.de\/hofspeedbody\/\",\"name\":\"EMS Training in Hof\",\"description\":\"DOMINIKS HofSpeedBody\",\"potentialAction\":[{\"@type\":\"SearchAction\",\"target\":{\"@type\":\"EntryPoint\",\"urlTemplate\":\"https:\/\/dominik-s.de\/hofspeedbody\/?s={search_term_string}\"},\"query-input\":{\"@type\":\"PropertyValueSpecification\",\"valueRequired\":true,\"valueName\":\"search_term_string\"}}],\"inLanguage\":\"de\"}]}<\/script>\n<!-- \/ Yoast SEO Premium plugin. -->","yoast_head_json":{"title":"EMS 125\u20ac Gutschein | DOMINIKS HofSpeedBody in Hof","robots":{"index":"index","follow":"follow","max-snippet":"max-snippet:-1","max-image-preview":"max-image-preview:large","max-video-preview":"max-video-preview:-1"},"canonical":"https:\/\/dominik-s.de\/hofspeedbody\/produkt\/ems-125euro-gutschein\/","og_locale":"de_DE","og_type":"article","og_title":"EMS 125 \u20ac Gutschein","og_description":"Effektiv und schnell\u00a0zum pers\u00f6nlichen Trainingsziel\u00a0durch eine gezielte Verst\u00e4rkung der\u00a0k\u00f6rpereigenen elektrischen Reize durch Impulse von au\u00dfen.","og_url":"https:\/\/dominik-s.de\/hofspeedbody\/produkt\/ems-125euro-gutschein\/","og_site_name":"EMS Training in Hof","article_modified_time":"2021-12-07T09:36:06+00:00","og_image":[{"width":1200,"height":1411,"url":"https:\/\/dominik-s.de\/hofspeedbody\/wp-content\/uploads\/sites\/6\/2019\/07\/EMS-125Euro-Gutschein.jpg","type":"image\/jpeg"}],"twitter_card":"summary_large_image","twitter_misc":{"Gesch\u00e4tzte Lesezeit":"1\u00a0Minute"},"schema":{"@context":"https:\/\/schema.org","@graph":[{"@type":"WebPage","@id":"https:\/\/dominik-s.de\/hofspeedbody\/produkt\/ems-125euro-gutschein\/","url":"https:\/\/dominik-s.de\/hofspeedbody\/produkt\/ems-125euro-gutschein\/","name":"EMS 125\u20ac Gutschein | DOMINIKS HofSpeedBody in Hof","isPartOf":{"@id":"https:\/\/dominik-s.de\/hofspeedbody\/#website"},"primaryImageOfPage":{"@id":"https:\/\/dominik-s.de\/hofspeedbody\/produkt\/ems-125euro-gutschein\/#primaryimage"},"image":{"@id":"https:\/\/dominik-s.de\/hofspeedbody\/produkt\/ems-125euro-gutschein\/#primaryimage"},"thumbnailUrl":"https:\/\/dominik-s.de\/hofspeedbody\/wp-content\/uploads\/sites\/6\/2019\/07\/EMS-125Euro-Gutschein.jpg","datePublished":"2021-12-07T09:35:13+00:00","dateModified":"2021-12-07T09:36:06+00:00","breadcrumb":{"@id":"https:\/\/dominik-s.de\/hofspeedbody\/produkt\/ems-125euro-gutschein\/#breadcrumb"},"inLanguage":"de","potentialAction":[{"@type":"ReadAction","target":["https:\/\/dominik-s.de\/hofspeedbody\/produkt\/ems-125euro-gutschein\/"]}]},{"@type":"ImageObject","inLanguage":"de","@id":"https:\/\/dominik-s.de\/hofspeedbody\/produkt\/ems-125euro-gutschein\/#primaryimage","url":"https:\/\/dominik-s.de\/hofspeedbody\/wp-content\/uploads\/sites\/6\/2019\/07\/EMS-125Euro-Gutschein.jpg","contentUrl":"https:\/\/dominik-s.de\/hofspeedbody\/wp-content\/uploads\/sites\/6\/2019\/07\/EMS-125Euro-Gutschein.jpg","width":1200,"height":1411,"caption":"HofSports - 125 Euro Gutschein f\u00fcr EMS Training - HofSpeedBody"},{"@type":"BreadcrumbList","@id":"https:\/\/dominik-s.de\/hofspeedbody\/produkt\/ems-125euro-gutschein\/#breadcrumb","itemListElement":[{"@type":"ListItem","position":1,"name":"Startseite","item":"https:\/\/dominik-s.de\/hofspeedbody\/"},{"@type":"ListItem","position":2,"name":"Shop","item":"https:\/\/dominik-s.de\/hofspeedbody\/shop\/"},{"@type":"ListItem","position":3,"name":"EMS 125 \u20ac Gutschein"}]},{"@type":"WebSite","@id":"https:\/\/dominik-s.de\/hofspeedbody\/#website","url":"https:\/\/dominik-s.de\/hofspeedbody\/","name":"EMS Training in Hof","description":"DOMINIKS HofSpeedBody","potentialAction":[{"@type":"SearchAction","target":{"@type":"EntryPoint","urlTemplate":"https:\/\/dominik-s.de\/hofspeedbody\/?s={search_term_string}"},"query-input":{"@type":"PropertyValueSpecification","valueRequired":true,"valueName":"search_term_string"}}],"inLanguage":"de"}]}},"_links":{"self":[{"href":"https:\/\/dominik-s.de\/hofspeedbody\/wp-json\/wp\/v2\/product\/432","targetHints":{"allow":["GET"]}}],"collection":[{"href":"https:\/\/dominik-s.de\/hofspeedbody\/wp-json\/wp\/v2\/product"}],"about":[{"href":"https:\/\/dominik-s.de\/hofspeedbody\/wp-json\/wp\/v2\/types\/product"}],"replies":[{"embeddable":true,"href":"https:\/\/dominik-s.de\/hofspeedbody\/wp-json\/wp\/v2\/comments?post=432"}],"wp:featuredmedia":[{"embeddable":true,"href":"https:\/\/dominik-s.de\/hofspeedbody\/wp-json\/wp\/v2\/media\/428"}],"wp:attachment":[{"href":"https:\/\/dominik-s.de\/hofspeedbody\/wp-json\/wp\/v2\/media?parent=432"}],"wp:term":[{"taxonomy":"product_brand","embeddable":true,"href":"https:\/\/dominik-s.de\/hofspeedbody\/wp-json\/wp\/v2\/product_brand?post=432"},{"taxonomy":"product_cat","embeddable":true,"href":"https:\/\/dominik-s.de\/hofspeedbody\/wp-json\/wp\/v2\/product_cat?post=432"},{"taxonomy":"product_tag","embeddable":true,"href":"https:\/\/dominik-s.de\/hofspeedbody\/wp-json\/wp\/v2\/product_tag?post=432"}],"curies":[{"name":"wp","href":"https:\/\/api.w.org\/{rel}","templated":true}]}}