{"id":2,"date":"2016-07-25T10:04:18","date_gmt":"2016-07-25T08:04:18","guid":{"rendered":"http:\/\/vianovashop.de\/hofsports\/?page_id=2"},"modified":"2025-01-23T10:06:24","modified_gmt":"2025-01-23T09:06:24","slug":"hofsports-startseite","status":"publish","type":"page","link":"https:\/\/dominik-s.de\/hofsports\/","title":{"rendered":"HofSports Startseite"},"content":{"rendered":"<p>[vc_row full_width=&#8220;stretch_row&#8220;][vc_column][vc_column_text]<\/p>\n<h1 style=\"text-align: center; font-size: 30pt; color: #ffffff; font-weight: 600;\">Dein Studio in Hof<\/h1>\n<p style=\"font-size: 12.9pt; text-align: center;\">St\u00e4rke deinen K\u00f6rper, f\u00fcr deine Gesundheit!<\/p>\n<p>[\/vc_column_text][vc_row_inner][vc_column_inner width=&#8220;1\/3&#8243; css=&#8220;.vc_custom_1706612707408{padding-top: 16px !important;padding-right: 16px !important;padding-bottom: 16px !important;padding-left: 16px !important;}&#8220;][mvc_ihe border_width=&#8220;0&#8243; hover_effect=&#8220;square effect7&#8243; image_id=&#8220;5664&#8243; caption_url=&#8220;url:https%3A%2F%2Fdominik-s.de%2Fhofsports%2Fgratis-kurs-sichern%2F|title:Fitnessstudio%20HofSports%20Fitnesskurse||&#8220; caption_bg=&#8220;#0080d6&#8243;]<\/p>\n<h2 style=\"text-align: center; color: #000000;\">HOFSPORTS<br \/>\nFitnesskurse<\/h2>\n<p>[\/mvc_ihe][\/vc_column_inner][vc_column_inner width=&#8220;1\/3&#8243; css=&#8220;.vc_custom_1706612714237{padding-top: 16px !important;padding-right: 16px !important;padding-bottom: 16px !important;padding-left: 16px !important;}&#8220;][mvc_ihe border_width=&#8220;0&#8243; hover_effect=&#8220;square effect7&#8243; image_id=&#8220;5665&#8243; caption_url=&#8220;url:https%3A%2F%2Fdominik-s.de%2Fhofsports%2Ftrainingsziele%2F|title:Fitnessstudio%20HofSports%20egym%20Ger%C3%A4tetraining||&#8220; caption_bg=&#8220;#0080d6&#8243;]<\/p>\n<h2 style=\"text-align: center; color: #000000;\">HOFSPORTS<br \/>\negym Ger\u00e4tetraining<\/h2>\n<p>[\/mvc_ihe][\/vc_column_inner][vc_column_inner width=&#8220;1\/3&#8243; css=&#8220;.vc_custom_1706612720407{padding-top: 16px !important;padding-right: 16px !important;padding-bottom: 16px !important;padding-left: 16px !important;}&#8220;][mvc_ihe border_width=&#8220;0&#8243; hover_effect=&#8220;square effect7&#8243; image_id=&#8220;5666&#8243; caption_url=&#8220;url:https%3A%2F%2Fdominik-s.de%2Fhofsports%2Ftrainingsziele%2F%23flexx|title:Fitnessstudio%20HofSports%20Muskell%C3%A4ngentraining||&#8220; caption_bg=&#8220;#0080d6&#8243;]<\/p>\n<h2 style=\"text-align: center; color: #000000;\">HOFSPORTS<br \/>\nFlexibilit\u00e4tstraining<\/h2>\n<p>[\/mvc_ihe][\/vc_column_inner][\/vc_row_inner][vc_row_inner][vc_column_inner width=&#8220;1\/3&#8243; css=&#8220;.vc_custom_1706612726462{padding-top: 16px !important;padding-right: 16px !important;padding-bottom: 16px !important;padding-left: 16px !important;}&#8220;][mvc_ihe border_width=&#8220;0&#8243; hover_effect=&#8220;square effect7&#8243; image_id=&#8220;5669&#8243; caption_url=&#8220;url:https%3A%2F%2Fdominik-s.de%2Fladysports%2F|title:Fitnessstudio%20Lady-Sports%20Frauenfitness||&#8220; caption_bg=&#8220;#ff008c&#8220;]<\/p>\n<h2 style=\"text-align: center; color: #000000;\">LADY-SPORTS<br \/>\nFrauenfitness<\/h2>\n<p>[\/mvc_ihe][\/vc_column_inner][vc_column_inner width=&#8220;1\/3&#8243; css=&#8220;.vc_custom_1706612732912{padding-top: 16px !important;padding-right: 16px !important;padding-bottom: 16px !important;padding-left: 16px !important;}&#8220;][mvc_ihe border_width=&#8220;0&#8243; hover_effect=&#8220;square effect7&#8243; image_id=&#8220;5667&#8243; caption_url=&#8220;url:https%3A%2F%2Fdominik-s.de%2Fhofsports%2Fpraeventionskurse|title:Fitnessstudio%20HofSports%20Pr%C3%A4ventionskurse||&#8220; caption_bg=&#8220;#0080d6&#8243;]<\/p>\n<h2 style=\"text-align: center; color: #000000;\">HOFSPORTS<br \/>\nPr\u00e4ventionskurse<\/h2>\n<p>[\/mvc_ihe][\/vc_column_inner][vc_column_inner width=&#8220;1\/3&#8243; css=&#8220;.vc_custom_1706612739917{padding-top: 16px !important;padding-right: 16px !important;padding-bottom: 16px !important;padding-left: 16px !important;}&#8220;][mvc_ihe border_width=&#8220;0&#8243; hover_effect=&#8220;square effect7&#8243; image_id=&#8220;5668&#8243; caption_url=&#8220;url:https%3A%2F%2Fdominik-s.de%2Fhofsports%2Freha-sport|title:Fitnessstudio%20HofSports%20Reha%20Sport||&#8220; caption_bg=&#8220;#0080d6&#8243;]<\/p>\n<h2 style=\"text-align: center; color: #000000;\">HOFSPORTS<br \/>\nReha Sport<\/h2>\n<p>[\/mvc_ihe][\/vc_column_inner][\/vc_row_inner][vc_row_inner][vc_column_inner width=&#8220;1\/3&#8243; css=&#8220;.vc_custom_1706612746245{padding-top: 16px !important;padding-right: 16px !important;padding-bottom: 16px !important;padding-left: 16px !important;}&#8220;][mvc_ihe border_width=&#8220;0&#8243; hover_effect=&#8220;square effect7&#8243; image_id=&#8220;5675&#8243; caption_url=&#8220;url:https%3A%2F%2Fdominik-s.de%2Fhofsports%2Ffirmenfitness%2F|title:Fitnessstudio%20HofSports%20Firmenfitness||&#8220; caption_bg=&#8220;#0080d6&#8243;]<\/p>\n<h2 style=\"text-align: center; color: #000000;\">HOFSPORTS<br \/>\nFirmenfitness<\/h2>\n<p>[\/mvc_ihe][\/vc_column_inner][vc_column_inner width=&#8220;1\/3&#8243; css=&#8220;.vc_custom_1706612752749{padding-top: 16px !important;padding-right: 16px !important;padding-bottom: 16px !important;padding-left: 16px !important;}&#8220;][mvc_ihe border_width=&#8220;0&#8243; hover_effect=&#8220;square effect7&#8243; image_id=&#8220;5670&#8243; caption_url=&#8220;url:https%3A%2F%2Fdominik-s.de%2Fhofsports%2Fprobetraining-hofsports%2F|title:Fitnessstudio%20HofSports%20kostenloses%20Probetraining||&#8220; caption_bg=&#8220;#0080d6&#8243;]<\/p>\n<h2 style=\"text-align: center; color: #000000;\">HOFSPORTS<br \/>\ngratis Probetraining<\/h2>\n<p>[\/mvc_ihe][\/vc_column_inner][vc_column_inner width=&#8220;1\/3&#8243; css=&#8220;.vc_custom_1706612759085{padding-top: 16px !important;padding-right: 16px !important;padding-bottom: 16px !important;padding-left: 16px !important;}&#8220;][mvc_ihe border_width=&#8220;0&#8243; hover_effect=&#8220;square effect7&#8243; image_id=&#8220;5672&#8243; caption_url=&#8220;url:https%3A%2F%2Fdominik-s.de%2Ffitnessprodukte%2Fhofsports%2F|title:Fitnessstudio%20HofSports%20Shop||&#8220; caption_bg=&#8220;#0080d6&#8243;]<\/p>\n<h2 style=\"text-align: center; color: #000000;\">HOFSPORTS<br \/>\nShop<\/h2>\n<p>[\/mvc_ihe][\/vc_column_inner][\/vc_row_inner][vc_empty_space][\/vc_column][\/vc_row][vc_row][vc_column][vc_empty_space][\/vc_column][\/vc_row][vc_row full_width=&#8220;stretch_row&#8220; css=&#8220;.vc_custom_1706612965455{background-color: #232323 !important;}&#8220;][vc_column][vc_empty_space][vc_column_text]<\/p>\n<div class=\"sc85_heading wpb_content_element impact center\">\n<div class=\"subtitle\">\n<h1 class=\"title\" style=\"font-size: 24pt; text-align: center;\"><strong>SPEZIALIST F\u00dcR DEINE FITNESS &amp; GESUNDHEIT<\/strong><\/h1>\n<p style=\"text-align: center; font-size: 12,5pt;\"><strong>Wir freuen uns, Dich im HofSports \u2013 deinem Fitnessstudio in Hof \u2013 begr\u00fc\u00dfen zu d\u00fcrfen.<\/strong><br \/>\nIn unserem modernen Fitnessstudio HofSports haben wir den neusten eGYM Ger\u00e4tezirkel und die dazu passenden fle-xx Ger\u00e4te zum Muskell\u00e4ngentraining. Wir bieten dir ein personalisiertes Training f\u00fcr maximale Trainingserfolge. W\u00e4hle einfach dein individuelles Trainingsprogramm aus. Unsere qualifizierten Trainer helfen dir gerne dabei.<\/p>\n<\/div>\n<\/div>\n<p>[\/vc_column_text]<div class=\"sc85_button large center\"><a href=\"https:\/\/dominik-s.de\/hofsports\/trainingsziele\" title=\"Trainingsziele ausw\u00e4hlen\" class=\"button\">W\u00e4hle dein Trainingsziel<\/a><\/div>[vc_empty_space][\/vc_column][\/vc_row][vc_row full_width=&#8220;stretch_row&#8220; parallax=&#8220;content-moving&#8220; css_animation=&#8220;appear&#8220; css=&#8220;.vc_custom_1706265163638{background-color: #000000 !important;}&#8220;][vc_column][vc_column_text]<\/p>\n<div class=\"sc85_heading wpb_content_element impact center\">\n<div class=\"subtitle\">\n<h1 class=\"title\" style=\"font-size: 24pt; text-align: center;\"><strong>EINBLICKE IN UNSER FITNESSSTUDIO<\/strong><\/h1>\n<p style=\"text-align: center; font-size: 12,5pt;\">DOMINIKS HofSports &#8211; dein Fitnessstudio in Hof hat ab 2022 neue R\u00e4umlichkeiten. Wir haben die neusten EGYM Kraft- und Ausdauer Ger\u00e4te mit den dazugeh\u00f6rigen Ger\u00e4ten f\u00fcr das Muskell\u00e4ngentraining, die dein Trainingserfolg nachweislich steigern. Die modernen Umkleider\u00e4ume und Duschen machen unser Fitnessstudio zur Wellnessoase. Es gibt auch einen ganz neuen Lounge- und Empfangsbereich. Hier k\u00f6nnt ihr die beliebten DOMINIKS Mineraldrinks in verschiedenen Geschmacksrichtungen genie\u00dfen. Nat\u00fcrlich haben wir f\u00fcr euch auch eine riesen Auswahl an Kaffee Variationen und anderen Erfrischungsgetr\u00e4nken.<\/p>\n<\/div>\n<\/div>\n<p>[\/vc_column_text]<div class=\"sc85_gallery wpb_content_element w_4cols\"><div class=\"wrapper\" style=\"margin:0 -px;\"><div class=\"image\" ><a href=\"https:\/\/dominik-s.de\/hofsports\/wp-content\/uploads\/sites\/3\/2022\/05\/DOMINIKS-HofSports-Fitnessstudio-in-Hof-EGYM_HUB.jpg\"><img decoding=\"async\" src=\"https:\/\/dominik-s.de\/hofsports\/wp-content\/uploads\/sites\/3\/2022\/05\/DOMINIKS-HofSports-Fitnessstudio-in-Hof-EGYM_HUB-300x300.jpg\" alt=\"DOMINIKS-HofSports-Fitnessstudio-in-Hof-EGYM_HUB\" \/><\/a><\/div><div class=\"image\" ><a href=\"https:\/\/dominik-s.de\/hofsports\/wp-content\/uploads\/sites\/3\/2022\/05\/DOMINIKS-HofSports-Fitnessstudio-in-Hof-Krafttraining.jpg\"><img decoding=\"async\" src=\"https:\/\/dominik-s.de\/hofsports\/wp-content\/uploads\/sites\/3\/2022\/05\/DOMINIKS-HofSports-Fitnessstudio-in-Hof-Krafttraining-300x300.jpg\" alt=\"DOMINIKS-HofSports-Fitnessstudio-in-Hof-Krafttraining\" \/><\/a><\/div><div class=\"image\" ><a href=\"https:\/\/dominik-s.de\/hofsports\/wp-content\/uploads\/sites\/3\/2022\/05\/DOMINIKS-HofSports-Fitnessstudio-in-Hof-Krafttraining2.jpg\"><img decoding=\"async\" src=\"https:\/\/dominik-s.de\/hofsports\/wp-content\/uploads\/sites\/3\/2022\/05\/DOMINIKS-HofSports-Fitnessstudio-in-Hof-Krafttraining2-300x300.jpg\" alt=\"DOMINIKS-HofSports-Fitnessstudio-in-Hof-Krafttraining2\" \/><\/a><\/div><div class=\"image\" ><a href=\"https:\/\/dominik-s.de\/hofsports\/wp-content\/uploads\/sites\/3\/2022\/05\/DOMINIKS-HofSports-Fitnessstudio-in-Hof-Cardiotraining-Ausdauertraining.jpg\"><img decoding=\"async\" src=\"https:\/\/dominik-s.de\/hofsports\/wp-content\/uploads\/sites\/3\/2022\/05\/DOMINIKS-HofSports-Fitnessstudio-in-Hof-Cardiotraining-Ausdauertraining-300x300.jpg\" alt=\"DOMINIKS-HofSports-Fitnessstudio-in-Hof-Cardiotraining-Ausdauertraining\" \/><\/a><\/div><div class=\"image\" ><a href=\"https:\/\/dominik-s.de\/hofsports\/wp-content\/uploads\/sites\/3\/2022\/05\/DOMINIKS-HofSports-Fitnessstudio-in-Hof-Cardio-Training-Ausdauer-Training.jpg\"><img decoding=\"async\" src=\"https:\/\/dominik-s.de\/hofsports\/wp-content\/uploads\/sites\/3\/2022\/05\/DOMINIKS-HofSports-Fitnessstudio-in-Hof-Cardio-Training-Ausdauer-Training-300x300.jpg\" alt=\"DOMINIKS-HofSports-Fitnessstudio-in-Hof-Cardio-Training-Ausdauer-Training\" \/><\/a><\/div><div class=\"image\" ><a href=\"https:\/\/dominik-s.de\/hofsports\/wp-content\/uploads\/sites\/3\/2022\/05\/DOMINIKS-HofSports-Fitnessstudio-in-Hof-Muskelaufbau-Krafttraining.jpg\"><img decoding=\"async\" src=\"https:\/\/dominik-s.de\/hofsports\/wp-content\/uploads\/sites\/3\/2022\/05\/DOMINIKS-HofSports-Fitnessstudio-in-Hof-Muskelaufbau-Krafttraining-300x300.jpg\" alt=\"DOMINIKS-HofSports-Fitnessstudio-in-Hof-Muskelaufbau-Krafttraining\" \/><\/a><\/div><div class=\"image\" ><a href=\"https:\/\/dominik-s.de\/hofsports\/wp-content\/uploads\/sites\/3\/2022\/05\/DOMINIKS-HofSports-Lady-Sports-Fitnessstudio-in-Hof-Lounge.jpg\"><img decoding=\"async\" src=\"https:\/\/dominik-s.de\/hofsports\/wp-content\/uploads\/sites\/3\/2022\/05\/DOMINIKS-HofSports-Lady-Sports-Fitnessstudio-in-Hof-Lounge-300x300.jpg\" alt=\"DOMINIKS-HofSports-Lady-Sports-Fitnessstudio-in-Hof-Lounge\" \/><\/a><\/div><div class=\"image\" ><a href=\"https:\/\/dominik-s.de\/hofsports\/wp-content\/uploads\/sites\/3\/2022\/05\/DOMINIKS-HofSports-Fitnessstudio-in-Hof-EMS-Training.jpg\"><img decoding=\"async\" src=\"https:\/\/dominik-s.de\/hofsports\/wp-content\/uploads\/sites\/3\/2022\/05\/DOMINIKS-HofSports-Fitnessstudio-in-Hof-EMS-Training-300x300.jpg\" alt=\"DOMINIKS-HofSports-Fitnessstudio-in-Hof-EMS-Training\" \/><\/a><\/div><div class=\"image\" ><a href=\"https:\/\/dominik-s.de\/hofsports\/wp-content\/uploads\/sites\/3\/2022\/05\/DOMINIKS-HofSports-Fitnessstudio-in-Hof-Hygiene.jpg\"><img decoding=\"async\" src=\"https:\/\/dominik-s.de\/hofsports\/wp-content\/uploads\/sites\/3\/2022\/05\/DOMINIKS-HofSports-Fitnessstudio-in-Hof-Hygiene-300x300.jpg\" alt=\"DOMINIKS-HofSports-Fitnessstudio-in-Hof-Hygiene\" \/><\/a><\/div><div class=\"image\" ><a href=\"https:\/\/dominik-s.de\/hofsports\/wp-content\/uploads\/sites\/3\/2022\/05\/DOMINIKS-HofSports-Fitnessstudio-in-Hof-Umkleide.jpg\"><img decoding=\"async\" src=\"https:\/\/dominik-s.de\/hofsports\/wp-content\/uploads\/sites\/3\/2022\/05\/DOMINIKS-HofSports-Fitnessstudio-in-Hof-Umkleide-300x300.jpg\" alt=\"DOMINIKS-HofSports-Fitnessstudio-in-Hof-Umkleide\" \/><\/a><\/div><div class=\"image\" ><a href=\"https:\/\/dominik-s.de\/hofsports\/wp-content\/uploads\/sites\/3\/2022\/05\/DOMINIKS-HofSports-Lady-Sports-Fitnessstudio-in-Hof-Empfangsbereich.jpg\"><img decoding=\"async\" src=\"https:\/\/dominik-s.de\/hofsports\/wp-content\/uploads\/sites\/3\/2022\/05\/DOMINIKS-HofSports-Lady-Sports-Fitnessstudio-in-Hof-Empfangsbereich-300x300.jpg\" alt=\"DOMINIKS-HofSports-Lady-Sports-Fitnessstudio-in-Hof-Empfangsbereich\" \/><\/a><\/div><div class=\"image\" ><a href=\"https:\/\/dominik-s.de\/hofsports\/wp-content\/uploads\/sites\/3\/2022\/05\/DOMINIKS-HofSports-Lady-Sports-Fitnessstudio-in-Hof-Empfangsbereich2.jpg\"><img decoding=\"async\" src=\"https:\/\/dominik-s.de\/hofsports\/wp-content\/uploads\/sites\/3\/2022\/05\/DOMINIKS-HofSports-Lady-Sports-Fitnessstudio-in-Hof-Empfangsbereich2-300x300.jpg\" alt=\"DOMINIKS-HofSports-Lady-Sports-Fitnessstudio-in-Hof-Empfangsbereich2\" \/><\/a><\/div><\/div><\/div>[vc_empty_space height=&#8220;16px&#8220;][\/vc_column][\/vc_row][vc_row full_width=&#8220;stretch_row&#8220; parallax=&#8220;content-moving&#8220; css_animation=&#8220;appear&#8220; css=&#8220;.vc_custom_1706612990993{background-color: #232323 !important;}&#8220;][vc_column][vc_column_text]<\/p>\n<div class=\"sc85_heading wpb_content_element impact center\">\n<div class=\"subtitle\">\n<h1 class=\"title\" style=\"font-size: 24pt; text-align: center;\"><strong>MACH DEN ERSTEN SCHRITT<\/strong><\/h1>\n<p style=\"text-align: center; font-size: 12,5pt;\">Wir beraten Dich gerne ganz unverbindlich zu unserem Check-Up (Gesundheitsscreening), unseren Trainingsprogrammen, Fitnesskursen, Firmenfitness Angeboten und unseren nat\u00fcrlich auch zu unseren Mitgliedschaften. Schreib uns einfach eine Nachricht oder rufe uns an. Wir freuen uns auf Deine Anfrage!<\/p>\n<\/div>\n<\/div>\n<p>[\/vc_column_text][vc_column_text]<\/p>\n<p style=\"font-size: 23pt; color: #ffffff; text-align: center; line-height: 1.2;\"><strong><a href=\"tel:0928140011\">09281 &#8211; 40011<\/a><\/strong><\/p>\n<p style=\"font-size: 14pt; text-align: center; color: #ffffff;\"><strong>Oder schreib uns \u00fcber WhatsApp:<\/strong><br \/>\n<span style=\"font-size: 16pt;\"><strong><a style=\"color: #ffffff;\" href=\"https:\/\/wa.me\/4915754739356?text=%20Hallo,%20ich%20m%C3%B6chte%20gerne%20einen%20Termin%20vereinbaren.%20Mein%20Wunschtermin%20w\u00e4re:\" target=\"_blank\" rel=\"noopener noreferrer\">01575 4739 356<\/a><\/strong><\/span><\/p>\n<p>[\/vc_column_text]\n<div class=\"wpcf7 no-js\" id=\"wpcf7-f244-o1\" lang=\"de-DE\" dir=\"ltr\" data-wpcf7-id=\"244\">\n<div class=\"screen-reader-response\"><p role=\"status\" aria-live=\"polite\" aria-atomic=\"true\"><\/p> <ul><\/ul><\/div>\n<form action=\"\/hofsports\/wp-json\/wp\/v2\/pages\/2#wpcf7-f244-o1\" method=\"post\" class=\"wpcf7-form init wpcf7-acceptance-as-validation\" aria-label=\"Kontaktformular\" novalidate=\"novalidate\" data-status=\"init\">\n<fieldset class=\"hidden-fields-container\"><input type=\"hidden\" name=\"_wpcf7\" value=\"244\" \/><input type=\"hidden\" name=\"_wpcf7_version\" value=\"6.1.4\" \/><input type=\"hidden\" name=\"_wpcf7_locale\" value=\"de_DE\" \/><input type=\"hidden\" name=\"_wpcf7_unit_tag\" value=\"wpcf7-f244-o1\" \/><input type=\"hidden\" name=\"_wpcf7_container_post\" value=\"0\" \/><input type=\"hidden\" name=\"_wpcf7_posted_data_hash\" value=\"\" \/><input type=\"hidden\" name=\"_wpcf7_recaptcha_response\" value=\"\" \/>\n<\/fieldset>\n<p class=\"field name\"><span class=\"wpcf7-form-control-wrap\" data-name=\"name1\"><input size=\"40\" maxlength=\"400\" class=\"wpcf7-form-control wpcf7-text wpcf7-validates-as-required\" aria-required=\"true\" aria-invalid=\"false\" placeholder=\"Dein Vorname und Nachname...\" value=\"\" type=\"text\" name=\"name1\" \/><\/span>\n<\/p>\n<p class=\"field email\"><span class=\"wpcf7-form-control-wrap\" data-name=\"email\"><input size=\"40\" maxlength=\"400\" class=\"wpcf7-form-control wpcf7-email wpcf7-validates-as-required wpcf7-text wpcf7-validates-as-email\" aria-required=\"true\" aria-invalid=\"false\" placeholder=\"Deine E-Mail...\" value=\"\" type=\"email\" name=\"email\" \/><\/span>\n<\/p>\n<p class=\"field phone\"><span class=\"wpcf7-form-control-wrap\" data-name=\"telefon\"><input size=\"40\" maxlength=\"400\" class=\"wpcf7-form-control wpcf7-tel wpcf7-validates-as-required wpcf7-text wpcf7-validates-as-tel\" aria-required=\"true\" aria-invalid=\"false\" placeholder=\"Deine Telefonnummer...\" value=\"\" type=\"tel\" name=\"telefon\" \/><\/span>\n<\/p>\n<p class=\"field message\"><span class=\"wpcf7-form-control-wrap\" data-name=\"nachricht\"><textarea cols=\"40\" rows=\"10\" maxlength=\"2000\" class=\"wpcf7-form-control wpcf7-textarea\" aria-invalid=\"false\" placeholder=\"Deine Nachricht...\" name=\"nachricht\"><\/textarea><\/span>\n<\/p>\n<p class=\"field submit full\"><input class=\"wpcf7-form-control wpcf7-submit has-spinner\" type=\"submit\" value=\"Anfrage abschicken\" \/>\n<\/p>\n<p class=\"field submit full\"><span class=\"wpcf7-form-control-wrap\" data-name=\"datenschutz\"><span class=\"wpcf7-form-control wpcf7-acceptance\"><span class=\"wpcf7-list-item\"><label><input type=\"checkbox\" name=\"datenschutz\" value=\"1\" aria-invalid=\"false\" \/><span class=\"wpcf7-list-item-label\">Hiermit willige ich ein, dass meine eingegebenen pers\u00f6nlichen Daten, nur zur Bearbeitung der Anfrage elektronisch gespeichert werden d\u00fcrfen. Ich habe die <a href=\"https:\/\/dominik-s.de\/datenschutz\/\" target=\"_blank\">Datenschutzerkl\u00e4rung<\/a> gelesen und stimme dieser zu.<\/span><\/label><\/span><\/span><\/span>\n<\/p><div class=\"wpcf7-response-output\" aria-hidden=\"true\"><\/div>\n<\/form>\n<\/div>\n[vc_empty_space][\/vc_column][\/vc_row][vc_row css_animation=&#8220;appear&#8220; disable_element=&#8220;yes&#8220; el_id=&#8220;fitnesserfolge&#8220;][vc_column] <div class=\"sc85_heading wpb_content_element impact center\"> <h2 class=\"title\"><strong>Eure Fitnesserfolge<\/strong><cite class=\"separator\"><\/cite><\/h2> <div class=\"subtitle\">Hier seht ihr mal einen von vielen Fitnesserfolgen - die unsere Mitglieder bei uns im HofSports durch ihr personalisiertes und regelm\u00e4\u00dfiges Training erreicht haben! Das kann sich wirklich sehen lassen: Gewichtsabnahme von \u00fcber 30kg und maximaler Muskelaufbau. Wir gratulieren zu diesem erfolgreichen Trainingsergebnis!!!<\/div> <\/div> [vc_empty_space height=&#8220;16px&#8220;][vc_row_inner][vc_column_inner width=&#8220;1\/2&#8243;][vc_single_image image=&#8220;4637&#8243; img_size=&#8220;full&#8220;][\/vc_column_inner][vc_column_inner width=&#8220;1\/2&#8243;][vc_single_image image=&#8220;4639&#8243; img_size=&#8220;full&#8220;][\/vc_column_inner][\/vc_row_inner][vc_row_inner][vc_column_inner width=&#8220;1\/2&#8243;][vc_single_image image=&#8220;4636&#8243; img_size=&#8220;full&#8220;][\/vc_column_inner][vc_column_inner width=&#8220;1\/2&#8243;][vc_single_image image=&#8220;4638&#8243; img_size=&#8220;full&#8220;][\/vc_column_inner][\/vc_row_inner][\/vc_column][\/vc_row]<\/p>\n","protected":false},"excerpt":{"rendered":"<p>Dein Fitnessstudio in Hof bieten dir ein personalisiertes Training f\u00fcr maximale Trainingserfolge! Mit uns uns erreichst du deine Trainingsziele.<\/p>\n","protected":false},"author":1,"featured_media":0,"parent":0,"menu_order":1,"comment_status":"closed","ping_status":"open","template":"","meta":{"footnotes":""},"class_list":["post-2","page","type-page","status-publish","hentry"],"yoast_head":"<!-- This site is optimized with the Yoast SEO Premium plugin v26.5 (Yoast SEO v26.6) - https:\/\/yoast.com\/wordpress\/plugins\/seo\/ -->\n<title>Fitnessstudio in Hof | DOMINIKS HofSports - Sch\u00fctzenweg 10<\/title>\n<meta name=\"description\" content=\"Exklusives Fitnessstudio &amp; Gesundheitsstudio | Kraft, Ausdauer- und eGYM Ger\u00e4tetraining und mehr als 80 Fitness Kursen pro Woche.\" \/>\n<meta name=\"robots\" content=\"index, follow, max-snippet:-1, max-image-preview:large, max-video-preview:-1\" \/>\n<link rel=\"canonical\" href=\"https:\/\/dominik-s.de\/hofsports\/\" \/>\n<meta property=\"og:locale\" content=\"de_DE\" \/>\n<meta property=\"og:type\" content=\"article\" \/>\n<meta property=\"og:title\" content=\"HofSports Startseite\" \/>\n<meta property=\"og:description\" content=\"Exklusives Fitnessstudio &amp; Gesundheitsstudio | Kraft, Ausdauer- und eGYM Ger\u00e4tetraining und mehr als 80 Fitness Kursen pro Woche.\" \/>\n<meta property=\"og:url\" content=\"https:\/\/dominik-s.de\/hofsports\/\" \/>\n<meta property=\"og:site_name\" content=\"HofSports\" \/>\n<meta property=\"article:modified_time\" content=\"2025-01-23T09:06:24+00:00\" \/>\n<meta name=\"twitter:card\" content=\"summary_large_image\" \/>\n<meta name=\"twitter:label1\" content=\"Gesch\u00e4tzte Lesezeit\" \/>\n\t<meta name=\"twitter:data1\" content=\"3\u00a0Minuten\" \/>\n<script type=\"application\/ld+json\" class=\"yoast-schema-graph\">{\"@context\":\"https:\/\/schema.org\",\"@graph\":[{\"@type\":\"WebPage\",\"@id\":\"https:\/\/dominik-s.de\/hofsports\/\",\"url\":\"https:\/\/dominik-s.de\/hofsports\/\",\"name\":\"Fitnessstudio in Hof | DOMINIKS HofSports - Sch\u00fctzenweg 10\",\"isPartOf\":{\"@id\":\"https:\/\/dominik-s.de\/hofsports\/#website\"},\"datePublished\":\"2016-07-25T08:04:18+00:00\",\"dateModified\":\"2025-01-23T09:06:24+00:00\",\"description\":\"Exklusives Fitnessstudio & Gesundheitsstudio | Kraft, Ausdauer- und eGYM Ger\u00e4tetraining und mehr als 80 Fitness Kursen pro Woche.\",\"breadcrumb\":{\"@id\":\"https:\/\/dominik-s.de\/hofsports\/#breadcrumb\"},\"inLanguage\":\"de\",\"potentialAction\":[{\"@type\":\"ReadAction\",\"target\":[\"https:\/\/dominik-s.de\/hofsports\/\"]}]},{\"@type\":\"BreadcrumbList\",\"@id\":\"https:\/\/dominik-s.de\/hofsports\/#breadcrumb\",\"itemListElement\":[{\"@type\":\"ListItem\",\"position\":1,\"name\":\"Startseite\",\"item\":\"https:\/\/dominik-s.de\/hofsports\/\"},{\"@type\":\"ListItem\",\"position\":2,\"name\":\"HofSports Startseite\"}]},{\"@type\":\"WebSite\",\"@id\":\"https:\/\/dominik-s.de\/hofsports\/#website\",\"url\":\"https:\/\/dominik-s.de\/hofsports\/\",\"name\":\"HofSports\",\"description\":\"DOMINIKS HofSports - Fitnessstudio in Hof\",\"potentialAction\":[{\"@type\":\"SearchAction\",\"target\":{\"@type\":\"EntryPoint\",\"urlTemplate\":\"https:\/\/dominik-s.de\/hofsports\/?s={search_term_string}\"},\"query-input\":{\"@type\":\"PropertyValueSpecification\",\"valueRequired\":true,\"valueName\":\"search_term_string\"}}],\"inLanguage\":\"de\"}]}<\/script>\n<!-- \/ Yoast SEO Premium plugin. -->","yoast_head_json":{"title":"Fitnessstudio in Hof | DOMINIKS HofSports - Sch\u00fctzenweg 10","description":"Exklusives Fitnessstudio & Gesundheitsstudio | Kraft, Ausdauer- und eGYM Ger\u00e4tetraining und mehr als 80 Fitness Kursen pro Woche.","robots":{"index":"index","follow":"follow","max-snippet":"max-snippet:-1","max-image-preview":"max-image-preview:large","max-video-preview":"max-video-preview:-1"},"canonical":"https:\/\/dominik-s.de\/hofsports\/","og_locale":"de_DE","og_type":"article","og_title":"HofSports Startseite","og_description":"Exklusives Fitnessstudio & Gesundheitsstudio | Kraft, Ausdauer- und eGYM Ger\u00e4tetraining und mehr als 80 Fitness Kursen pro Woche.","og_url":"https:\/\/dominik-s.de\/hofsports\/","og_site_name":"HofSports","article_modified_time":"2025-01-23T09:06:24+00:00","twitter_card":"summary_large_image","twitter_misc":{"Gesch\u00e4tzte Lesezeit":"3\u00a0Minuten"},"schema":{"@context":"https:\/\/schema.org","@graph":[{"@type":"WebPage","@id":"https:\/\/dominik-s.de\/hofsports\/","url":"https:\/\/dominik-s.de\/hofsports\/","name":"Fitnessstudio in Hof | DOMINIKS HofSports - Sch\u00fctzenweg 10","isPartOf":{"@id":"https:\/\/dominik-s.de\/hofsports\/#website"},"datePublished":"2016-07-25T08:04:18+00:00","dateModified":"2025-01-23T09:06:24+00:00","description":"Exklusives Fitnessstudio & Gesundheitsstudio | Kraft, Ausdauer- und eGYM Ger\u00e4tetraining und mehr als 80 Fitness Kursen pro Woche.","breadcrumb":{"@id":"https:\/\/dominik-s.de\/hofsports\/#breadcrumb"},"inLanguage":"de","potentialAction":[{"@type":"ReadAction","target":["https:\/\/dominik-s.de\/hofsports\/"]}]},{"@type":"BreadcrumbList","@id":"https:\/\/dominik-s.de\/hofsports\/#breadcrumb","itemListElement":[{"@type":"ListItem","position":1,"name":"Startseite","item":"https:\/\/dominik-s.de\/hofsports\/"},{"@type":"ListItem","position":2,"name":"HofSports Startseite"}]},{"@type":"WebSite","@id":"https:\/\/dominik-s.de\/hofsports\/#website","url":"https:\/\/dominik-s.de\/hofsports\/","name":"HofSports","description":"DOMINIKS HofSports - Fitnessstudio in Hof","potentialAction":[{"@type":"SearchAction","target":{"@type":"EntryPoint","urlTemplate":"https:\/\/dominik-s.de\/hofsports\/?s={search_term_string}"},"query-input":{"@type":"PropertyValueSpecification","valueRequired":true,"valueName":"search_term_string"}}],"inLanguage":"de"}]}},"_links":{"self":[{"href":"https:\/\/dominik-s.de\/hofsports\/wp-json\/wp\/v2\/pages\/2","targetHints":{"allow":["GET"]}}],"collection":[{"href":"https:\/\/dominik-s.de\/hofsports\/wp-json\/wp\/v2\/pages"}],"about":[{"href":"https:\/\/dominik-s.de\/hofsports\/wp-json\/wp\/v2\/types\/page"}],"author":[{"embeddable":true,"href":"https:\/\/dominik-s.de\/hofsports\/wp-json\/wp\/v2\/users\/1"}],"replies":[{"embeddable":true,"href":"https:\/\/dominik-s.de\/hofsports\/wp-json\/wp\/v2\/comments?post=2"}],"version-history":[{"count":685,"href":"https:\/\/dominik-s.de\/hofsports\/wp-json\/wp\/v2\/pages\/2\/revisions"}],"predecessor-version":[{"id":6344,"href":"https:\/\/dominik-s.de\/hofsports\/wp-json\/wp\/v2\/pages\/2\/revisions\/6344"}],"wp:attachment":[{"href":"https:\/\/dominik-s.de\/hofsports\/wp-json\/wp\/v2\/media?parent=2"}],"curies":[{"name":"wp","href":"https:\/\/api.w.org\/{rel}","templated":true}]}}