{"id":51,"date":"2016-10-21T09:58:50","date_gmt":"2016-10-21T07:58:50","guid":{"rendered":"http:\/\/vianovashop.de\/hofsun\/?page_id=51"},"modified":"2025-07-10T11:09:12","modified_gmt":"2025-07-10T09:09:12","slug":"abo-tarife-hofsun","status":"publish","type":"page","link":"https:\/\/dominik-s.de\/hofsun\/abo-tarife-hofsun\/","title":{"rendered":"ABO Tarife HofSun"},"content":{"rendered":"<p>[vc_row][vc_column][vc_empty_space][vc_column_text]<\/p>\n<div class=\"sc85_heading wpb_content_element impact center\">\n<div class=\"subtitle\">\n<h1 class=\"title\" style=\"font-size: 28pt; text-align: center;\"><strong>FLATRATES IM HOFSUN<\/strong><\/h1>\n<p style=\"text-align: center; font-size: 14pt;\">Sicher und g\u00fcnstig br\u00e4unen \u2013 mit unseren Abo-Tarifen!<br \/>\nBis zu 20 Minuten sonnen auf der Lieblingsbank. Schon ab g\u00fcnstigen 8,49 \u20ac pro Woche. Alle Sonnenb\u00e4nke inklusive.<\/p>\n<\/div>\n<\/div>\n<p>[\/vc_column_text][\/vc_column][\/vc_row][vc_row][vc_column]<div class=\"sc85_pricing_table wpb_content_element w_4cols has_highlight\"><div class=\"entry highlight\"><div class=\"head section\"><div class=\"title\">Sonnen Abo<\/div><div class=\"subtitle\">ohne Collagen<\/div><\/div><div class=\"price section\"><div class=\"value\"><span class=\"price_currency\">\u20ac<\/span><span class=\"price_value\">8<cite>49<\/cite><\/span><\/div><div class=\"period\">Woche<\/div><\/div><div class=\"content section\">\n<ul>\n<li>t\u00e4glich Sonnen auf Sonnenb\u00e4nken ohne Collagen<\/li>\n<li>Laufzeit 104 Wochen<\/li>\n<\/ul>\n<\/div><\/div><div class=\"entry highlight\"><div class=\"head section\"><div class=\"title\">Premium Abo<\/div><div class=\"subtitle\">Inkl. Collagen zur Hautverj\u00fcngung<\/div><\/div><div class=\"price section\"><div class=\"value\"><span class=\"price_currency\">\u20ac<\/span><span class=\"price_value\">9<cite>99<\/cite><\/span><\/div><div class=\"period\">Woche<\/div><\/div><div class=\"content section\">\n<ul>\n<li>zu allen \u00d6ffnungszeiten auf allen Sonnenb\u00e4nken sonnen<\/li>\n<li>Laufzeit 104 Wochen<\/li>\n<\/ul>\n<\/div><\/div><div class=\"entry highlight\"><div class=\"head section\"><div class=\"title\">Premium Abo<\/div><div class=\"subtitle\">Inkl. Collagen zur Hautverj\u00fcngung<\/div><\/div><div class=\"price section\"><div class=\"value\"><span class=\"price_currency\">\u20ac<\/span><span class=\"price_value\">11<cite>49<\/cite><\/span><\/div><div class=\"period\">Woche<\/div><\/div><div class=\"content section\">\n<ul>\n<li>zu allen \u00d6ffnungszeiten auf allen Sonnenb\u00e4nken sonnen<\/li>\n<li>Laufzeit 52 Wochen<\/li>\n<\/ul>\n<\/div><\/div><div class=\"entry highlight\"><div class=\"head section\"><div class=\"title\">Premium Abo<\/div><div class=\"subtitle\">Inkl. Collagen zur Hautverj\u00fcngung<\/div><\/div><div class=\"price section\"><div class=\"value\"><span class=\"price_currency\">\u20ac<\/span><span class=\"price_value\">12<cite>99<\/cite><\/span><\/div><div class=\"period\">Woche<\/div><\/div><div class=\"content section\">\n<ul>\n<li>zu allen \u00d6ffnungszeiten auf allen Sonnenb\u00e4nken sonnen<\/li>\n<li>Laufzeit 26 Wochen<\/li>\n<\/ul>\n<\/div><\/div><\/div>[\/vc_column][\/vc_row][vc_row][vc_column][vc_column_text]<\/p>\n<div class=\"sc85_heading wpb_content_element impact center\">\n<div class=\"subtitle\">\n<h2><strong>STARTER PAKET<\/strong><\/h2>\n<p style=\"text-align: center; font-size: 14pt;\">Vor jedem Abo ben\u00f6tigt ihr das Starter Paket damit ihr eure Sonnen-Flatrate Karte bekommt. Danach k\u00f6nnt ihr aus den beiden Abo Tarifen (Sonnen Flatrates) w\u00e4hlen. Ihr bekommt bei Erwerb der Karte ein gratis Sonnen-Sachet und eine VIP Einladung f\u00fcr\u00b4s Lady-Sports oder HofSports.<\/p>\n<\/div>\n<\/div>\n<p>[\/vc_column_text]<div class=\"sc85_pricing_table wpb_content_element w_1cols\"><div class=\"entry\"><div class=\"head section\"><div class=\"title\">Starter Paket<\/div><div class=\"subtitle\">Vor jedem Abo ben\u00f6tigt ihr zuerst das Starter Paket!<\/div><\/div><div class=\"price section\"><div class=\"value\"><span class=\"price_currency\">\u20ac<\/span><span class=\"price_value\">29<\/span><\/div><div class=\"period\">einmalig<\/div><\/div><div class=\"content section\">\n<ul>\n<li>Sonnen Flatrate Karte<\/li>\n<li>1 x gratis Sonnen-Sachet<\/li>\n<li>VIP Einladung in eines unserer Fitness- und Gesundheitsstudios Lady-Sports oder HofSports<\/li>\n<\/ul>\n<\/div><\/div><\/div>[\/vc_column][\/vc_row][vc_row][vc_column][vc_empty_space][\/vc_column][\/vc_row]<\/p>\n","protected":false},"excerpt":{"rendered":"<p>[vc_row][vc_column][vc_empty_space][vc_column_text] FLATRATES IM HOFSUN Sicher und g\u00fcnstig br\u00e4unen \u2013 mit unseren Abo-Tarifen! Bis zu 20 Minuten sonnen auf der Lieblingsbank. Schon ab g\u00fcnstigen 8,49 \u20ac pro Woche. Alle Sonnenb\u00e4nke inklusive. [\/vc_column_text][\/vc_column][\/vc_row][vc_row][vc_column][\/vc_column][\/vc_row][vc_row][vc_column][vc_column_text] STARTER PAKET Vor jedem Abo ben\u00f6tigt ihr das Starter Paket damit ihr eure Sonnen-Flatrate Karte bekommt. Danach k\u00f6nnt ihr aus den beiden Abo Tarifen [&hellip;]<\/p>\n","protected":false},"author":1,"featured_media":1525,"parent":0,"menu_order":15,"comment_status":"closed","ping_status":"closed","template":"","meta":{"footnotes":""},"class_list":["post-51","page","type-page","status-publish","has-post-thumbnail","hentry"],"yoast_head":"<!-- This site is optimized with the Yoast SEO Premium plugin v26.5 (Yoast SEO v26.6) - https:\/\/yoast.com\/wordpress\/plugins\/seo\/ -->\n<title>ABO-Tarife Sonnenstudio in DOMINIKS HofSun<\/title>\n<meta name=\"description\" content=\"Sicher und g\u00fcnstig br\u00e4unen mit unseren ABO-Tarifen im Sonnenstudio HofSun: Bis zu 20 Minuten sonnen auf der Lieblingsbank. Alle Sonnenb\u00e4nke inklusive.\" \/>\n<meta name=\"robots\" content=\"index, follow, max-snippet:-1, max-image-preview:large, max-video-preview:-1\" \/>\n<link rel=\"canonical\" href=\"https:\/\/dominik-s.de\/hofsun\/abo-tarife-hofsun\/\" \/>\n<meta property=\"og:locale\" content=\"de_DE\" \/>\n<meta property=\"og:type\" content=\"article\" \/>\n<meta property=\"og:title\" content=\"ABO Tarife HofSun\" \/>\n<meta property=\"og:description\" content=\"Sicher und g\u00fcnstig br\u00e4unen mit unseren ABO-Tarifen im Sonnenstudio HofSun: Bis zu 20 Minuten sonnen auf der Lieblingsbank. Alle Sonnenb\u00e4nke inklusive.\" \/>\n<meta property=\"og:url\" content=\"https:\/\/dominik-s.de\/hofsun\/abo-tarife-hofsun\/\" \/>\n<meta property=\"og:site_name\" content=\"HofSun\" \/>\n<meta property=\"article:modified_time\" content=\"2025-07-10T09:09:12+00:00\" \/>\n<meta property=\"og:image\" content=\"https:\/\/dominik-s.de\/hofsun\/wp-content\/uploads\/sites\/8\/2024\/02\/DOMINIKS-HofSun-Sonnenstudio-in-Hof-ABO-TARIFE.jpg\" \/>\n\t<meta property=\"og:image:width\" content=\"1200\" \/>\n\t<meta property=\"og:image:height\" content=\"1200\" \/>\n\t<meta property=\"og:image:type\" content=\"image\/jpeg\" \/>\n<meta name=\"twitter:card\" content=\"summary_large_image\" \/>\n<meta name=\"twitter:label1\" content=\"Gesch\u00e4tzte Lesezeit\" \/>\n\t<meta name=\"twitter:data1\" content=\"2\u00a0Minuten\" \/>\n<script type=\"application\/ld+json\" class=\"yoast-schema-graph\">{\"@context\":\"https:\/\/schema.org\",\"@graph\":[{\"@type\":\"WebPage\",\"@id\":\"https:\/\/dominik-s.de\/hofsun\/abo-tarife-hofsun\/\",\"url\":\"https:\/\/dominik-s.de\/hofsun\/abo-tarife-hofsun\/\",\"name\":\"ABO-Tarife Sonnenstudio in DOMINIKS HofSun\",\"isPartOf\":{\"@id\":\"https:\/\/dominik-s.de\/hofsun\/#website\"},\"primaryImageOfPage\":{\"@id\":\"https:\/\/dominik-s.de\/hofsun\/abo-tarife-hofsun\/#primaryimage\"},\"image\":{\"@id\":\"https:\/\/dominik-s.de\/hofsun\/abo-tarife-hofsun\/#primaryimage\"},\"thumbnailUrl\":\"https:\/\/dominik-s.de\/hofsun\/wp-content\/uploads\/sites\/8\/2024\/02\/DOMINIKS-HofSun-Sonnenstudio-in-Hof-ABO-TARIFE.jpg\",\"datePublished\":\"2016-10-21T07:58:50+00:00\",\"dateModified\":\"2025-07-10T09:09:12+00:00\",\"description\":\"Sicher und g\u00fcnstig br\u00e4unen mit unseren ABO-Tarifen im Sonnenstudio HofSun: Bis zu 20 Minuten sonnen auf der Lieblingsbank. Alle Sonnenb\u00e4nke inklusive.\",\"breadcrumb\":{\"@id\":\"https:\/\/dominik-s.de\/hofsun\/abo-tarife-hofsun\/#breadcrumb\"},\"inLanguage\":\"de\",\"potentialAction\":[{\"@type\":\"ReadAction\",\"target\":[\"https:\/\/dominik-s.de\/hofsun\/abo-tarife-hofsun\/\"]}]},{\"@type\":\"ImageObject\",\"inLanguage\":\"de\",\"@id\":\"https:\/\/dominik-s.de\/hofsun\/abo-tarife-hofsun\/#primaryimage\",\"url\":\"https:\/\/dominik-s.de\/hofsun\/wp-content\/uploads\/sites\/8\/2024\/02\/DOMINIKS-HofSun-Sonnenstudio-in-Hof-ABO-TARIFE.jpg\",\"contentUrl\":\"https:\/\/dominik-s.de\/hofsun\/wp-content\/uploads\/sites\/8\/2024\/02\/DOMINIKS-HofSun-Sonnenstudio-in-Hof-ABO-TARIFE.jpg\",\"width\":1200,\"height\":1200,\"caption\":\"DOMINIKS HofSun Sonnenstudio in Hof ABO TARIFE\"},{\"@type\":\"BreadcrumbList\",\"@id\":\"https:\/\/dominik-s.de\/hofsun\/abo-tarife-hofsun\/#breadcrumb\",\"itemListElement\":[{\"@type\":\"ListItem\",\"position\":1,\"name\":\"Startseite\",\"item\":\"https:\/\/dominik-s.de\/hofsun\/\"},{\"@type\":\"ListItem\",\"position\":2,\"name\":\"ABO Tarife HofSun\"}]},{\"@type\":\"WebSite\",\"@id\":\"https:\/\/dominik-s.de\/hofsun\/#website\",\"url\":\"https:\/\/dominik-s.de\/hofsun\/\",\"name\":\"HofSun\",\"description\":\"DOMINIKS Sonnenstudios in Hof\",\"potentialAction\":[{\"@type\":\"SearchAction\",\"target\":{\"@type\":\"EntryPoint\",\"urlTemplate\":\"https:\/\/dominik-s.de\/hofsun\/?s={search_term_string}\"},\"query-input\":{\"@type\":\"PropertyValueSpecification\",\"valueRequired\":true,\"valueName\":\"search_term_string\"}}],\"inLanguage\":\"de\"}]}<\/script>\n<!-- \/ Yoast SEO Premium plugin. -->","yoast_head_json":{"title":"ABO-Tarife Sonnenstudio in DOMINIKS HofSun","description":"Sicher und g\u00fcnstig br\u00e4unen mit unseren ABO-Tarifen im Sonnenstudio HofSun: Bis zu 20 Minuten sonnen auf der Lieblingsbank. Alle Sonnenb\u00e4nke inklusive.","robots":{"index":"index","follow":"follow","max-snippet":"max-snippet:-1","max-image-preview":"max-image-preview:large","max-video-preview":"max-video-preview:-1"},"canonical":"https:\/\/dominik-s.de\/hofsun\/abo-tarife-hofsun\/","og_locale":"de_DE","og_type":"article","og_title":"ABO Tarife HofSun","og_description":"Sicher und g\u00fcnstig br\u00e4unen mit unseren ABO-Tarifen im Sonnenstudio HofSun: Bis zu 20 Minuten sonnen auf der Lieblingsbank. Alle Sonnenb\u00e4nke inklusive.","og_url":"https:\/\/dominik-s.de\/hofsun\/abo-tarife-hofsun\/","og_site_name":"HofSun","article_modified_time":"2025-07-10T09:09:12+00:00","og_image":[{"width":1200,"height":1200,"url":"https:\/\/dominik-s.de\/hofsun\/wp-content\/uploads\/sites\/8\/2024\/02\/DOMINIKS-HofSun-Sonnenstudio-in-Hof-ABO-TARIFE.jpg","type":"image\/jpeg"}],"twitter_card":"summary_large_image","twitter_misc":{"Gesch\u00e4tzte Lesezeit":"2\u00a0Minuten"},"schema":{"@context":"https:\/\/schema.org","@graph":[{"@type":"WebPage","@id":"https:\/\/dominik-s.de\/hofsun\/abo-tarife-hofsun\/","url":"https:\/\/dominik-s.de\/hofsun\/abo-tarife-hofsun\/","name":"ABO-Tarife Sonnenstudio in DOMINIKS HofSun","isPartOf":{"@id":"https:\/\/dominik-s.de\/hofsun\/#website"},"primaryImageOfPage":{"@id":"https:\/\/dominik-s.de\/hofsun\/abo-tarife-hofsun\/#primaryimage"},"image":{"@id":"https:\/\/dominik-s.de\/hofsun\/abo-tarife-hofsun\/#primaryimage"},"thumbnailUrl":"https:\/\/dominik-s.de\/hofsun\/wp-content\/uploads\/sites\/8\/2024\/02\/DOMINIKS-HofSun-Sonnenstudio-in-Hof-ABO-TARIFE.jpg","datePublished":"2016-10-21T07:58:50+00:00","dateModified":"2025-07-10T09:09:12+00:00","description":"Sicher und g\u00fcnstig br\u00e4unen mit unseren ABO-Tarifen im Sonnenstudio HofSun: Bis zu 20 Minuten sonnen auf der Lieblingsbank. Alle Sonnenb\u00e4nke inklusive.","breadcrumb":{"@id":"https:\/\/dominik-s.de\/hofsun\/abo-tarife-hofsun\/#breadcrumb"},"inLanguage":"de","potentialAction":[{"@type":"ReadAction","target":["https:\/\/dominik-s.de\/hofsun\/abo-tarife-hofsun\/"]}]},{"@type":"ImageObject","inLanguage":"de","@id":"https:\/\/dominik-s.de\/hofsun\/abo-tarife-hofsun\/#primaryimage","url":"https:\/\/dominik-s.de\/hofsun\/wp-content\/uploads\/sites\/8\/2024\/02\/DOMINIKS-HofSun-Sonnenstudio-in-Hof-ABO-TARIFE.jpg","contentUrl":"https:\/\/dominik-s.de\/hofsun\/wp-content\/uploads\/sites\/8\/2024\/02\/DOMINIKS-HofSun-Sonnenstudio-in-Hof-ABO-TARIFE.jpg","width":1200,"height":1200,"caption":"DOMINIKS HofSun Sonnenstudio in Hof ABO TARIFE"},{"@type":"BreadcrumbList","@id":"https:\/\/dominik-s.de\/hofsun\/abo-tarife-hofsun\/#breadcrumb","itemListElement":[{"@type":"ListItem","position":1,"name":"Startseite","item":"https:\/\/dominik-s.de\/hofsun\/"},{"@type":"ListItem","position":2,"name":"ABO Tarife HofSun"}]},{"@type":"WebSite","@id":"https:\/\/dominik-s.de\/hofsun\/#website","url":"https:\/\/dominik-s.de\/hofsun\/","name":"HofSun","description":"DOMINIKS Sonnenstudios in Hof","potentialAction":[{"@type":"SearchAction","target":{"@type":"EntryPoint","urlTemplate":"https:\/\/dominik-s.de\/hofsun\/?s={search_term_string}"},"query-input":{"@type":"PropertyValueSpecification","valueRequired":true,"valueName":"search_term_string"}}],"inLanguage":"de"}]}},"_links":{"self":[{"href":"https:\/\/dominik-s.de\/hofsun\/wp-json\/wp\/v2\/pages\/51","targetHints":{"allow":["GET"]}}],"collection":[{"href":"https:\/\/dominik-s.de\/hofsun\/wp-json\/wp\/v2\/pages"}],"about":[{"href":"https:\/\/dominik-s.de\/hofsun\/wp-json\/wp\/v2\/types\/page"}],"author":[{"embeddable":true,"href":"https:\/\/dominik-s.de\/hofsun\/wp-json\/wp\/v2\/users\/1"}],"replies":[{"embeddable":true,"href":"https:\/\/dominik-s.de\/hofsun\/wp-json\/wp\/v2\/comments?post=51"}],"version-history":[{"count":35,"href":"https:\/\/dominik-s.de\/hofsun\/wp-json\/wp\/v2\/pages\/51\/revisions"}],"predecessor-version":[{"id":1703,"href":"https:\/\/dominik-s.de\/hofsun\/wp-json\/wp\/v2\/pages\/51\/revisions\/1703"}],"wp:featuredmedia":[{"embeddable":true,"href":"https:\/\/dominik-s.de\/hofsun\/wp-json\/wp\/v2\/media\/1525"}],"wp:attachment":[{"href":"https:\/\/dominik-s.de\/hofsun\/wp-json\/wp\/v2\/media?parent=51"}],"curies":[{"name":"wp","href":"https:\/\/api.w.org\/{rel}","templated":true}]}}