
{"id":1287,"date":"2020-08-07T09:00:24","date_gmt":"2020-08-07T07:00:24","guid":{"rendered":"https:\/\/dominik-s.de\/kryofit-studio\/?page_id=1287"},"modified":"2024-07-01T10:56:59","modified_gmt":"2024-07-01T08:56:59","slug":"fett-weg-ohne-op","status":"publish","type":"page","link":"https:\/\/dominik-s.de\/kryofit-studio\/fett-weg-ohne-op\/","title":{"rendered":"KryoFit &#8211; Fett weg ohne OP"},"content":{"rendered":"<p>[vc_row][vc_column offset=&#8220;vc_col-xs-12&#8243;][vc_empty_space height=&#8220;48px&#8220;][vc_column_text]<\/p>\n<div class=\"sc85_heading wpb_content_element inverted center\">\n<div class=\"subtitle\" style=\"text-align: center; font-size: 12pt;\">Haben Sie in letzter Zeit auch zugenommen?<\/div>\n<h1 class=\"title\" style=\"text-align: center; font-size: 28pt;\">Fett weg ohne OP<\/h1>\n<\/div>\n<p>[\/vc_column_text][vc_column_text]<\/p>\n<div class=\"sc85_heading wpb_content_element impact center\">\n<div class=\"subtitle\">\n<p style=\"text-align: center;\"><strong>Fett weg ganz einfach und ohne OP &amp; ohne Ausfallzeiten<\/strong><br \/>\nViele Menschen haben in der Lockdown Zeit zugenommen. Die mangelnde Bewegung durch das Home Office, weniger soziale Kontakte, Frust Essen&#8230; sind Ursache f\u00fcr die Gewichtszunahme. Werden Sie mit uns Ihre \u00fcberfl\u00fcssigen Kilos schnell und einfach wieder los. Die K\u00e4lteanwendung Kryolipolyse bekommen Sie einfach &amp; bequem Ihr Fett weg ohne OP! Sie k\u00f6nnen mit der Kryolipoyse Bahndlung dauerhaft Fett verlieren. Profitieren Sie von unseren Rabatten und lassen Sie sich ganz unverbindlich bei uns im Kryofit Studio in Hof beraten. Wir freuen uns auf Sie!<\/p>\n<\/div>\n<\/div>\n<p>[\/vc_column_text][\/vc_column][\/vc_row][vc_row full_width=&#8220;stretch_row&#8220; el_id=&#8220;rabatt&#8220; css=&#8220;.vc_custom_1719824056510{background-color: #000000 !important;}&#8220;][vc_column offset=&#8220;vc_col-xs-12&#8243;][vc_column_text]<\/p>\n<div class=\"sc85_heading wpb_content_element inverted center\">\n<div class=\"subtitle\" style=\"text-align: center; font-size: 12pt;\">Jetzt limitieret Rabatt Gutscheine sichern!<\/div>\n<h2 class=\"title\" style=\"text-align: center; font-size: 23pt;\">Einfach und bequem zur Traumfigur!<\/h2>\n<\/div>\n<p>[\/vc_column_text][vc_row_inner][vc_column_inner width=&#8220;1\/2&#8243;][vc_single_image image=&#8220;1565&#8243; img_size=&#8220;full&#8220; alignment=&#8220;center&#8220; onclick=&#8220;custom_link&#8220; link=&#8220;https:\/\/dominik-s.de\/kryofit-studio\/gutscheine\/&#8220;][\/vc_column_inner][vc_column_inner width=&#8220;1\/2&#8243;][vc_single_image image=&#8220;1566&#8243; img_size=&#8220;full&#8220; alignment=&#8220;center&#8220; onclick=&#8220;custom_link&#8220; link=&#8220;https:\/\/dominik-s.de\/kryofit-studio\/gutscheine\/&#8220;][\/vc_column_inner][\/vc_row_inner][vc_column_text]<\/p>\n<p style=\"text-align: center; font-size: 16pt;\"><a class=\"button\" title=\"Rabatt Gutschein sichern\" href=\"https:\/\/dominik-s.de\/kryofit-studio\/gutscheine\">ZU DEN GUTSCHEINEN<\/a><\/p>\n<p style=\"text-align: center;\">Oder gleich bei uns im Kryolipolyse Studio anrufen<br \/>\nund einen Beratungsgespr\u00e4ch vereinbaren:<b><br \/>\n<span style=\"font-size: 20pt; color: #009ee0;\"><a style=\"color: #009ee0;\" href=\"tel:092818189600\">09281 \u2013 818 96 00<\/a><\/span><\/b><\/p>\n<p>[\/vc_column_text][\/vc_column][\/vc_row][vc_row full_width=&#8220;stretch_row&#8220; parallax=&#8220;content-moving&#8220; css_animation=&#8220;appear&#8220; el_id=&#8220;bereiche&#8220;][vc_column offset=&#8220;vc_col-xs-12&#8243;][vc_column_text]<\/p>\n<div class=\"sc85_heading wpb_content_element inverted center\">\n<div class=\"subtitle\" style=\"text-align: center; font-size: 12pt;\">Kryolipolyse Studio in Hof<\/div>\n<h2 class=\"title\" style=\"text-align: center; font-size: 23pt;\">Behandlungsbereiche<\/h2>\n<\/div>\n<p>[\/vc_column_text][vc_column_text]<\/p>\n<div class=\"sc85_heading wpb_content_element impact center\">\n<div class=\"subtitle\">\n<p style=\"text-align: center;\"><a title=\"K\u00f6rperfett reduzieren\" href=\"https:\/\/dominik-s.de\/kryofit-studio\/kryolipolyse-einfach-und-bequem-koerperfett-reduzieren\/\">K\u00f6rperfett reduzieren<\/a>\u00a0an\u00a0<a title=\"Bauch, Po, Beine\" href=\"https:\/\/dominik-s.de\/kryofit-studio\/abnehmen-durch-kryolipolyse-an-bauch-beine-und-po\/\">Bauch, Beinen, Po<\/a>\u00a0an der\u00a0<a title=\"H\u00fcfte\" href=\"https:\/\/dominik-s.de\/kryofit-studio\/problemzone-huefte-mit-kryolipolyse-behandeln\/\">H\u00fcfte<\/a>, den\u00a0<a title=\"Oberschenkeln\" href=\"https:\/\/dominik-s.de\/kryofit-studio\/mit-kryolipolyse-abnehmen-am-oberschenkel-wieder-schlanke-beine-haben\/\">Oberschenkeln<\/a>,\u00a0<a title=\"Oberarmen\" href=\"https:\/\/dominik-s.de\/kryofit-studio\/problemzone-oberarme-mit-kryolipolyse-behandeln\/\">Oberarmen<\/a>\u00a0und dem Kinn.<br \/>\nWir beraten Sie gerne, rufen Sie an <strong><a href=\"tel:092818189600\">09281 &#8211; 818 96 00<\/a><\/strong><\/p>\n<\/div>\n<\/div>\n<p>[\/vc_column_text][vc_row_inner][vc_column_inner width=&#8220;1\/4&#8243;][vc_single_image image=&#8220;978&#8243; img_size=&#8220;full&#8220; alignment=&#8220;center&#8220;][\/vc_column_inner][vc_column_inner width=&#8220;1\/4&#8243;][vc_single_image image=&#8220;979&#8243; img_size=&#8220;full&#8220; alignment=&#8220;center&#8220;][\/vc_column_inner][vc_column_inner width=&#8220;1\/4&#8243;][vc_single_image image=&#8220;980&#8243; img_size=&#8220;full&#8220; alignment=&#8220;center&#8220;][\/vc_column_inner][vc_column_inner width=&#8220;1\/4&#8243;][vc_single_image image=&#8220;977&#8243; img_size=&#8220;full&#8220; alignment=&#8220;center&#8220;][\/vc_column_inner][\/vc_row_inner][vc_column_text]<\/p>\n<div class=\"sc85_heading wpb_content_element impact center\">\n<div class=\"subtitle\" style=\"text-align: center;\">\n<p style=\"text-align: center;\"><strong>Fett weg ganz ohne OP durch Vereisung der Fettzellen<br \/>\nEinfach und bequem mit dem effektiven Kryolipolyse Verfahren im KryoFit Studio in Hof!<br \/>\n<\/strong>Mit der K\u00e4ltebehandlung Kryolipolyse &#8222;Fettabbau durch K\u00e4lte&#8220; k\u00f6nnen Sie Ihr st\u00f6rendes Fett an Armen, Bauch, H\u00fcfte, Po, Oberschenkel einfach vereisen lassen. Schnell, und vor allem bequem k\u00f6nnen Sie Ihr Fett ohne OP verlieren und somit Ihr K\u00f6rperfett reduzieren!<\/p>\n<\/div>\n<\/div>\n<p>[\/vc_column_text][vc_empty_space height=&#8220;16px&#8220;][\/vc_column][\/vc_row][vc_row full_width=&#8220;stretch_row&#8220; el_id=&#8220;vorteile&#8220; css=&#8220;.vc_custom_1719823900670{background-color: #000000 !important;}&#8220;][vc_column offset=&#8220;vc_col-xs-12&#8243;][vc_column_text]<\/p>\n<div class=\"sc85_heading wpb_content_element inverted center\">\n<div class=\"subtitle\" style=\"text-align: center; font-size: 12pt;\">der Kryolipolyse Behandlung \u2013 Fett weg ohne OP<\/div>\n<h2 class=\"title\" style=\"text-align: center; font-size: 23pt;\">Vorteile und Nutzen<\/h2>\n<\/div>\n<p>[\/vc_column_text][vc_row_inner][vc_column_inner width=&#8220;1\/2&#8243;] <div class=\"sc85_iconbox wpb_content_element clean_right_aligned\"> <div class=\"icon\"> <i class=\"fa fa-fw fa fa-thumbs-up\"><\/i> <\/div> <div class=\"info\"> <h3 class=\"title\">OHNE OP<\/h3> <div class=\"subtitle\">ohne Narkose &amp; ohne Ausfallzeiten<\/div> <div class=\"text\">Kein beruflicher Ausfall &amp; keine Krankschreibung notwendig.<\/div> <\/div> <\/div>  <div class=\"sc85_iconbox wpb_content_element clean_right_aligned\"> <div class=\"icon\"> <i class=\"fa fa-fw fa fa-thumbs-up\"><\/i> <\/div> <div class=\"info\"> <h3 class=\"title\">AMBULANT<\/h3> <div class=\"subtitle\">gleich wieder nach Hause<\/div> <div class=\"text\">Sie k\u00f6nnen direkt nach der Kryolipolyse Behandlung wieder nach Hause gehen.<\/div> <\/div> <\/div>  <div class=\"sc85_iconbox wpb_content_element clean_right_aligned\"> <div class=\"icon\"> <i class=\"fa fa-fw fa fa-thumbs-up\"><\/i> <\/div> <div class=\"info\"> <h3 class=\"title\">SCHMERZFREI<\/h3> <div class=\"subtitle\">Behandlung &amp; postoperative Phase<\/div> <div class=\"text\">Das schonende Behandlungsverfahren verursacht keinerlei Schmerzen.<\/div> <\/div> <\/div>  <div class=\"sc85_iconbox wpb_content_element clean_right_aligned\"> <div class=\"icon\"> <i class=\"fa fa-fw fa fa-thumbs-up\"><\/i> <\/div> <div class=\"info\"> <h3 class=\"title\">DAUERHAFT<\/h3> <div class=\"subtitle\">dauerhaft Fett verlieren<\/div> <div class=\"text\">Die Fettzellen verschwinden und kommen auch nicht wieder.<\/div> <\/div> <\/div> [\/vc_column_inner][vc_column_inner width=&#8220;1\/2&#8243;] <div class=\"sc85_iconbox wpb_content_element clean_left_aligned\"> <div class=\"icon\"> <i class=\"fa fa-fw fa fa-thumbs-up\"><\/i> <\/div> <div class=\"info\"> <h3 class=\"title\">EFFEKTIV<\/h3> <div class=\"subtitle\">Kurze Behandlungszeit mit gro\u00dfem Effekt<\/div> <div class=\"text\">Die Behandlung dauert nur eine Stunde und ist sehr effektiv.<\/div> <\/div> <\/div>  <div class=\"sc85_iconbox wpb_content_element clean_left_aligned\"> <div class=\"icon\"> <i class=\"fa fa-fw fa fa-thumbs-up\"><\/i> <\/div> <div class=\"info\"> <h3 class=\"title\">PREISVORTEIL<\/h3> <div class=\"subtitle\">zur klassischen Fettabsaugung<\/div> <div class=\"text\">Trotz eventueller Mehrfachsitzungen ist die Behandlung preisg\u00fcnstiger als eine Fettabsaugung.<\/div> <\/div> <\/div>  <div class=\"sc85_iconbox wpb_content_element clean_left_aligned\"> <div class=\"icon\"> <i class=\"fa fa-fw fa fa-thumbs-up\"><\/i> <\/div> <div class=\"info\"> <h3 class=\"title\">SCHONEND<\/h3> <div class=\"subtitle\">schonendes Verfahren zum Fettabbau<\/div> <div class=\"text\">Die Haut und die Muskeln werden durch das Verfahren nicht gesch\u00e4digt.<\/div> <\/div> <\/div>  <div class=\"sc85_iconbox wpb_content_element clean_left_aligned\"> <div class=\"icon\"> <i class=\"fa fa-fw fa fa-thumbs-up\"><\/i> <\/div> <div class=\"info\"> <h3 class=\"title\">SELBSTBEWUSSTSEIN<\/h3> <div class=\"subtitle\">Ihr Selbstwertgef\u00fchl wird gesteigert.<\/div> <div class=\"text\">Sie werden bewundert und Ihr Selbstbewusstsein wird gest\u00e4rkt.<\/div> <\/div> <\/div> [\/vc_column_inner][\/vc_row_inner][vc_empty_space][\/vc_column][\/vc_row][vc_row full_width=&#8220;stretch_row&#8220; css_animation=&#8220;appear&#8220;][vc_column][vc_column_text]<\/p>\n<div class=\"sc85_heading wpb_content_element inverted center\">\n<div class=\"subtitle\" style=\"text-align: center; font-size: 12pt;\">Kontakt aufnehmen<\/div>\n<h1 class=\"title\" style=\"text-align: center; font-size: 26pt;\">Wir beraten Sie gerne!<\/h1>\n<\/div>\n<p>[\/vc_column_text][vc_column_text]<\/p>\n<div class=\"sc85_heading wpb_content_element impact center\">\n<div class=\"subtitle\">\n<p style=\"text-align: center; font-size: 12pt;\">Gerne vereinbaren wir mit Ihnen ein kostenloses und unverbindliches Beratungsgespr\u00e4ch im Kryofit Studio in Hof. Wir beraten Sie gerne dar\u00fcber, wie wir Ihre Problemzonen behandeln k\u00f6nnen. Nutzen Sie unsere langj\u00e4hrigen Erfahrung mit dem Kryolipolyse Verfahren. Schreiben Sie uns eine Nachricht \u00fcber das Kontaktformular oder WhatsApp. Sie k\u00f6nnen uns aber auch gerne direkt anrufen.<\/p>\n<p style=\"text-align: center;\"><a style=\"color: #ffffff;\" href=\"tel:092818189600\"><button style=\"font-size: 11pt; background-color: #ffffff; border: none; color: black;\">09281 818 96 00<\/button><\/a><\/p>\n<p style=\"text-align: center;\"><a style=\"color: #ffffff;\" href=\"https:\/\/wa.me\/491774139782?text=%20Hallo,%20ich%20m%C3%B6chte%20gerne%20einen%20Termin%20vereinbaren.%20Mein%20Wunschtermin%20w\u00e4re:\" target=\"_blank\" rel=\"noopener noreferrer\"><button style=\"font-size: 11pt; background-color: #ffffff; border: none; color: black;\">WhatsApp Nachricht<\/button><\/a><\/p>\n<\/div>\n<\/div>\n<p>[\/vc_column_text]\n<div class=\"wpcf7 no-js\" id=\"wpcf7-f988-o1\" lang=\"de-DE\" dir=\"ltr\" data-wpcf7-id=\"988\">\n<div class=\"screen-reader-response\"><p role=\"status\" aria-live=\"polite\" aria-atomic=\"true\"><\/p> <ul><\/ul><\/div>\n<form action=\"\/kryofit-studio\/wp-json\/wp\/v2\/pages\/1287#wpcf7-f988-o1\" method=\"post\" class=\"wpcf7-form init wpcf7-acceptance-as-validation\" aria-label=\"Kontaktformular\" novalidate=\"novalidate\" data-status=\"init\">\n<fieldset class=\"hidden-fields-container\"><input type=\"hidden\" name=\"_wpcf7\" value=\"988\" \/><input type=\"hidden\" name=\"_wpcf7_version\" value=\"6.1.4\" \/><input type=\"hidden\" name=\"_wpcf7_locale\" value=\"de_DE\" \/><input type=\"hidden\" name=\"_wpcf7_unit_tag\" value=\"wpcf7-f988-o1\" \/><input type=\"hidden\" name=\"_wpcf7_container_post\" value=\"0\" \/><input type=\"hidden\" name=\"_wpcf7_posted_data_hash\" value=\"\" \/><input type=\"hidden\" name=\"_wpcf7_recaptcha_response\" value=\"\" \/>\n<\/fieldset>\n<p class=\"field name half\"><span class=\"wpcf7-form-control-wrap\" data-name=\"name1\"><input size=\"40\" maxlength=\"400\" class=\"wpcf7-form-control wpcf7-text wpcf7-validates-as-required\" aria-required=\"true\" aria-invalid=\"false\" placeholder=\"Ihr Name...\" value=\"\" type=\"text\" name=\"name1\" \/><\/span>\n<\/p>\n<p class=\"field email half_last\"><span class=\"wpcf7-form-control-wrap\" data-name=\"email\"><input size=\"40\" maxlength=\"400\" class=\"wpcf7-form-control wpcf7-email wpcf7-validates-as-required wpcf7-text wpcf7-validates-as-email\" aria-required=\"true\" aria-invalid=\"false\" placeholder=\"Ihre E-Mail...\" value=\"\" type=\"email\" name=\"email\" \/><\/span>\n<\/p>\n<p class=\"field subject half\"><span class=\"wpcf7-form-control-wrap\" data-name=\"betreff\"><input size=\"40\" maxlength=\"400\" class=\"wpcf7-form-control wpcf7-text\" aria-invalid=\"false\" placeholder=\"Wie k\u00f6nnen wir Ihnen helfen...\" value=\"\" type=\"text\" name=\"betreff\" \/><\/span>\n<\/p>\n<p class=\"field half_last phone\"><span class=\"wpcf7-form-control-wrap\" data-name=\"telefon\"><input size=\"40\" maxlength=\"400\" class=\"wpcf7-form-control wpcf7-tel wpcf7-validates-as-required wpcf7-text wpcf7-validates-as-tel\" aria-required=\"true\" aria-invalid=\"false\" placeholder=\"Ihre Telefonnummer...\" value=\"\" type=\"tel\" name=\"telefon\" \/><\/span>\n<\/p>\n<p class=\"field full\">Gew\u00fcnschte Behandlung:<br \/>\n(Mehrfachauswahl m\u00f6glich)\n<\/p>\n<p class=\"field full\"><span class=\"wpcf7-form-control-wrap\" data-name=\"behandlung\"><span class=\"wpcf7-form-control wpcf7-checkbox\"><span class=\"wpcf7-list-item first\"><input type=\"checkbox\" name=\"behandlung[]\" value=\"Bauch\" \/><span class=\"wpcf7-list-item-label\">Bauch<\/span><\/span><span class=\"wpcf7-list-item\"><input type=\"checkbox\" name=\"behandlung[]\" value=\"R\u00fccken\" \/><span class=\"wpcf7-list-item-label\">R\u00fccken<\/span><\/span><span class=\"wpcf7-list-item\"><input type=\"checkbox\" name=\"behandlung[]\" value=\"Oberschenkel\" \/><span class=\"wpcf7-list-item-label\">Oberschenkel<\/span><\/span><span class=\"wpcf7-list-item\"><input type=\"checkbox\" name=\"behandlung[]\" value=\"H\u00fcfte\" \/><span class=\"wpcf7-list-item-label\">H\u00fcfte<\/span><\/span><span class=\"wpcf7-list-item\"><input type=\"checkbox\" name=\"behandlung[]\" value=\"Po\" \/><span class=\"wpcf7-list-item-label\">Po<\/span><\/span><span class=\"wpcf7-list-item\"><input type=\"checkbox\" name=\"behandlung[]\" value=\"Oberarme\" \/><span class=\"wpcf7-list-item-label\">Oberarme<\/span><\/span><span class=\"wpcf7-list-item last\"><input type=\"checkbox\" name=\"behandlung[]\" value=\"Kinn\" \/><span class=\"wpcf7-list-item-label\">Kinn<\/span><\/span><\/span><\/span>\n<\/p>\n<p class=\"field message\"><span class=\"wpcf7-form-control-wrap\" data-name=\"nachricht\"><textarea cols=\"40\" rows=\"10\" maxlength=\"2000\" class=\"wpcf7-form-control wpcf7-textarea wpcf7-validates-as-required\" aria-required=\"true\" aria-invalid=\"false\" placeholder=\"Ihre Nachricht...\" name=\"nachricht\"><\/textarea><\/span>\n<\/p>\n<p class=\"field submit full\"><input class=\"wpcf7-form-control wpcf7-submit has-spinner\" type=\"submit\" value=\"Anfrage absenden\" \/>\n<\/p>\n<p class=\"field submit full\"><span class=\"wpcf7-form-control-wrap\" data-name=\"datenschutz\"><span class=\"wpcf7-form-control wpcf7-acceptance\"><span class=\"wpcf7-list-item\"><label><input type=\"checkbox\" name=\"datenschutz\" value=\"1\" aria-invalid=\"false\" \/><span class=\"wpcf7-list-item-label\">Hiermit willige ich ein, dass meine eingegebenen pers\u00f6nlichen Daten, nur zur Bearbeitung der Anfrage elektronisch gespeichert werden d\u00fcrfen. Ich habe die <a href=\"\/datenschutz\/\" target=\"_blank\">Datenschutzerkl\u00e4rung<\/a> gelesen und stimme dieser zu.<\/span><\/label><\/span><\/span><\/span>\n<\/p><div class=\"wpcf7-response-output\" aria-hidden=\"true\"><\/div>\n<\/form>\n<\/div>\n[vc_empty_space height=&#8220;48px&#8220;][\/vc_column][\/vc_row]<\/p>\n","protected":false},"excerpt":{"rendered":"<p>[vc_row][vc_column offset=&#8220;vc_col-xs-12&#8243;][vc_empty_space height=&#8220;48px&#8220;][vc_column_text] Haben Sie in letzter Zeit auch zugenommen? Fett weg ohne OP [\/vc_column_text][vc_column_text] Fett weg ganz einfach und ohne OP &amp; ohne Ausfallzeiten Viele Menschen haben in der Lockdown Zeit zugenommen. Die mangelnde Bewegung durch das Home Office, weniger soziale Kontakte, Frust Essen&#8230; sind Ursache f\u00fcr die Gewichtszunahme. Werden Sie mit uns Ihre [&hellip;]<\/p>\n","protected":false},"author":1,"featured_media":0,"parent":0,"menu_order":1,"comment_status":"closed","ping_status":"closed","template":"","meta":{"footnotes":""},"class_list":["post-1287","page","type-page","status-publish","hentry"],"yoast_head":"<!-- This site is optimized with the Yoast SEO Premium plugin v26.5 (Yoast SEO v26.6) - https:\/\/yoast.com\/wordpress\/plugins\/seo\/ -->\n<title>Fett weg ohne OP | Vereisung der Fettzellen | DOMINIKS KryoFit-Studio in Hof<\/title>\n<meta name=\"description\" content=\"Wollen Sie auch Ihr \u00fcberfl\u00fcssiges Fett verlieren? Schnell &amp; einfach ohne OP | Dann kommen Sie ins KryoFit-Studio in Hof und lassen Sie Ihr Fett wegfrieren!\" \/>\n<meta name=\"robots\" content=\"index, follow, max-snippet:-1, max-image-preview:large, max-video-preview:-1\" \/>\n<link rel=\"canonical\" href=\"https:\/\/dominik-s.de\/kryofit-studio\/fett-weg-ohne-op\/\" \/>\n<meta property=\"og:locale\" content=\"de_DE\" \/>\n<meta property=\"og:type\" content=\"article\" \/>\n<meta property=\"og:title\" content=\"KryoFit - Fett weg ohne OP\" \/>\n<meta property=\"og:description\" content=\"Haben Sie in letzter Zeit auch zugenommen? Fett weg ohne OP Fett weg ganz einfach und ohne OP &amp; ohne Ausfallzeiten Viele Menschen haben in der\" \/>\n<meta property=\"og:url\" content=\"https:\/\/dominik-s.de\/kryofit-studio\/fett-weg-ohne-op\/\" \/>\n<meta property=\"og:site_name\" content=\"KryoFit - DOMINIKS Kryolipolyse Studio\" \/>\n<meta property=\"article:modified_time\" content=\"2024-07-01T08:56:59+00:00\" \/>\n<meta name=\"twitter:card\" content=\"summary_large_image\" \/>\n<meta name=\"twitter:label1\" content=\"Gesch\u00e4tzte Lesezeit\" \/>\n\t<meta name=\"twitter:data1\" content=\"3\u00a0Minuten\" \/>\n<script type=\"application\/ld+json\" class=\"yoast-schema-graph\">{\"@context\":\"https:\/\/schema.org\",\"@graph\":[{\"@type\":\"WebPage\",\"@id\":\"https:\/\/dominik-s.de\/kryofit-studio\/fett-weg-ohne-op\/\",\"url\":\"https:\/\/dominik-s.de\/kryofit-studio\/fett-weg-ohne-op\/\",\"name\":\"Fett weg ohne OP | Vereisung der Fettzellen | DOMINIKS KryoFit-Studio in Hof\",\"isPartOf\":{\"@id\":\"https:\/\/dominik-s.de\/kryofit-studio\/#website\"},\"datePublished\":\"2020-08-07T07:00:24+00:00\",\"dateModified\":\"2024-07-01T08:56:59+00:00\",\"description\":\"Wollen Sie auch Ihr \u00fcberfl\u00fcssiges Fett verlieren? Schnell & einfach ohne OP | Dann kommen Sie ins KryoFit-Studio in Hof und lassen Sie Ihr Fett wegfrieren!\",\"breadcrumb\":{\"@id\":\"https:\/\/dominik-s.de\/kryofit-studio\/fett-weg-ohne-op\/#breadcrumb\"},\"inLanguage\":\"de\",\"potentialAction\":[{\"@type\":\"ReadAction\",\"target\":[\"https:\/\/dominik-s.de\/kryofit-studio\/fett-weg-ohne-op\/\"]}]},{\"@type\":\"BreadcrumbList\",\"@id\":\"https:\/\/dominik-s.de\/kryofit-studio\/fett-weg-ohne-op\/#breadcrumb\",\"itemListElement\":[{\"@type\":\"ListItem\",\"position\":1,\"name\":\"Startseite\",\"item\":\"https:\/\/dominik-s.de\/kryofit-studio\/\"},{\"@type\":\"ListItem\",\"position\":2,\"name\":\"KryoFit &#8211; Fett weg ohne OP\"}]},{\"@type\":\"WebSite\",\"@id\":\"https:\/\/dominik-s.de\/kryofit-studio\/#website\",\"url\":\"https:\/\/dominik-s.de\/kryofit-studio\/\",\"name\":\"KryoFit - DOMINIKS Kryolipolyse Studio\",\"description\":\"Kryolipolyse - Fett weg ohne OP\",\"publisher\":{\"@id\":\"https:\/\/dominik-s.de\/kryofit-studio\/#organization\"},\"potentialAction\":[{\"@type\":\"SearchAction\",\"target\":{\"@type\":\"EntryPoint\",\"urlTemplate\":\"https:\/\/dominik-s.de\/kryofit-studio\/?s={search_term_string}\"},\"query-input\":{\"@type\":\"PropertyValueSpecification\",\"valueRequired\":true,\"valueName\":\"search_term_string\"}}],\"inLanguage\":\"de\"},{\"@type\":\"Organization\",\"@id\":\"https:\/\/dominik-s.de\/kryofit-studio\/#organization\",\"name\":\"Dominik-s - Fitness, Wellness, Gesundheit in Hof\",\"url\":\"https:\/\/dominik-s.de\/kryofit-studio\/\",\"logo\":{\"@type\":\"ImageObject\",\"inLanguage\":\"de\",\"@id\":\"https:\/\/dominik-s.de\/kryofit-studio\/#\/schema\/logo\/image\/\",\"url\":\"https:\/\/dominik-s.de\/kryofit-studio\/wp-content\/uploads\/sites\/5\/2019\/11\/dominiks-logo.jpg\",\"contentUrl\":\"https:\/\/dominik-s.de\/kryofit-studio\/wp-content\/uploads\/sites\/5\/2019\/11\/dominiks-logo.jpg\",\"width\":425,\"height\":184,\"caption\":\"Dominik-s - Fitness, Wellness, Gesundheit in Hof\"},\"image\":{\"@id\":\"https:\/\/dominik-s.de\/kryofit-studio\/#\/schema\/logo\/image\/\"}}]}<\/script>\n<!-- \/ Yoast SEO Premium plugin. -->","yoast_head_json":{"title":"Fett weg ohne OP | Vereisung der Fettzellen | DOMINIKS KryoFit-Studio in Hof","description":"Wollen Sie auch Ihr \u00fcberfl\u00fcssiges Fett verlieren? Schnell & einfach ohne OP | Dann kommen Sie ins KryoFit-Studio in Hof und lassen Sie Ihr Fett wegfrieren!","robots":{"index":"index","follow":"follow","max-snippet":"max-snippet:-1","max-image-preview":"max-image-preview:large","max-video-preview":"max-video-preview:-1"},"canonical":"https:\/\/dominik-s.de\/kryofit-studio\/fett-weg-ohne-op\/","og_locale":"de_DE","og_type":"article","og_title":"KryoFit - Fett weg ohne OP","og_description":"Haben Sie in letzter Zeit auch zugenommen? Fett weg ohne OP Fett weg ganz einfach und ohne OP &amp; ohne Ausfallzeiten Viele Menschen haben in der","og_url":"https:\/\/dominik-s.de\/kryofit-studio\/fett-weg-ohne-op\/","og_site_name":"KryoFit - DOMINIKS Kryolipolyse Studio","article_modified_time":"2024-07-01T08:56:59+00:00","twitter_card":"summary_large_image","twitter_misc":{"Gesch\u00e4tzte Lesezeit":"3\u00a0Minuten"},"schema":{"@context":"https:\/\/schema.org","@graph":[{"@type":"WebPage","@id":"https:\/\/dominik-s.de\/kryofit-studio\/fett-weg-ohne-op\/","url":"https:\/\/dominik-s.de\/kryofit-studio\/fett-weg-ohne-op\/","name":"Fett weg ohne OP | Vereisung der Fettzellen | DOMINIKS KryoFit-Studio in Hof","isPartOf":{"@id":"https:\/\/dominik-s.de\/kryofit-studio\/#website"},"datePublished":"2020-08-07T07:00:24+00:00","dateModified":"2024-07-01T08:56:59+00:00","description":"Wollen Sie auch Ihr \u00fcberfl\u00fcssiges Fett verlieren? Schnell & einfach ohne OP | Dann kommen Sie ins KryoFit-Studio in Hof und lassen Sie Ihr Fett wegfrieren!","breadcrumb":{"@id":"https:\/\/dominik-s.de\/kryofit-studio\/fett-weg-ohne-op\/#breadcrumb"},"inLanguage":"de","potentialAction":[{"@type":"ReadAction","target":["https:\/\/dominik-s.de\/kryofit-studio\/fett-weg-ohne-op\/"]}]},{"@type":"BreadcrumbList","@id":"https:\/\/dominik-s.de\/kryofit-studio\/fett-weg-ohne-op\/#breadcrumb","itemListElement":[{"@type":"ListItem","position":1,"name":"Startseite","item":"https:\/\/dominik-s.de\/kryofit-studio\/"},{"@type":"ListItem","position":2,"name":"KryoFit &#8211; Fett weg ohne OP"}]},{"@type":"WebSite","@id":"https:\/\/dominik-s.de\/kryofit-studio\/#website","url":"https:\/\/dominik-s.de\/kryofit-studio\/","name":"KryoFit - DOMINIKS Kryolipolyse Studio","description":"Kryolipolyse - Fett weg ohne OP","publisher":{"@id":"https:\/\/dominik-s.de\/kryofit-studio\/#organization"},"potentialAction":[{"@type":"SearchAction","target":{"@type":"EntryPoint","urlTemplate":"https:\/\/dominik-s.de\/kryofit-studio\/?s={search_term_string}"},"query-input":{"@type":"PropertyValueSpecification","valueRequired":true,"valueName":"search_term_string"}}],"inLanguage":"de"},{"@type":"Organization","@id":"https:\/\/dominik-s.de\/kryofit-studio\/#organization","name":"Dominik-s - Fitness, Wellness, Gesundheit in Hof","url":"https:\/\/dominik-s.de\/kryofit-studio\/","logo":{"@type":"ImageObject","inLanguage":"de","@id":"https:\/\/dominik-s.de\/kryofit-studio\/#\/schema\/logo\/image\/","url":"https:\/\/dominik-s.de\/kryofit-studio\/wp-content\/uploads\/sites\/5\/2019\/11\/dominiks-logo.jpg","contentUrl":"https:\/\/dominik-s.de\/kryofit-studio\/wp-content\/uploads\/sites\/5\/2019\/11\/dominiks-logo.jpg","width":425,"height":184,"caption":"Dominik-s - Fitness, Wellness, Gesundheit in Hof"},"image":{"@id":"https:\/\/dominik-s.de\/kryofit-studio\/#\/schema\/logo\/image\/"}}]}},"_links":{"self":[{"href":"https:\/\/dominik-s.de\/kryofit-studio\/wp-json\/wp\/v2\/pages\/1287","targetHints":{"allow":["GET"]}}],"collection":[{"href":"https:\/\/dominik-s.de\/kryofit-studio\/wp-json\/wp\/v2\/pages"}],"about":[{"href":"https:\/\/dominik-s.de\/kryofit-studio\/wp-json\/wp\/v2\/types\/page"}],"author":[{"embeddable":true,"href":"https:\/\/dominik-s.de\/kryofit-studio\/wp-json\/wp\/v2\/users\/1"}],"replies":[{"embeddable":true,"href":"https:\/\/dominik-s.de\/kryofit-studio\/wp-json\/wp\/v2\/comments?post=1287"}],"version-history":[{"count":42,"href":"https:\/\/dominik-s.de\/kryofit-studio\/wp-json\/wp\/v2\/pages\/1287\/revisions"}],"predecessor-version":[{"id":1887,"href":"https:\/\/dominik-s.de\/kryofit-studio\/wp-json\/wp\/v2\/pages\/1287\/revisions\/1887"}],"wp:attachment":[{"href":"https:\/\/dominik-s.de\/kryofit-studio\/wp-json\/wp\/v2\/media?parent=1287"}],"curies":[{"name":"wp","href":"https:\/\/api.w.org\/{rel}","templated":true}]}}