
{"id":147,"date":"2016-10-31T09:37:01","date_gmt":"2016-10-31T08:37:01","guid":{"rendered":"http:\/\/vianovashop.de\/kryofit-studio\/?page_id=147"},"modified":"2025-07-30T14:45:20","modified_gmt":"2025-07-30T12:45:20","slug":"kontakt-kryolipolyse-studio-kryofit","status":"publish","type":"page","link":"https:\/\/dominik-s.de\/kryofit-studio\/kontakt-kryolipolyse-studio-kryofit\/","title":{"rendered":"Kontakt Kryolipolyse-Studio KryoFit"},"content":{"rendered":"<p>[vc_row css=&#8220;.vc_custom_1753878402837{margin-top: 48px !important;margin-bottom: 16px !important;}&#8220;][vc_column][vc_column_text]<\/p>\n<div class=\"sc85_heading wpb_content_element inverted center\">\n<div class=\"subtitle\" style=\"text-align: center; font-size: 12pt;\">Kontakt aufnehmen<\/div>\n<h1 class=\"title\" style=\"text-align: center; font-size: 26pt;\">Wir beraten Sie gerne!<\/h1>\n<\/div>\n<p>[\/vc_column_text][vc_column_text]<\/p>\n<div class=\"sc85_heading wpb_content_element impact center\">\n<div class=\"subtitle\">\n<p style=\"text-align: center; font-size: 12pt;\">Gerne vereinbaren wir mit Ihnen ein kostenloses und unverbindliches Beratungsgespr\u00e4ch im Kryofit Studio in Hof. Wir beraten Sie gerne dar\u00fcber, wie wir Ihre Problemzonen behandeln k\u00f6nnen. Nutzen Sie unsere langj\u00e4hrigen Erfahrung mit dem Kryolipolyse Verfahren. Schreiben Sie uns eine Nachricht \u00fcber das Kontaktformular oder WhatsApp. Sie k\u00f6nnen uns aber auch gerne direkt anrufen.<\/p>\n<p style=\"text-align: center;\"><a style=\"color: #ffffff;\" href=\"tel:092818189600\"><button style=\"font-size: 11pt; background-color: #ffffff; border: none; color: black;\">09281 818 96 00<\/button><\/a><\/p>\n<p style=\"text-align: center;\"><a style=\"color: #ffffff;\" href=\"https:\/\/wa.me\/491774139782?text=%20Hallo,%20ich%20m%C3%B6chte%20gerne%20einen%20Termin%20vereinbaren.%20Mein%20Wunschtermin%20w\u00e4re:\" target=\"_blank\" rel=\"noopener noreferrer\"><button style=\"font-size: 11pt; background-color: #ffffff; border: none; color: black;\">WhatsApp Nachricht<\/button><\/a><\/p>\n<\/div>\n<\/div>\n<p>[\/vc_column_text][\/vc_column][\/vc_row][vc_row full_width=&#8220;stretch_row&#8220; css=&#8220;.vc_custom_1753879517897{background-color: #000000 !important;}&#8220;][vc_column]\n<div class=\"wpcf7 no-js\" id=\"wpcf7-f170-o1\" lang=\"de-DE\" dir=\"ltr\" data-wpcf7-id=\"170\">\n<div class=\"screen-reader-response\"><p role=\"status\" aria-live=\"polite\" aria-atomic=\"true\"><\/p> <ul><\/ul><\/div>\n<form action=\"\/kryofit-studio\/wp-json\/wp\/v2\/pages\/147#wpcf7-f170-o1\" method=\"post\" class=\"wpcf7-form init wpcf7-acceptance-as-validation\" aria-label=\"Kontaktformular\" novalidate=\"novalidate\" data-status=\"init\">\n<fieldset class=\"hidden-fields-container\"><input type=\"hidden\" name=\"_wpcf7\" value=\"170\" \/><input type=\"hidden\" name=\"_wpcf7_version\" value=\"6.1.4\" \/><input type=\"hidden\" name=\"_wpcf7_locale\" value=\"de_DE\" \/><input type=\"hidden\" name=\"_wpcf7_unit_tag\" value=\"wpcf7-f170-o1\" \/><input type=\"hidden\" name=\"_wpcf7_container_post\" value=\"0\" \/><input type=\"hidden\" name=\"_wpcf7_posted_data_hash\" value=\"\" \/><input type=\"hidden\" name=\"_wpcf7_recaptcha_response\" value=\"\" \/>\n<\/fieldset>\n<p class=\"field name\"><span class=\"wpcf7-form-control-wrap\" data-name=\"name1\"><input size=\"40\" maxlength=\"400\" class=\"wpcf7-form-control wpcf7-text wpcf7-validates-as-required\" aria-required=\"true\" aria-invalid=\"false\" placeholder=\"Ihr Name...\" value=\"\" type=\"text\" name=\"name1\" \/><\/span>\n<\/p>\n<p class=\"field email\"><span class=\"wpcf7-form-control-wrap\" data-name=\"email\"><input size=\"40\" maxlength=\"400\" class=\"wpcf7-form-control wpcf7-email wpcf7-validates-as-required wpcf7-text wpcf7-validates-as-email\" aria-required=\"true\" aria-invalid=\"false\" placeholder=\"Ihre E-Mail...\" value=\"\" type=\"email\" name=\"email\" \/><\/span>\n<\/p>\n<p class=\"field phone\"><span class=\"wpcf7-form-control-wrap\" data-name=\"telefon\"><input size=\"40\" maxlength=\"400\" class=\"wpcf7-form-control wpcf7-tel wpcf7-validates-as-required wpcf7-text wpcf7-validates-as-tel\" aria-required=\"true\" aria-invalid=\"false\" placeholder=\"Ihre Telefonnummer...\" value=\"\" type=\"tel\" name=\"telefon\" \/><\/span>\n<\/p>\n<p class=\"field full\">Gew\u00fcnschte Behandlung:<br \/>\n(Mehrfachauswahl m\u00f6glich)\n<\/p>\n<p class=\"field full\"><span class=\"wpcf7-form-control-wrap\" data-name=\"behandlung\"><span class=\"wpcf7-form-control wpcf7-checkbox\"><span class=\"wpcf7-list-item first\"><input type=\"checkbox\" name=\"behandlung[]\" value=\"Bauch\" \/><span class=\"wpcf7-list-item-label\">Bauch<\/span><\/span><span class=\"wpcf7-list-item\"><input type=\"checkbox\" name=\"behandlung[]\" value=\"R\u00fccken\" \/><span class=\"wpcf7-list-item-label\">R\u00fccken<\/span><\/span><span class=\"wpcf7-list-item\"><input type=\"checkbox\" name=\"behandlung[]\" value=\"Oberschenkel\" \/><span class=\"wpcf7-list-item-label\">Oberschenkel<\/span><\/span><span class=\"wpcf7-list-item\"><input type=\"checkbox\" name=\"behandlung[]\" value=\"H\u00fcfte\" \/><span class=\"wpcf7-list-item-label\">H\u00fcfte<\/span><\/span><span class=\"wpcf7-list-item\"><input type=\"checkbox\" name=\"behandlung[]\" value=\"Po\" \/><span class=\"wpcf7-list-item-label\">Po<\/span><\/span><span class=\"wpcf7-list-item\"><input type=\"checkbox\" name=\"behandlung[]\" value=\"Oberarme\" \/><span class=\"wpcf7-list-item-label\">Oberarme<\/span><\/span><span class=\"wpcf7-list-item last\"><input type=\"checkbox\" name=\"behandlung[]\" value=\"Kinn\" \/><span class=\"wpcf7-list-item-label\">Kinn<\/span><\/span><\/span><\/span>\n<\/p>\n<p class=\"field message\"><span class=\"wpcf7-form-control-wrap\" data-name=\"nachricht\"><textarea cols=\"40\" rows=\"10\" maxlength=\"2000\" class=\"wpcf7-form-control wpcf7-textarea wpcf7-validates-as-required\" aria-required=\"true\" aria-invalid=\"false\" placeholder=\"Ihre Nachricht...\" name=\"nachricht\"><\/textarea><\/span>\n<\/p>\n<p class=\"field submit full\"><input class=\"wpcf7-form-control wpcf7-submit has-spinner\" type=\"submit\" value=\"Anfrage absenden\" \/>\n<\/p>\n<p class=\"field submit full\"><span class=\"wpcf7-form-control-wrap\" data-name=\"datenschutz\"><span class=\"wpcf7-form-control wpcf7-acceptance\"><span class=\"wpcf7-list-item\"><label><input type=\"checkbox\" name=\"datenschutz\" value=\"1\" aria-invalid=\"false\" \/><span class=\"wpcf7-list-item-label\">Hiermit willige ich ein, dass meine eingegebenen pers\u00f6nlichen Daten, nur zur Bearbeitung der Anfrage elektronisch gespeichert werden d\u00fcrfen. Ich habe die <a href=\"https:\/\/dominik-s.de\/datenschutz\/\" target=\"_blank\">Datenschutzerkl\u00e4rung<\/a> gelesen und stimme dieser zu.<\/span><\/label><\/span><\/span><\/span>\n<\/p><div class=\"wpcf7-response-output\" aria-hidden=\"true\"><\/div>\n<\/form>\n<\/div>\n[\/vc_column][\/vc_row][vc_row][vc_column][vc_column_text]<\/p>\n<div class=\"sc85_heading wpb_content_element inverted center\">\n<div class=\"subtitle\" style=\"text-align: center; font-size: 12pt;\">So finden Sie uns<\/div>\n<h1 class=\"title\" style=\"text-align: center; font-size: 26pt;\">Der Weg zu uns!<\/h1>\n<\/div>\n<p>[\/vc_column_text][vc_column_text]<\/p>\n<div class=\"sc85_heading wpb_content_element impact center\">\n<div class=\"subtitle\">\n<p style=\"text-align: center; font-size: 12pt;\">Nach Klick auf die Karte, l\u00e4sst sich diese verschieben und die Route planen. Unser Kryolipolyse-Studio befindet sich in den R\u00e4umlichkeiten des Kosmetikstudios HofBeauty.)<\/p>\n<\/div>\n<\/div>\n<p>[\/vc_column_text][vc_gmaps link=&#8220;#E-8_JTNDaWZyYW1lJTIwc3JjJTNEJTIyaHR0cHMlM0ElMkYlMkZ3d3cuZ29vZ2xlLmNvbSUyRm1hcHMlMkZlbWJlZCUzRnBiJTNEJTIxMW0xOCUyMTFtMTIlMjExbTMlMjExZDUwOTQuODExOTg1MzY1Njc3JTIxMmQxMS45MDQ5NzkyNzYyOTg0NjQlMjEzZDUwLjMyMTY3NjM3MTU2NzkxJTIxMm0zJTIxMWYwJTIxMmYwJTIxM2YwJTIxM20yJTIxMWkxMDI0JTIxMmk3NjglMjE0ZjEzLjElMjEzbTMlMjExbTIlMjExczB4NDdhMTE3NTIxMzE3ZDgwNSUyNTNBMHg3OGVkYjdkZGI1Mjk5MTVhJTIxMnNLcnlvZml0JTI1MjBTdHVkaW8lMjE1ZTAlMjEzbTIlMjExc2RlJTIxMnNkZSUyMTR2MTcxMzg2Mjk1MTcwNiUyMTVtMiUyMTFzZGUlMjEyc2RlJTIyJTIwd2lkdGglM0QlMjI2MDAlMjIlMjBoZWlnaHQlM0QlMjI0NTAlMjIlMjBzdHlsZSUzRCUyMmJvcmRlciUzQTAlM0IlMjIlMjBhbGxvd2Z1bGxzY3JlZW4lM0QlMjIlMjIlMjBsb2FkaW5nJTNEJTIybGF6eSUyMiUyMHJlZmVycmVycG9saWN5JTNEJTIybm8tcmVmZXJyZXItd2hlbi1kb3duZ3JhZGUlMjIlM0UlM0MlMkZpZnJhbWUlM0U=&#8220;][\/vc_column][\/vc_row]<\/p>\n","protected":false},"excerpt":{"rendered":"<p>[vc_row css=&#8220;.vc_custom_1753878402837{margin-top: 48px !important;margin-bottom: 16px !important;}&#8220;][vc_column][vc_column_text] Kontakt aufnehmen Wir beraten Sie gerne! [\/vc_column_text][vc_column_text] Gerne vereinbaren wir mit Ihnen ein kostenloses und unverbindliches Beratungsgespr\u00e4ch im Kryofit Studio in Hof. Wir beraten Sie gerne dar\u00fcber, wie wir Ihre Problemzonen behandeln k\u00f6nnen. Nutzen Sie unsere langj\u00e4hrigen Erfahrung mit dem Kryolipolyse Verfahren. Schreiben Sie uns eine Nachricht \u00fcber das [&hellip;]<\/p>\n","protected":false},"author":1,"featured_media":0,"parent":0,"menu_order":27,"comment_status":"closed","ping_status":"closed","template":"","meta":{"footnotes":""},"class_list":["post-147","page","type-page","status-publish","hentry"],"yoast_head":"<!-- This site is optimized with the Yoast SEO Premium plugin v26.5 (Yoast SEO v26.6) - https:\/\/yoast.com\/wordpress\/plugins\/seo\/ -->\n<title>Kontakt | DOMINIKS KryoFit-Studio in Hof<\/title>\n<meta name=\"description\" content=\"Nehmen Sie Kontakt mit uns auf. Kontaktinfo f\u00fcr Fragen, W\u00fcnsche und Anregungen zum Kryolipolyse-Studio KryoFit in Hof an der Saale.\" \/>\n<meta name=\"robots\" content=\"index, follow, max-snippet:-1, max-image-preview:large, max-video-preview:-1\" \/>\n<link rel=\"canonical\" href=\"https:\/\/dominik-s.de\/kryofit-studio\/kontakt-kryolipolyse-studio-kryofit\/\" \/>\n<meta property=\"og:locale\" content=\"de_DE\" \/>\n<meta property=\"og:type\" content=\"article\" \/>\n<meta property=\"og:title\" content=\"Kontakt Kryolipolyse-Studio KryoFit\" \/>\n<meta property=\"og:description\" content=\"Kontakt aufnehmen Wir beraten Sie gerne! Gerne vereinbaren wir mit Ihnen ein kostenloses und unverbindliches Beratungsgespr\u00e4ch im Kryofit Studio in Hof.\" \/>\n<meta property=\"og:url\" content=\"https:\/\/dominik-s.de\/kryofit-studio\/kontakt-kryolipolyse-studio-kryofit\/\" \/>\n<meta property=\"og:site_name\" content=\"KryoFit - DOMINIKS Kryolipolyse Studio\" \/>\n<meta property=\"article:modified_time\" content=\"2025-07-30T12:45:20+00:00\" \/>\n<meta name=\"twitter:card\" content=\"summary_large_image\" \/>\n<meta name=\"twitter:label1\" content=\"Gesch\u00e4tzte Lesezeit\" \/>\n\t<meta name=\"twitter:data1\" content=\"1\u00a0Minute\" \/>\n<script type=\"application\/ld+json\" class=\"yoast-schema-graph\">{\"@context\":\"https:\/\/schema.org\",\"@graph\":[{\"@type\":\"WebPage\",\"@id\":\"https:\/\/dominik-s.de\/kryofit-studio\/kontakt-kryolipolyse-studio-kryofit\/\",\"url\":\"https:\/\/dominik-s.de\/kryofit-studio\/kontakt-kryolipolyse-studio-kryofit\/\",\"name\":\"Kontakt | DOMINIKS KryoFit-Studio in Hof\",\"isPartOf\":{\"@id\":\"https:\/\/dominik-s.de\/kryofit-studio\/#website\"},\"datePublished\":\"2016-10-31T08:37:01+00:00\",\"dateModified\":\"2025-07-30T12:45:20+00:00\",\"description\":\"Nehmen Sie Kontakt mit uns auf. Kontaktinfo f\u00fcr Fragen, W\u00fcnsche und Anregungen zum Kryolipolyse-Studio KryoFit in Hof an der Saale.\",\"breadcrumb\":{\"@id\":\"https:\/\/dominik-s.de\/kryofit-studio\/kontakt-kryolipolyse-studio-kryofit\/#breadcrumb\"},\"inLanguage\":\"de\",\"potentialAction\":[{\"@type\":\"ReadAction\",\"target\":[\"https:\/\/dominik-s.de\/kryofit-studio\/kontakt-kryolipolyse-studio-kryofit\/\"]}]},{\"@type\":\"BreadcrumbList\",\"@id\":\"https:\/\/dominik-s.de\/kryofit-studio\/kontakt-kryolipolyse-studio-kryofit\/#breadcrumb\",\"itemListElement\":[{\"@type\":\"ListItem\",\"position\":1,\"name\":\"Startseite\",\"item\":\"https:\/\/dominik-s.de\/kryofit-studio\/\"},{\"@type\":\"ListItem\",\"position\":2,\"name\":\"Kontakt Kryolipolyse-Studio KryoFit\"}]},{\"@type\":\"WebSite\",\"@id\":\"https:\/\/dominik-s.de\/kryofit-studio\/#website\",\"url\":\"https:\/\/dominik-s.de\/kryofit-studio\/\",\"name\":\"KryoFit - DOMINIKS Kryolipolyse Studio\",\"description\":\"Kryolipolyse - Fett weg ohne OP\",\"publisher\":{\"@id\":\"https:\/\/dominik-s.de\/kryofit-studio\/#organization\"},\"potentialAction\":[{\"@type\":\"SearchAction\",\"target\":{\"@type\":\"EntryPoint\",\"urlTemplate\":\"https:\/\/dominik-s.de\/kryofit-studio\/?s={search_term_string}\"},\"query-input\":{\"@type\":\"PropertyValueSpecification\",\"valueRequired\":true,\"valueName\":\"search_term_string\"}}],\"inLanguage\":\"de\"},{\"@type\":\"Organization\",\"@id\":\"https:\/\/dominik-s.de\/kryofit-studio\/#organization\",\"name\":\"Dominik-s - Fitness, Wellness, Gesundheit in Hof\",\"url\":\"https:\/\/dominik-s.de\/kryofit-studio\/\",\"logo\":{\"@type\":\"ImageObject\",\"inLanguage\":\"de\",\"@id\":\"https:\/\/dominik-s.de\/kryofit-studio\/#\/schema\/logo\/image\/\",\"url\":\"https:\/\/dominik-s.de\/kryofit-studio\/wp-content\/uploads\/sites\/5\/2019\/11\/dominiks-logo.jpg\",\"contentUrl\":\"https:\/\/dominik-s.de\/kryofit-studio\/wp-content\/uploads\/sites\/5\/2019\/11\/dominiks-logo.jpg\",\"width\":425,\"height\":184,\"caption\":\"Dominik-s - Fitness, Wellness, Gesundheit in Hof\"},\"image\":{\"@id\":\"https:\/\/dominik-s.de\/kryofit-studio\/#\/schema\/logo\/image\/\"}}]}<\/script>\n<!-- \/ Yoast SEO Premium plugin. -->","yoast_head_json":{"title":"Kontakt | DOMINIKS KryoFit-Studio in Hof","description":"Nehmen Sie Kontakt mit uns auf. Kontaktinfo f\u00fcr Fragen, W\u00fcnsche und Anregungen zum Kryolipolyse-Studio KryoFit in Hof an der Saale.","robots":{"index":"index","follow":"follow","max-snippet":"max-snippet:-1","max-image-preview":"max-image-preview:large","max-video-preview":"max-video-preview:-1"},"canonical":"https:\/\/dominik-s.de\/kryofit-studio\/kontakt-kryolipolyse-studio-kryofit\/","og_locale":"de_DE","og_type":"article","og_title":"Kontakt Kryolipolyse-Studio KryoFit","og_description":"Kontakt aufnehmen Wir beraten Sie gerne! Gerne vereinbaren wir mit Ihnen ein kostenloses und unverbindliches Beratungsgespr\u00e4ch im Kryofit Studio in Hof.","og_url":"https:\/\/dominik-s.de\/kryofit-studio\/kontakt-kryolipolyse-studio-kryofit\/","og_site_name":"KryoFit - DOMINIKS Kryolipolyse Studio","article_modified_time":"2025-07-30T12:45:20+00:00","twitter_card":"summary_large_image","twitter_misc":{"Gesch\u00e4tzte Lesezeit":"1\u00a0Minute"},"schema":{"@context":"https:\/\/schema.org","@graph":[{"@type":"WebPage","@id":"https:\/\/dominik-s.de\/kryofit-studio\/kontakt-kryolipolyse-studio-kryofit\/","url":"https:\/\/dominik-s.de\/kryofit-studio\/kontakt-kryolipolyse-studio-kryofit\/","name":"Kontakt | DOMINIKS KryoFit-Studio in Hof","isPartOf":{"@id":"https:\/\/dominik-s.de\/kryofit-studio\/#website"},"datePublished":"2016-10-31T08:37:01+00:00","dateModified":"2025-07-30T12:45:20+00:00","description":"Nehmen Sie Kontakt mit uns auf. Kontaktinfo f\u00fcr Fragen, W\u00fcnsche und Anregungen zum Kryolipolyse-Studio KryoFit in Hof an der Saale.","breadcrumb":{"@id":"https:\/\/dominik-s.de\/kryofit-studio\/kontakt-kryolipolyse-studio-kryofit\/#breadcrumb"},"inLanguage":"de","potentialAction":[{"@type":"ReadAction","target":["https:\/\/dominik-s.de\/kryofit-studio\/kontakt-kryolipolyse-studio-kryofit\/"]}]},{"@type":"BreadcrumbList","@id":"https:\/\/dominik-s.de\/kryofit-studio\/kontakt-kryolipolyse-studio-kryofit\/#breadcrumb","itemListElement":[{"@type":"ListItem","position":1,"name":"Startseite","item":"https:\/\/dominik-s.de\/kryofit-studio\/"},{"@type":"ListItem","position":2,"name":"Kontakt Kryolipolyse-Studio KryoFit"}]},{"@type":"WebSite","@id":"https:\/\/dominik-s.de\/kryofit-studio\/#website","url":"https:\/\/dominik-s.de\/kryofit-studio\/","name":"KryoFit - DOMINIKS Kryolipolyse Studio","description":"Kryolipolyse - Fett weg ohne OP","publisher":{"@id":"https:\/\/dominik-s.de\/kryofit-studio\/#organization"},"potentialAction":[{"@type":"SearchAction","target":{"@type":"EntryPoint","urlTemplate":"https:\/\/dominik-s.de\/kryofit-studio\/?s={search_term_string}"},"query-input":{"@type":"PropertyValueSpecification","valueRequired":true,"valueName":"search_term_string"}}],"inLanguage":"de"},{"@type":"Organization","@id":"https:\/\/dominik-s.de\/kryofit-studio\/#organization","name":"Dominik-s - Fitness, Wellness, Gesundheit in Hof","url":"https:\/\/dominik-s.de\/kryofit-studio\/","logo":{"@type":"ImageObject","inLanguage":"de","@id":"https:\/\/dominik-s.de\/kryofit-studio\/#\/schema\/logo\/image\/","url":"https:\/\/dominik-s.de\/kryofit-studio\/wp-content\/uploads\/sites\/5\/2019\/11\/dominiks-logo.jpg","contentUrl":"https:\/\/dominik-s.de\/kryofit-studio\/wp-content\/uploads\/sites\/5\/2019\/11\/dominiks-logo.jpg","width":425,"height":184,"caption":"Dominik-s - Fitness, Wellness, Gesundheit in Hof"},"image":{"@id":"https:\/\/dominik-s.de\/kryofit-studio\/#\/schema\/logo\/image\/"}}]}},"_links":{"self":[{"href":"https:\/\/dominik-s.de\/kryofit-studio\/wp-json\/wp\/v2\/pages\/147","targetHints":{"allow":["GET"]}}],"collection":[{"href":"https:\/\/dominik-s.de\/kryofit-studio\/wp-json\/wp\/v2\/pages"}],"about":[{"href":"https:\/\/dominik-s.de\/kryofit-studio\/wp-json\/wp\/v2\/types\/page"}],"author":[{"embeddable":true,"href":"https:\/\/dominik-s.de\/kryofit-studio\/wp-json\/wp\/v2\/users\/1"}],"replies":[{"embeddable":true,"href":"https:\/\/dominik-s.de\/kryofit-studio\/wp-json\/wp\/v2\/comments?post=147"}],"version-history":[{"count":19,"href":"https:\/\/dominik-s.de\/kryofit-studio\/wp-json\/wp\/v2\/pages\/147\/revisions"}],"predecessor-version":[{"id":2001,"href":"https:\/\/dominik-s.de\/kryofit-studio\/wp-json\/wp\/v2\/pages\/147\/revisions\/2001"}],"wp:attachment":[{"href":"https:\/\/dominik-s.de\/kryofit-studio\/wp-json\/wp\/v2\/media?parent=147"}],"curies":[{"name":"wp","href":"https:\/\/api.w.org\/{rel}","templated":true}]}}