
{"id":189,"date":"2016-10-31T12:33:51","date_gmt":"2016-10-31T11:33:51","guid":{"rendered":"http:\/\/vianovashop.de\/kryofit-studio\/?page_id=189"},"modified":"2024-04-23T11:57:04","modified_gmt":"2024-04-23T09:57:04","slug":"wissenschaftliche-kryolipolyse-studien","status":"publish","type":"page","link":"https:\/\/dominik-s.de\/kryofit-studio\/wissenschaftliche-kryolipolyse-studien\/","title":{"rendered":"Wissenschaftliche Kryolipolyse Studien"},"content":{"rendered":"<p>[vc_row full_width=&#8220;stretch_row&#8220;][vc_column offset=&#8220;vc_col-xs-12&#8243;][vc_empty_space][vc_column_text]<\/p>\n<div class=\"sc85_heading wpb_content_element inverted center\">\n<div class=\"subtitle\" style=\"text-align: center; font-size: 12pt;\">Vereisung der Fettzellen<\/div>\n<h1 class=\"title\" style=\"text-align: center; font-size: 28pt;\">Wissenschaftliche Studien<\/h1>\n<\/div>\n<p>[\/vc_column_text][vc_column_text]<\/p>\n<div class=\"sc85_heading wpb_content_element impact center\">\n<div class=\"subtitle\">\n<p style=\"text-align: center; font-size: 11pt;\">Wissenschaftliche Kryolipolyse Studien belegen, dass die Kryolipolyse zur Vereisung von Fettzellen geeignet sein kann.<br \/>\nBen\u00f6tigen wir Energie, zum Beispiel f\u00fcr Bewegungen, sch\u00fcttet unser K\u00f6rper das Hormon Adrenalin aus. Dieses bewirkt, dass das Fett in der Fettzelle abgebaut wird und seine Bestandteile an das Blut abgegeben werden, damit die K\u00f6rperzellen \u00fcber das Blut ern\u00e4hrt werden k\u00f6nnen. Hier liegt schon ein weiteres Problem: Ein lokaler Fettabbau ist nicht m\u00f6glich, da das Hormon Adrenalin \u00fcber das Blut im ganzen K\u00f6rper, \u00fcberall dort wo sein Rezeptor ist, wirkt! Habe ich also ein Fettpolster am Bauch, das ich loswerden m\u00f6chte, kann ich es nicht forciert durch vermehrtes Training der Bauchmuskulatur abbauen!<br \/>\nWissenschaftliche Kryolipolyse Studien belegen, dass K\u00f6rperfett an verschiedenen Stellen unterschiedlich sensibel auf Adrenalin reagiert. Wissenschaftliche Kryolipolyse Studien belegen dar\u00fcber hinaus, dass dies darin begr\u00fcndet liegt, dass unser K\u00f6rper bestimmte Fettpolster f\u00fcr extreme Situationen sch\u00fctzen m\u00f6chte, w\u00e4hrend er andere Fettpolster viel bereitwilliger abbaut. Ursache ist, dass an den hartn\u00e4ckigen Fettpolstern an H\u00fcfte und Bauch neben dem, den Fettabbau stimulierenden, Beta 2 Rezeptor noch ein zweiter, den Fettabbau hemmender, Alpha 2 Rezeptor vorkommt. Daher entziehen sich diese Fettpolster zum Teil erheblich dem Abbau bei Sport und Di\u00e4t, w\u00e4hrend andere Fettpolster, in denen vor allem der Betarezeptor vorkommt, den Fettabbau viel leichter erm\u00f6glicht.<\/p>\n<\/div>\n<\/div>\n<p>[\/vc_column_text][vc_empty_space][\/vc_column][\/vc_row][vc_row full_width=&#8220;stretch_row&#8220; parallax=&#8220;content-moving&#8220; css_animation=&#8220;appear&#8220; css=&#8220;.vc_custom_1713866187092{background-color: #000000 !important;}&#8220;][vc_column][vc_column_text css=&#8220;.vc_custom_1713857970874{margin-bottom: 23px !important;}&#8220;]<\/p>\n<div class=\"sc85_heading wpb_content_element inverted center\">\n<div class=\"subtitle\" style=\"text-align: center; font-size: 12pt;\">pers\u00f6nlich, diskret &amp; unverbindlich<\/div>\n<h2 class=\"title\" style=\"text-align: center; font-size: 28pt;\">kostenlose Beratung<\/h2>\n<\/div>\n<p>[\/vc_column_text][mvc_advanced_button align=&#8220;center&#8220; btn_animation=&#8220;button&#8211;sacnite&#8220; btn_text=&#8220;KOSTENLOSE BERATUNG&#8220; padding_top=&#8220;11&#8243; padding_left=&#8220;23&#8243; border_style=&#8220;solid&#8220; btn_size=&#8220;16&#8243; icon_size=&#8220;16&#8243; btn_shadow=&#8220;shadow&#8220; use_theme_fonts=&#8220;yes&#8220; btn_url=&#8220;url:https%3A%2F%2Fdominik-s.de%2Fkryofit-studio%2Fkontakt-kryolipolyse-studio-kryofit%2F|title:Kontakt%20aufnehmen||&#8220; btn_clr=&#8220;#000000&#8243; btn_bg=&#8220;#009ee0&#8243; btn_hvrclr=&#8220;#009ee0&#8243; btn_hvrbg=&#8220;#009ee0&#8243; btn_border=&#8220;#009ee0&#8243;][vc_empty_space][\/vc_column][\/vc_row][vc_row][vc_column][vc_column_text]<\/p>\n<div class=\"sc85_heading wpb_content_element impact center\">\n<div class=\"subtitle\">\n<p style=\"text-align: center; font-size: 11pt;\"><strong>Wissenschaftliche Kryolipolyse Studien belegen auch, dass durch Di\u00e4t Fettzellen schrumpfen und durch Kryolipolyse sterben!<\/strong><br \/>\nSomit ist die Beobachtung richtig, dass man an bestimmten Stellen leichter abnimmt als an anderen. Viele Leute glauben auch, dass, wenn sie einmal abgenommen haben, den l\u00e4stigen Bauch f\u00fcr immer los sind. Problem hierbei ist nur, dass Fettzellen bei Entleerung ihres gespeicherten Fettes durch Di\u00e4t extrem zusammenschrumpfen k\u00f6nnen, aber nicht verschwinden. Die absolute Anzahl an Fettzellen bleibt also konstant. Bei \u00c4nderung der Lebensweise, zum Beispiel durch weniger Sport oder ver\u00e4nderte Ern\u00e4hrung, stehen diese Fettzellen sofort wieder zur Aufnahme und Speicherung neuen Fettes bereit. Der ungeliebte Bauch kehrt schneller zur\u00fcck als einem lieb ist. Die Absolutzahl an Fettzellen ist zum Teil genetisch bedingt und wird zum Teil in unserer Kindheit festgelegt. Wissenschaftliche Kryolipolyse Studien st\u00fctzen auch die Beobachtung, dass dicke Kinder oft auch dicke Erwachsene werden und schlanke Kinder oftmals schlank bleiben. Dicke Kinder haben daher in der Regel auch mehr Fettzellen, die potenziell in der Lage sind viel mehr Fett zu speichern als Kinder, die schon immer eher d\u00fcnn waren und folglich eher weniger Fettzellen haben. Die fr\u00fcher dicken Kinder m\u00fcssen daher als Erwachsene viel umsichtiger und disziplinierter leben, um genauso schlank zu sein wie Erwachsene, die als Kinder d\u00fcnn waren. Das ist unter anderem eine Ursache, warum manche Menschen leichter zunehmen als andere.<\/p>\n<p style=\"text-align: center; font-size: 11pt;\">Wissenschaftliche Kryolipolyse Studien sagen, dass Kryolipolyse Menschen helfen kann die von Natur aus mit hartn\u00e4ckigen Fettpolstern ausgestattet sind, ihre pers\u00f6nlichen Sch\u00f6nheitsideale zu erreichen und auch dauerhaft zu halten. Warum ein Mensch ein bestimmtes Sch\u00f6nheitsideal hat und dieses erreichen will, sollte \u2013 sofern es einem gesunden Ma\u00df entspricht und mit keiner psychischen Erkrankung vergesellschaftet ist \u2013 diesem selbst \u00fcberlassen sein und nicht durch Au\u00dfenstehende beurteilt werden.\u201d<\/p>\n<p style=\"text-align: center; font-size: 8pt;\">Text zu wissenschaftliche Kryolipolye Studien von Patrick Strunz, Doktorand der Molekularen Medizin\/Kardiologie<\/p>\n<\/div>\n<\/div>\n<p>[\/vc_column_text][vc_column_text]<\/p>\n<div class=\"sc85_heading wpb_content_element impact center\">\n<div class=\"subtitle\">\n<p style=\"text-align: center; font-size: 11pt;\"><strong>Wissenschaftliche Kryolipolyse Studien belegen, dass\u00a0<\/strong><strong>die Kryolipolyse Behandlung sich sehr gut f\u00fcr folgende Problemzonen eignet:<br \/>\n<\/strong><strong><a title=\"K\u00f6rperfett reduzieren\" href=\"https:\/\/dominik-s.de\/kryofit-studio\/kryolipolyse-einfach-und-bequem-koerperfett-reduzieren\/\">K\u00f6rperfett reduzieren<\/a>\u00a0an\u00a0<a title=\"Bauch, Po, Beine\" href=\"https:\/\/dominik-s.de\/kryofit-studio\/abnehmen-durch-kryolipolyse-an-bauch-beine-und-po\/\">Bauch, Po, Beine<\/a>, an der\u00a0<a title=\"H\u00fcfte\" href=\"https:\/\/dominik-s.de\/kryofit-studio\/problemzone-huefte-mit-kryolipolyse-behandeln\/\">H\u00fcfte<\/a>, den\u00a0<a title=\"Oberschenkeln\" href=\"https:\/\/dominik-s.de\/kryofit-studio\/mit-kryolipolyse-abnehmen-am-oberschenkel-wieder-schlanke-beine-haben\/\">Oberschenkeln<\/a>\u00a0und\u00a0<a title=\"Oberarmen\" href=\"https:\/\/dominik-s.de\/kryofit-studio\/problemzone-oberarme-mit-kryolipolyse-behandeln\/\">Oberarmen<\/a>.<\/strong><\/p>\n<\/div>\n<\/div>\n<p>[\/vc_column_text][\/vc_column][\/vc_row][vc_row full_width=&#8220;stretch_row&#8220; parallax=&#8220;content-moving&#8220; css_animation=&#8220;appear&#8220; css=&#8220;.vc_custom_1713866187092{background-color: #000000 !important;}&#8220;][vc_column][vc_column_text css=&#8220;.vc_custom_1713857970874{margin-bottom: 23px !important;}&#8220;]<\/p>\n<div class=\"sc85_heading wpb_content_element inverted center\">\n<div class=\"subtitle\" style=\"text-align: center; font-size: 12pt;\">pers\u00f6nlich, diskret &amp; unverbindlich<\/div>\n<h2 class=\"title\" style=\"text-align: center; font-size: 28pt;\">kostenlose Beratung<\/h2>\n<\/div>\n<p>[\/vc_column_text][mvc_advanced_button align=&#8220;center&#8220; btn_animation=&#8220;button&#8211;sacnite&#8220; btn_text=&#8220;KOSTENLOSE BERATUNG&#8220; padding_top=&#8220;11&#8243; padding_left=&#8220;23&#8243; border_style=&#8220;solid&#8220; btn_size=&#8220;16&#8243; icon_size=&#8220;16&#8243; btn_shadow=&#8220;shadow&#8220; use_theme_fonts=&#8220;yes&#8220; btn_url=&#8220;url:https%3A%2F%2Fdominik-s.de%2Fkryofit-studio%2Fkontakt-kryolipolyse-studio-kryofit%2F|title:Kontakt%20aufnehmen||&#8220; btn_clr=&#8220;#000000&#8243; btn_bg=&#8220;#009ee0&#8243; btn_hvrclr=&#8220;#009ee0&#8243; btn_hvrbg=&#8220;#009ee0&#8243; btn_border=&#8220;#009ee0&#8243;][vc_empty_space][\/vc_column][\/vc_row][vc_row][vc_column][vc_column_text]<\/p>\n<div class=\"sc85_heading wpb_content_element impact center\">\n<div class=\"subtitle\">\n<p style=\"text-align: center; font-size: 11pt;\"><strong>Wissenschaftliche Kryolipolyse Studien beweisen die Wirksamkeit und Funktionalit\u00e4t<\/strong><br \/>\nAlle Aussagen auf der Homepage beziehen sich auf unten genannte wissenschaftliche Kryolipolyse Studien! Vergewissern Sie sich selbst! Besuchen Sie die \u00f6ffentliche medizinische Datenbank f\u00fcr medizinische Studien www.pubmed.com und geben Sie den Begriff cryolipolysis\/ Kryolipolyse ein.<\/p>\n<p style=\"text-align: center; font-size: 11pt;\">Ein kleiner Ausschnitt der zahlreichen wissenschaftliche Kryolipolyse Studien, die bisher alle den Effekt des Kryolipolyse-Verfahrens belegen konnten:<\/p>\n<ul style=\"text-align: left; font-size: 8pt;\">\n<li>Coleman SR, Sachdeva K, Egbert BM, Preciado J, Allison J.: Clinical efficacy of noninvasive cryolipolysis and its effects on peripheral nerves. in: Aesthetic Plast Surg. 2009 Jul;33(4):482-8. doi: 10.1007\/s00266-008-9286-8. Epub 2009 Mar 19.<\/li>\n<li>Zelickson B, Egbert BM, Preciado J, Allison J, Springer K, Rhoades RW, Manstein D. : Cryolipolysis for noninvasive fat cell destruction: initial results from a pig model. in: Dermatol Surg. 2009 Oct;35(10):1462-70. doi: 10.1111\/j.1524-4725.2009.01259.x. Epub 2009 Jul 13.<\/li>\n<li>Klein KB, Zelickson B, Riopelle JG, Okamoto E, Bachelor EP, Harry RS, Preciado JA.: Non-invasive cryolipolysis for subcutaneous fat reduction does not affect serum lipid levels or liver function tests. in : Lasers Surg Med. 2009 Dec;41(10):785-90. doi: 10.1002\/lsm.20850.<\/li>\n<li>Avram MM, Harry RS. : Cryolipolysis for subcutaneous fat layer reduction. in: Lasers Surg Med. 2009 Dec;41(10):703-8. doi: 10.1002\/lsm.20864. Review. Erratum in: Lasers Surg Med. 2012 Jul;44(5):436<\/li>\n<li>Nelson AA, Wasserman D, Avram MM. : Cryolipolysis for reduction of excess adipose tissue. in :Semin Cutan Med Surg. 2009 Dec;28(4):244-9. doi: 10.1016\/j.sder.2009.11.004.<\/li>\n<li>Shek SY, Chan NP, Chan HH. : Non-invasive cryolipolysis for body contouring in Chinese\u2013a first commercial experience. in : Lasers Surg Med. 2012 Feb;44(2):125-30. doi: 10.1002\/lsm.21145. Erratum in: Lasers Surg Med. 2012 Jul;44(5):435.<\/li>\n<li>Stevens WG, Pietrzak LK, Spring MA. : Broad overview of a clinical and commercial experience with CoolSculpting. in : Aesthet Surg J. 2013 Aug 1;33(6):835-46. doi: 10.1177\/1090820X13494757. Epub 2013 Jul 15.<\/li>\n<\/ul>\n<\/div>\n<\/div>\n<p>[\/vc_column_text][\/vc_column][\/vc_row]<\/p>\n","protected":false},"excerpt":{"rendered":"<p>[vc_row full_width=&#8220;stretch_row&#8220;][vc_column offset=&#8220;vc_col-xs-12&#8243;][vc_empty_space][vc_column_text] Vereisung der Fettzellen Wissenschaftliche Studien [\/vc_column_text][vc_column_text] Wissenschaftliche Kryolipolyse Studien belegen, dass die Kryolipolyse zur Vereisung von Fettzellen geeignet sein kann. Ben\u00f6tigen wir Energie, zum Beispiel f\u00fcr Bewegungen, sch\u00fcttet unser K\u00f6rper das Hormon Adrenalin aus. Dieses bewirkt, dass das Fett in der Fettzelle abgebaut wird und seine Bestandteile an das Blut abgegeben werden, [&hellip;]<\/p>\n","protected":false},"author":1,"featured_media":0,"parent":0,"menu_order":26,"comment_status":"closed","ping_status":"closed","template":"","meta":{"footnotes":""},"class_list":["post-189","page","type-page","status-publish","hentry"],"yoast_head":"<!-- This site is optimized with the Yoast SEO Premium plugin v26.5 (Yoast SEO v26.6) - https:\/\/yoast.com\/wordpress\/plugins\/seo\/ -->\n<title>Wissenschaftliche Kryolipolyse Studien | DOMINIKS KryoFit Studio in Hof<\/title>\n<meta name=\"description\" content=\"Wissenschaftliche Kryolipolyse Studien, die bisher alle den Effekt des Kryolipolyse-Verfahrens belegen konnten, lesen Sie auf Dominik-s.de\/KryoFit-Studio\" \/>\n<meta name=\"robots\" content=\"index, follow, max-snippet:-1, max-image-preview:large, max-video-preview:-1\" \/>\n<link rel=\"canonical\" href=\"https:\/\/dominik-s.de\/kryofit-studio\/wissenschaftliche-kryolipolyse-studien\/\" \/>\n<meta property=\"og:locale\" content=\"de_DE\" \/>\n<meta property=\"og:type\" content=\"article\" \/>\n<meta property=\"og:title\" content=\"Wissenschaftliche Kryolipolyse Studien\" \/>\n<meta property=\"og:description\" content=\"Vereisung der Fettzellen Wissenschaftliche Studien Wissenschaftliche Kryolipolyse Studien belegen, dass die Kryolipolyse zur Vereisung von Fettzellen\" \/>\n<meta property=\"og:url\" content=\"https:\/\/dominik-s.de\/kryofit-studio\/wissenschaftliche-kryolipolyse-studien\/\" \/>\n<meta property=\"og:site_name\" content=\"KryoFit - DOMINIKS Kryolipolyse Studio\" \/>\n<meta property=\"article:modified_time\" content=\"2024-04-23T09:57:04+00:00\" \/>\n<meta name=\"twitter:card\" content=\"summary_large_image\" \/>\n<meta name=\"twitter:label1\" content=\"Gesch\u00e4tzte Lesezeit\" \/>\n\t<meta name=\"twitter:data1\" content=\"4\u00a0Minuten\" \/>\n<script type=\"application\/ld+json\" class=\"yoast-schema-graph\">{\"@context\":\"https:\/\/schema.org\",\"@graph\":[{\"@type\":\"WebPage\",\"@id\":\"https:\/\/dominik-s.de\/kryofit-studio\/wissenschaftliche-kryolipolyse-studien\/\",\"url\":\"https:\/\/dominik-s.de\/kryofit-studio\/wissenschaftliche-kryolipolyse-studien\/\",\"name\":\"Wissenschaftliche Kryolipolyse Studien | DOMINIKS KryoFit Studio in Hof\",\"isPartOf\":{\"@id\":\"https:\/\/dominik-s.de\/kryofit-studio\/#website\"},\"datePublished\":\"2016-10-31T11:33:51+00:00\",\"dateModified\":\"2024-04-23T09:57:04+00:00\",\"description\":\"Wissenschaftliche Kryolipolyse Studien, die bisher alle den Effekt des Kryolipolyse-Verfahrens belegen konnten, lesen Sie auf Dominik-s.de\/KryoFit-Studio\",\"breadcrumb\":{\"@id\":\"https:\/\/dominik-s.de\/kryofit-studio\/wissenschaftliche-kryolipolyse-studien\/#breadcrumb\"},\"inLanguage\":\"de\",\"potentialAction\":[{\"@type\":\"ReadAction\",\"target\":[\"https:\/\/dominik-s.de\/kryofit-studio\/wissenschaftliche-kryolipolyse-studien\/\"]}]},{\"@type\":\"BreadcrumbList\",\"@id\":\"https:\/\/dominik-s.de\/kryofit-studio\/wissenschaftliche-kryolipolyse-studien\/#breadcrumb\",\"itemListElement\":[{\"@type\":\"ListItem\",\"position\":1,\"name\":\"Startseite\",\"item\":\"https:\/\/dominik-s.de\/kryofit-studio\/\"},{\"@type\":\"ListItem\",\"position\":2,\"name\":\"Wissenschaftliche Kryolipolyse Studien\"}]},{\"@type\":\"WebSite\",\"@id\":\"https:\/\/dominik-s.de\/kryofit-studio\/#website\",\"url\":\"https:\/\/dominik-s.de\/kryofit-studio\/\",\"name\":\"KryoFit - DOMINIKS Kryolipolyse Studio\",\"description\":\"Kryolipolyse - Fett weg ohne OP\",\"publisher\":{\"@id\":\"https:\/\/dominik-s.de\/kryofit-studio\/#organization\"},\"potentialAction\":[{\"@type\":\"SearchAction\",\"target\":{\"@type\":\"EntryPoint\",\"urlTemplate\":\"https:\/\/dominik-s.de\/kryofit-studio\/?s={search_term_string}\"},\"query-input\":{\"@type\":\"PropertyValueSpecification\",\"valueRequired\":true,\"valueName\":\"search_term_string\"}}],\"inLanguage\":\"de\"},{\"@type\":\"Organization\",\"@id\":\"https:\/\/dominik-s.de\/kryofit-studio\/#organization\",\"name\":\"Dominik-s - Fitness, Wellness, Gesundheit in Hof\",\"url\":\"https:\/\/dominik-s.de\/kryofit-studio\/\",\"logo\":{\"@type\":\"ImageObject\",\"inLanguage\":\"de\",\"@id\":\"https:\/\/dominik-s.de\/kryofit-studio\/#\/schema\/logo\/image\/\",\"url\":\"https:\/\/dominik-s.de\/kryofit-studio\/wp-content\/uploads\/sites\/5\/2019\/11\/dominiks-logo.jpg\",\"contentUrl\":\"https:\/\/dominik-s.de\/kryofit-studio\/wp-content\/uploads\/sites\/5\/2019\/11\/dominiks-logo.jpg\",\"width\":425,\"height\":184,\"caption\":\"Dominik-s - Fitness, Wellness, Gesundheit in Hof\"},\"image\":{\"@id\":\"https:\/\/dominik-s.de\/kryofit-studio\/#\/schema\/logo\/image\/\"}}]}<\/script>\n<!-- \/ Yoast SEO Premium plugin. -->","yoast_head_json":{"title":"Wissenschaftliche Kryolipolyse Studien | DOMINIKS KryoFit Studio in Hof","description":"Wissenschaftliche Kryolipolyse Studien, die bisher alle den Effekt des Kryolipolyse-Verfahrens belegen konnten, lesen Sie auf Dominik-s.de\/KryoFit-Studio","robots":{"index":"index","follow":"follow","max-snippet":"max-snippet:-1","max-image-preview":"max-image-preview:large","max-video-preview":"max-video-preview:-1"},"canonical":"https:\/\/dominik-s.de\/kryofit-studio\/wissenschaftliche-kryolipolyse-studien\/","og_locale":"de_DE","og_type":"article","og_title":"Wissenschaftliche Kryolipolyse Studien","og_description":"Vereisung der Fettzellen Wissenschaftliche Studien Wissenschaftliche Kryolipolyse Studien belegen, dass die Kryolipolyse zur Vereisung von Fettzellen","og_url":"https:\/\/dominik-s.de\/kryofit-studio\/wissenschaftliche-kryolipolyse-studien\/","og_site_name":"KryoFit - DOMINIKS Kryolipolyse Studio","article_modified_time":"2024-04-23T09:57:04+00:00","twitter_card":"summary_large_image","twitter_misc":{"Gesch\u00e4tzte Lesezeit":"4\u00a0Minuten"},"schema":{"@context":"https:\/\/schema.org","@graph":[{"@type":"WebPage","@id":"https:\/\/dominik-s.de\/kryofit-studio\/wissenschaftliche-kryolipolyse-studien\/","url":"https:\/\/dominik-s.de\/kryofit-studio\/wissenschaftliche-kryolipolyse-studien\/","name":"Wissenschaftliche Kryolipolyse Studien | DOMINIKS KryoFit Studio in Hof","isPartOf":{"@id":"https:\/\/dominik-s.de\/kryofit-studio\/#website"},"datePublished":"2016-10-31T11:33:51+00:00","dateModified":"2024-04-23T09:57:04+00:00","description":"Wissenschaftliche Kryolipolyse Studien, die bisher alle den Effekt des Kryolipolyse-Verfahrens belegen konnten, lesen Sie auf Dominik-s.de\/KryoFit-Studio","breadcrumb":{"@id":"https:\/\/dominik-s.de\/kryofit-studio\/wissenschaftliche-kryolipolyse-studien\/#breadcrumb"},"inLanguage":"de","potentialAction":[{"@type":"ReadAction","target":["https:\/\/dominik-s.de\/kryofit-studio\/wissenschaftliche-kryolipolyse-studien\/"]}]},{"@type":"BreadcrumbList","@id":"https:\/\/dominik-s.de\/kryofit-studio\/wissenschaftliche-kryolipolyse-studien\/#breadcrumb","itemListElement":[{"@type":"ListItem","position":1,"name":"Startseite","item":"https:\/\/dominik-s.de\/kryofit-studio\/"},{"@type":"ListItem","position":2,"name":"Wissenschaftliche Kryolipolyse Studien"}]},{"@type":"WebSite","@id":"https:\/\/dominik-s.de\/kryofit-studio\/#website","url":"https:\/\/dominik-s.de\/kryofit-studio\/","name":"KryoFit - DOMINIKS Kryolipolyse Studio","description":"Kryolipolyse - Fett weg ohne OP","publisher":{"@id":"https:\/\/dominik-s.de\/kryofit-studio\/#organization"},"potentialAction":[{"@type":"SearchAction","target":{"@type":"EntryPoint","urlTemplate":"https:\/\/dominik-s.de\/kryofit-studio\/?s={search_term_string}"},"query-input":{"@type":"PropertyValueSpecification","valueRequired":true,"valueName":"search_term_string"}}],"inLanguage":"de"},{"@type":"Organization","@id":"https:\/\/dominik-s.de\/kryofit-studio\/#organization","name":"Dominik-s - Fitness, Wellness, Gesundheit in Hof","url":"https:\/\/dominik-s.de\/kryofit-studio\/","logo":{"@type":"ImageObject","inLanguage":"de","@id":"https:\/\/dominik-s.de\/kryofit-studio\/#\/schema\/logo\/image\/","url":"https:\/\/dominik-s.de\/kryofit-studio\/wp-content\/uploads\/sites\/5\/2019\/11\/dominiks-logo.jpg","contentUrl":"https:\/\/dominik-s.de\/kryofit-studio\/wp-content\/uploads\/sites\/5\/2019\/11\/dominiks-logo.jpg","width":425,"height":184,"caption":"Dominik-s - Fitness, Wellness, Gesundheit in Hof"},"image":{"@id":"https:\/\/dominik-s.de\/kryofit-studio\/#\/schema\/logo\/image\/"}}]}},"_links":{"self":[{"href":"https:\/\/dominik-s.de\/kryofit-studio\/wp-json\/wp\/v2\/pages\/189","targetHints":{"allow":["GET"]}}],"collection":[{"href":"https:\/\/dominik-s.de\/kryofit-studio\/wp-json\/wp\/v2\/pages"}],"about":[{"href":"https:\/\/dominik-s.de\/kryofit-studio\/wp-json\/wp\/v2\/types\/page"}],"author":[{"embeddable":true,"href":"https:\/\/dominik-s.de\/kryofit-studio\/wp-json\/wp\/v2\/users\/1"}],"replies":[{"embeddable":true,"href":"https:\/\/dominik-s.de\/kryofit-studio\/wp-json\/wp\/v2\/comments?post=189"}],"version-history":[{"count":9,"href":"https:\/\/dominik-s.de\/kryofit-studio\/wp-json\/wp\/v2\/pages\/189\/revisions"}],"predecessor-version":[{"id":1796,"href":"https:\/\/dominik-s.de\/kryofit-studio\/wp-json\/wp\/v2\/pages\/189\/revisions\/1796"}],"wp:attachment":[{"href":"https:\/\/dominik-s.de\/kryofit-studio\/wp-json\/wp\/v2\/media?parent=189"}],"curies":[{"name":"wp","href":"https:\/\/api.w.org\/{rel}","templated":true}]}}