
{"id":196,"date":"2016-10-31T12:39:54","date_gmt":"2016-10-31T11:39:54","guid":{"rendered":"http:\/\/vianovashop.de\/kryofit-studio\/?page_id=196"},"modified":"2024-07-01T11:35:20","modified_gmt":"2024-07-01T09:35:20","slug":"abnehmen-durch-kryolipolyse-an-bauch-beine-und-po","status":"publish","type":"page","link":"https:\/\/dominik-s.de\/kryofit-studio\/abnehmen-durch-kryolipolyse-an-bauch-beine-und-po\/","title":{"rendered":"Abnehmen durch Kryolipolyse an Bauch, Beine und Po"},"content":{"rendered":"<p>[vc_row][vc_column][vc_empty_space height=&#8220;48px&#8220;][vc_column_text]<\/p>\n<div class=\"sc85_heading wpb_content_element inverted center\">\n<div class=\"subtitle\" style=\"text-align: center; font-size: 12pt;\">Der Weg zum perfekten Body!<\/div>\n<h1 class=\"title\" style=\"text-align: center; font-size: 28pt;\">Abnehmen durch Kryolipolyse an Bauch, Beine, Po<\/h1>\n<\/div>\n<p>[\/vc_column_text][vc_column_text]<\/p>\n<p style=\"text-align: center;\">K\u00f6rperfett befindet sich vor allem entweder an den Organen oder in der Unterhaut. Letzteres ist das Fett, welches wir als \u00e4sthetisch unsch\u00f6n empfinden. Hier hat es zwar durchaus seine Notwendigkeit als Baustoff, Isolator und Energiespeicher, wird aber in der heutigen Zeit als zunehmend st\u00f6rend empfunden.<\/p>\n<p>[\/vc_column_text][\/vc_column][\/vc_row][vc_row][vc_column][vc_column_text]<\/p>\n<h3 id=\"cc-m-header-9626670022\" style=\"text-align: center;\">Bauch, Beine, Po \u2013 unsch\u00f6nes Fett loswerden!<\/h3>\n<p style=\"text-align: center;\">\u00dcber das K\u00f6rperfett muss man wissen, dass es nicht frei im K\u00f6rper liegt, sondern in speziellen K\u00f6rperzellen, den Fettzellen, gespeichert wird. Es kann daher nicht einfach ausgeschwitzt werden oder durch Schr\u00f6pfen, Entschlacken oder \u00e4hnliche Methoden, verschwinden. K\u00f6rperfett befindet sich vor allem entweder an den Organen oder in der Unterhaut. Letzteres ist das Fett, welches wir als \u00e4sthetisch unsch\u00f6n empfinden. Hier hat es zwar durchaus seine Notwendigkeit als Baustoff, Isolator und Energiespeicher, wird aber in der heutigen Zeit als zunehmend st\u00f6rend empfunden.<\/p>\n<h3 id=\"cc-m-header-9626666322\" style=\"text-align: center;\">Abnehmen durch Kryolipolyse an Bauch, Beine, Po \u2013 So funktioniert der Fettabbau.<\/h3>\n<p style=\"text-align: center;\">In der Bev\u00f6lkerung grassieren die wildesten Vorstellungen \u00fcber das Abnehmen in den Problemzonen Bauch, Beine, Po.\u00a0Viele Vorstellungen sind teilwahr oder schlichtweg falsch.\u00a0Durch Kryolipolyse wird das Fett an Bauch, Beine und Po \u00f6rtlich vereist.<\/p>\n<p style=\"text-align: center;\"><a title=\"Wissenschaftliche Studien zur Kryolipolyse\" href=\"https:\/\/dominik-s.de\/kryofit-studio\/wissenschaftliche-kryolipolyse-studien\/\">Wissenschaftliche Studien zur Kryolipolyse<\/a> haben ergeben, dass das K\u00f6rperfett durch Sport lokal kaum abgebaut werden kann. Besonders in Problemzonen wie Bauch, Beine und Po speichert der Menschliche K\u00f6rper das Fett f\u00fcr \u201cschlechte Zeiten\u201d.<\/p>\n<p class=\"info\" style=\"text-align: center;\"><strong>Die Kryolipolyse Behandlung eignet sich sehr gut f\u00fcr folgende Problemzonen:<br \/>\n<a title=\"K\u00f6rperfett reduzieren\" href=\"https:\/\/dominik-s.de\/kryofit-studio\/kryolipolyse-einfach-und-bequem-koerperfett-reduzieren\/\">K\u00f6rperfett reduzieren<\/a> an <a title=\"Bauch, Po, Beine\" href=\"https:\/\/dominik-s.de\/kryofit-studio\/abnehmen-durch-kryolipolyse-an-bauch-beine-und-po\/\">Bauch, Po, Beine<\/a>, an der <a title=\"H\u00fcfte\" href=\"https:\/\/dominik-s.de\/kryofit-studio\/problemzone-huefte-mit-kryolipolyse-behandeln\/\">H\u00fcfte<\/a>, den <a title=\"Oberschenkeln\" href=\"https:\/\/dominik-s.de\/kryofit-studio\/mit-kryolipolyse-abnehmen-am-oberschenkel-wieder-schlanke-beine-haben\/\">Oberschenkeln<\/a> und <a title=\"Oberarmen\" href=\"https:\/\/dominik-s.de\/kryofit-studio\/problemzone-oberarme-mit-kryolipolyse-behandeln\/\">Oberarmen<\/a>.<\/strong><\/p>\n<p style=\"text-align: center;\">Gerne beraten wir Sie: Rufen Sie an: <a href=\"tel:092818401687\">09281-840 16 87<\/a>.<\/p>\n<p>[\/vc_column_text][\/vc_column][\/vc_row][vc_row full_width=&#8220;stretch_row&#8220; el_id=&#8220;rabatt&#8220; css=&#8220;.vc_custom_1719821761881{background-color: #000000 !important;}&#8220;][vc_column offset=&#8220;vc_col-xs-12&#8243;][vc_column_text]<\/p>\n<div class=\"sc85_heading wpb_content_element inverted center\">\n<div class=\"subtitle\" style=\"text-align: center; font-size: 12pt;\">Jetzt limitieret Rabatt Gutscheine sichern!<\/div>\n<h2 class=\"title\" style=\"text-align: center; font-size: 23pt;\">Einfach und bequem zur Traumfigur!<\/h2>\n<\/div>\n<p>[\/vc_column_text][vc_row_inner][vc_column_inner width=&#8220;1\/2&#8243;][vc_single_image image=&#8220;1565&#8243; img_size=&#8220;full&#8220; alignment=&#8220;center&#8220; onclick=&#8220;custom_link&#8220; link=&#8220;https:\/\/dominik-s.de\/kryofit-studio\/gutscheine\/&#8220;][\/vc_column_inner][vc_column_inner width=&#8220;1\/2&#8243;][vc_single_image image=&#8220;1566&#8243; img_size=&#8220;full&#8220; alignment=&#8220;center&#8220; onclick=&#8220;custom_link&#8220; link=&#8220;https:\/\/dominik-s.de\/kryofit-studio\/gutscheine\/&#8220;][\/vc_column_inner][\/vc_row_inner][vc_column_text]<\/p>\n<p style=\"text-align: center; font-size: 16pt;\"><a class=\"button\" title=\"Rabatt Gutschein sichern\" href=\"https:\/\/dominik-s.de\/kryofit-studio\/gutscheine\">ZU DEN GUTSCHEINEN<\/a><\/p>\n<p style=\"text-align: center;\">Oder gleich bei uns im Kryolipolyse Studio anrufen<br \/>\nund einen Beratungsgespr\u00e4ch vereinbaren:<b><br \/>\n<span style=\"font-size: 20pt; color: #009ee0;\"><a style=\"color: #009ee0;\" href=\"tel:092818189600\">09281 \u2013 818 96 00<\/a><\/span><\/b><\/p>\n<p>[\/vc_column_text][\/vc_column][\/vc_row][vc_row][vc_column][vc_column_text]<\/p>\n<h3 style=\"text-align: center;\">Die\u00a0Problemzone Bauch Beine Po\u00a0kennen nicht nur Frauen!<\/h3>\n<p style=\"text-align: center;\">Die meisten Frauen m\u00f6chten gerne schlanke Beine haben. M\u00e4nner haben Sorge um ihren flachen Bauch. Vergessen wird dabei die \u201cschwabbelnde\u201d Problemzone Oberarme. M\u00f6chten Sie sich im Alter mit schlaffen Winkelarmen herumschlagen?\u00a0Eine Kryolipolyse Behandlung kann helfen, die Problemzone Oberarme schnell\u00a0in den Griff zu bekommen. Trainieren Sie dann noch Ihren Trizeps,\u00a0helfen Sie, den JoJo-Effekt zu vermeiden.<\/p>\n<h3 style=\"text-align: center;\">Problemzone\u00a0Bauch Beine Po loswerden und straffe Arme bekommen.<\/h3>\n<p>[\/vc_column_text][\/vc_column][\/vc_row][vc_row full_width=&#8220;stretch_row&#8220; el_id=&#8220;vorteile&#8220; css=&#8220;.vc_custom_1719821756232{background-color: #000000 !important;}&#8220;][vc_column offset=&#8220;vc_col-xs-12&#8243;][vc_column_text]<\/p>\n<div class=\"sc85_heading wpb_content_element inverted center\">\n<div class=\"subtitle\" style=\"text-align: center; font-size: 12pt;\">der Kryolipolyse Behandlung \u2013 Fett weg ohne OP<\/div>\n<h2 class=\"title\" style=\"text-align: center; font-size: 23pt;\">Vorteile und Nutzen<\/h2>\n<\/div>\n<p>[\/vc_column_text][vc_row_inner][vc_column_inner width=&#8220;1\/2&#8243;] <div class=\"sc85_iconbox wpb_content_element clean_right_aligned\"> <div class=\"icon\"> <i class=\"fa fa-fw fa fa-thumbs-up\"><\/i> <\/div> <div class=\"info\"> <h3 class=\"title\">OHNE OP<\/h3> <div class=\"subtitle\">ohne Narkose &amp; ohne Ausfallzeiten<\/div> <div class=\"text\">Kein beruflicher Ausfall &amp; keine Krankschreibung notwendig.<\/div> <\/div> <\/div>  <div class=\"sc85_iconbox wpb_content_element clean_right_aligned\"> <div class=\"icon\"> <i class=\"fa fa-fw fa fa-thumbs-up\"><\/i> <\/div> <div class=\"info\"> <h3 class=\"title\">AMBULANT<\/h3> <div class=\"subtitle\">gleich wieder nach Hause<\/div> <div class=\"text\">Sie k\u00f6nnen direkt nach der Kryolipolyse Behandlung wieder nach Hause gehen.<\/div> <\/div> <\/div>  <div class=\"sc85_iconbox wpb_content_element clean_right_aligned\"> <div class=\"icon\"> <i class=\"fa fa-fw fa fa-thumbs-up\"><\/i> <\/div> <div class=\"info\"> <h3 class=\"title\">SCHMERZFREI<\/h3> <div class=\"subtitle\">Behandlung &amp; postoperative Phase<\/div> <div class=\"text\">Das schonende Behandlungsverfahren verursacht keinerlei Schmerzen.<\/div> <\/div> <\/div>  <div class=\"sc85_iconbox wpb_content_element clean_right_aligned\"> <div class=\"icon\"> <i class=\"fa fa-fw fa fa-thumbs-up\"><\/i> <\/div> <div class=\"info\"> <h3 class=\"title\">DAUERHAFT<\/h3> <div class=\"subtitle\">dauerhaft Fett verlieren<\/div> <div class=\"text\">Die Fettzellen verschwinden und kommen auch nicht wieder.<\/div> <\/div> <\/div> [\/vc_column_inner][vc_column_inner width=&#8220;1\/2&#8243;] <div class=\"sc85_iconbox wpb_content_element clean_left_aligned\"> <div class=\"icon\"> <i class=\"fa fa-fw fa fa-thumbs-up\"><\/i> <\/div> <div class=\"info\"> <h3 class=\"title\">EFFEKTIV<\/h3> <div class=\"subtitle\">Kurze Behandlungszeit mit gro\u00dfem Effekt<\/div> <div class=\"text\">Die Behandlung dauert nur eine Stunde und ist sehr effektiv.<\/div> <\/div> <\/div>  <div class=\"sc85_iconbox wpb_content_element clean_left_aligned\"> <div class=\"icon\"> <i class=\"fa fa-fw fa fa-thumbs-up\"><\/i> <\/div> <div class=\"info\"> <h3 class=\"title\">PREISVORTEIL<\/h3> <div class=\"subtitle\">zur klassischen Fettabsaugung<\/div> <div class=\"text\">Trotz eventueller Mehrfachsitzungen ist die Behandlung preisg\u00fcnstiger als eine Fettabsaugung.<\/div> <\/div> <\/div>  <div class=\"sc85_iconbox wpb_content_element clean_left_aligned\"> <div class=\"icon\"> <i class=\"fa fa-fw fa fa-thumbs-up\"><\/i> <\/div> <div class=\"info\"> <h3 class=\"title\">SCHONEND<\/h3> <div class=\"subtitle\">schonendes Verfahren zum Fettabbau<\/div> <div class=\"text\">Die Haut und die Muskeln werden durch das Verfahren nicht gesch\u00e4digt.<\/div> <\/div> <\/div>  <div class=\"sc85_iconbox wpb_content_element clean_left_aligned\"> <div class=\"icon\"> <i class=\"fa fa-fw fa fa-thumbs-up\"><\/i> <\/div> <div class=\"info\"> <h3 class=\"title\">SELBSTBEWUSSTSEIN<\/h3> <div class=\"subtitle\">Ihr Selbstwertgef\u00fchl wird gesteigert.<\/div> <div class=\"text\">Sie werden bewundert und Ihr Selbstbewusstsein wird gest\u00e4rkt.<\/div> <\/div> <\/div> [\/vc_column_inner][\/vc_row_inner][vc_empty_space][\/vc_column][\/vc_row][vc_row full_width=&#8220;stretch_row&#8220; css_animation=&#8220;appear&#8220;][vc_column][vc_column_text]<\/p>\n<div class=\"sc85_heading wpb_content_element inverted center\">\n<div class=\"subtitle\" style=\"text-align: center; font-size: 12pt;\">Kontakt aufnehmen<\/div>\n<h1 class=\"title\" style=\"text-align: center; font-size: 26pt;\">Wir beraten Sie gerne!<\/h1>\n<\/div>\n<p>[\/vc_column_text][vc_column_text]<\/p>\n<div class=\"sc85_heading wpb_content_element impact center\">\n<div class=\"subtitle\">\n<p style=\"text-align: center; font-size: 12pt;\">Gerne vereinbaren wir mit Ihnen ein kostenloses und unverbindliches Beratungsgespr\u00e4ch im Kryofit Studio in Hof. Wir beraten Sie gerne dar\u00fcber, wie wir Ihre Problemzonen behandeln k\u00f6nnen. Nutzen Sie unsere langj\u00e4hrigen Erfahrung mit dem Kryolipolyse Verfahren. Schreiben Sie uns eine Nachricht \u00fcber das Kontaktformular oder WhatsApp. Sie k\u00f6nnen uns aber auch gerne direkt anrufen.<\/p>\n<p style=\"text-align: center;\"><a style=\"color: #ffffff;\" href=\"tel:092818189600\"><button style=\"font-size: 11pt; background-color: #ffffff; border: none; color: black;\">09281 818 96 00<\/button><\/a><\/p>\n<p style=\"text-align: center;\"><a style=\"color: #ffffff;\" href=\"https:\/\/wa.me\/491774139782?text=%20Hallo,%20ich%20m%C3%B6chte%20gerne%20einen%20Termin%20vereinbaren.%20Mein%20Wunschtermin%20w\u00e4re:\" target=\"_blank\" rel=\"noopener noreferrer\"><button style=\"font-size: 11pt; background-color: #ffffff; border: none; color: black;\">WhatsApp Nachricht<\/button><\/a><\/p>\n<\/div>\n<\/div>\n<p>[\/vc_column_text]\n<div class=\"wpcf7 no-js\" id=\"wpcf7-f171-o1\" lang=\"de-DE\" dir=\"ltr\" data-wpcf7-id=\"171\">\n<div class=\"screen-reader-response\"><p role=\"status\" aria-live=\"polite\" aria-atomic=\"true\"><\/p> <ul><\/ul><\/div>\n<form action=\"\/kryofit-studio\/wp-json\/wp\/v2\/pages\/196#wpcf7-f171-o1\" method=\"post\" class=\"wpcf7-form init wpcf7-acceptance-as-validation\" aria-label=\"Kontaktformular\" novalidate=\"novalidate\" data-status=\"init\">\n<fieldset class=\"hidden-fields-container\"><input type=\"hidden\" name=\"_wpcf7\" value=\"171\" \/><input type=\"hidden\" name=\"_wpcf7_version\" value=\"6.1.4\" \/><input type=\"hidden\" name=\"_wpcf7_locale\" value=\"de_DE\" \/><input type=\"hidden\" name=\"_wpcf7_unit_tag\" value=\"wpcf7-f171-o1\" \/><input type=\"hidden\" name=\"_wpcf7_container_post\" value=\"0\" \/><input type=\"hidden\" name=\"_wpcf7_posted_data_hash\" value=\"\" \/><input type=\"hidden\" name=\"_wpcf7_recaptcha_response\" value=\"\" \/>\n<\/fieldset>\n<p class=\"field name\"><span class=\"wpcf7-form-control-wrap\" data-name=\"name1\"><input size=\"40\" maxlength=\"400\" class=\"wpcf7-form-control wpcf7-text wpcf7-validates-as-required\" aria-required=\"true\" aria-invalid=\"false\" placeholder=\"Ihr Name...\" value=\"\" type=\"text\" name=\"name1\" \/><\/span>\n<\/p>\n<p class=\"field email\"><span class=\"wpcf7-form-control-wrap\" data-name=\"email\"><input size=\"40\" maxlength=\"400\" class=\"wpcf7-form-control wpcf7-email wpcf7-validates-as-required wpcf7-text wpcf7-validates-as-email\" aria-required=\"true\" aria-invalid=\"false\" placeholder=\"Ihre E-Mail...\" value=\"\" type=\"email\" name=\"email\" \/><\/span>\n<\/p>\n<p class=\"field phone\"><span class=\"wpcf7-form-control-wrap\" data-name=\"telefon\"><input size=\"40\" maxlength=\"400\" class=\"wpcf7-form-control wpcf7-tel wpcf7-validates-as-required wpcf7-text wpcf7-validates-as-tel\" aria-required=\"true\" aria-invalid=\"false\" placeholder=\"Ihre Telefonnummer...\" value=\"\" type=\"tel\" name=\"telefon\" \/><\/span>\n<\/p>\n<p class=\"field full\">Gew\u00fcnschte Behandlung:<br \/>\n(Mehrfachauswahl m\u00f6glich)\n<\/p>\n<p class=\"field full\"><span class=\"wpcf7-form-control-wrap\" data-name=\"behandlung\"><span class=\"wpcf7-form-control wpcf7-checkbox\"><span class=\"wpcf7-list-item first\"><input type=\"checkbox\" name=\"behandlung[]\" value=\"Bauch\" \/><span class=\"wpcf7-list-item-label\">Bauch<\/span><\/span><span class=\"wpcf7-list-item\"><input type=\"checkbox\" name=\"behandlung[]\" value=\"R\u00fccken\" \/><span class=\"wpcf7-list-item-label\">R\u00fccken<\/span><\/span><span class=\"wpcf7-list-item\"><input type=\"checkbox\" name=\"behandlung[]\" value=\"Oberschenkel\" \/><span class=\"wpcf7-list-item-label\">Oberschenkel<\/span><\/span><span class=\"wpcf7-list-item\"><input type=\"checkbox\" name=\"behandlung[]\" value=\"H\u00fcfte\" \/><span class=\"wpcf7-list-item-label\">H\u00fcfte<\/span><\/span><span class=\"wpcf7-list-item\"><input type=\"checkbox\" name=\"behandlung[]\" value=\"Po\" \/><span class=\"wpcf7-list-item-label\">Po<\/span><\/span><span class=\"wpcf7-list-item\"><input type=\"checkbox\" name=\"behandlung[]\" value=\"Oberarme\" \/><span class=\"wpcf7-list-item-label\">Oberarme<\/span><\/span><span class=\"wpcf7-list-item last\"><input type=\"checkbox\" name=\"behandlung[]\" value=\"Kinn\" \/><span class=\"wpcf7-list-item-label\">Kinn<\/span><\/span><\/span><\/span>\n<\/p>\n<p class=\"field message\"><span class=\"wpcf7-form-control-wrap\" data-name=\"nachricht\"><textarea cols=\"40\" rows=\"10\" maxlength=\"2000\" class=\"wpcf7-form-control wpcf7-textarea wpcf7-validates-as-required\" aria-required=\"true\" aria-invalid=\"false\" placeholder=\"Ihre Nachricht...\" name=\"nachricht\"><\/textarea><\/span>\n<\/p>\n<p class=\"field submit full\"><input class=\"wpcf7-form-control wpcf7-submit has-spinner\" type=\"submit\" value=\"Anfrage absenden\" \/>\n<\/p>\n<p class=\"field submit full\"><span class=\"wpcf7-form-control-wrap\" data-name=\"datenschutz\"><span class=\"wpcf7-form-control wpcf7-acceptance\"><span class=\"wpcf7-list-item\"><label><input type=\"checkbox\" name=\"datenschutz\" value=\"1\" aria-invalid=\"false\" \/><span class=\"wpcf7-list-item-label\">Hiermit willige ich ein, dass meine eingegebenen pers\u00f6nlichen Daten, nur zur Bearbeitung der Anfrage elektronisch gespeichert werden d\u00fcrfen. Ich habe die <a href=\"\/datenschutz\/\" target=\"_blank\">Datenschutzerkl\u00e4rung<\/a> gelesen und stimme dieser zu.<\/span><\/label><\/span><\/span><\/span>\n<\/p><div class=\"wpcf7-response-output\" aria-hidden=\"true\"><\/div>\n<\/form>\n<\/div>\n[vc_empty_space height=&#8220;48px&#8220;][\/vc_column][\/vc_row]<\/p>\n","protected":false},"excerpt":{"rendered":"<p>[vc_row][vc_column][vc_empty_space height=&#8220;48px&#8220;][vc_column_text] Der Weg zum perfekten Body! Abnehmen durch Kryolipolyse an Bauch, Beine, Po [\/vc_column_text][vc_column_text] K\u00f6rperfett befindet sich vor allem entweder an den Organen oder in der Unterhaut. Letzteres ist das Fett, welches wir als \u00e4sthetisch unsch\u00f6n empfinden. Hier hat es zwar durchaus seine Notwendigkeit als Baustoff, Isolator und Energiespeicher, wird aber in der heutigen [&hellip;]<\/p>\n","protected":false},"author":1,"featured_media":0,"parent":0,"menu_order":10,"comment_status":"closed","ping_status":"closed","template":"","meta":{"footnotes":""},"class_list":["post-196","page","type-page","status-publish","hentry"],"yoast_head":"<!-- This site is optimized with the Yoast SEO Premium plugin v26.5 (Yoast SEO v26.6) - https:\/\/yoast.com\/wordpress\/plugins\/seo\/ -->\n<title>Abnehmen durch Kryolipolyse an Bauch, Beine, Po | DOMINIKS KryoFit-Studio in Hof<\/title>\n<meta name=\"description\" content=\"An Bauch Beine Po abnehmen f\u00fcr Frauen und M\u00e4nner: Die Kryolipolyse kann ohne OP an Bauch Beine Po Ihr K\u00f6rperfett durch Vereisung entfernen.\" \/>\n<meta name=\"robots\" content=\"index, follow, max-snippet:-1, max-image-preview:large, max-video-preview:-1\" \/>\n<link rel=\"canonical\" href=\"https:\/\/dominik-s.de\/kryofit-studio\/abnehmen-durch-kryolipolyse-an-bauch-beine-und-po\/\" \/>\n<meta property=\"og:locale\" content=\"de_DE\" \/>\n<meta property=\"og:type\" content=\"article\" \/>\n<meta property=\"og:title\" content=\"Abnehmen durch Kryolipolyse an Bauch, Beine und Po\" \/>\n<meta property=\"og:description\" content=\"Der Weg zum perfekten Body! Abnehmen durch Kryolipolyse an Bauch, Beine, Po K\u00f6rperfett befindet sich vor allem entweder an den Organen oder in der\" \/>\n<meta property=\"og:url\" content=\"https:\/\/dominik-s.de\/kryofit-studio\/abnehmen-durch-kryolipolyse-an-bauch-beine-und-po\/\" \/>\n<meta property=\"og:site_name\" content=\"KryoFit - DOMINIKS Kryolipolyse Studio\" \/>\n<meta property=\"article:modified_time\" content=\"2024-07-01T09:35:20+00:00\" \/>\n<meta name=\"twitter:card\" content=\"summary_large_image\" \/>\n<meta name=\"twitter:label1\" content=\"Gesch\u00e4tzte Lesezeit\" \/>\n\t<meta name=\"twitter:data1\" content=\"3\u00a0Minuten\" \/>\n<script type=\"application\/ld+json\" class=\"yoast-schema-graph\">{\"@context\":\"https:\/\/schema.org\",\"@graph\":[{\"@type\":\"WebPage\",\"@id\":\"https:\/\/dominik-s.de\/kryofit-studio\/abnehmen-durch-kryolipolyse-an-bauch-beine-und-po\/\",\"url\":\"https:\/\/dominik-s.de\/kryofit-studio\/abnehmen-durch-kryolipolyse-an-bauch-beine-und-po\/\",\"name\":\"Abnehmen durch Kryolipolyse an Bauch, Beine, Po | DOMINIKS KryoFit-Studio in Hof\",\"isPartOf\":{\"@id\":\"https:\/\/dominik-s.de\/kryofit-studio\/#website\"},\"datePublished\":\"2016-10-31T11:39:54+00:00\",\"dateModified\":\"2024-07-01T09:35:20+00:00\",\"description\":\"An Bauch Beine Po abnehmen f\u00fcr Frauen und M\u00e4nner: Die Kryolipolyse kann ohne OP an Bauch Beine Po Ihr K\u00f6rperfett durch Vereisung entfernen.\",\"breadcrumb\":{\"@id\":\"https:\/\/dominik-s.de\/kryofit-studio\/abnehmen-durch-kryolipolyse-an-bauch-beine-und-po\/#breadcrumb\"},\"inLanguage\":\"de\",\"potentialAction\":[{\"@type\":\"ReadAction\",\"target\":[\"https:\/\/dominik-s.de\/kryofit-studio\/abnehmen-durch-kryolipolyse-an-bauch-beine-und-po\/\"]}]},{\"@type\":\"BreadcrumbList\",\"@id\":\"https:\/\/dominik-s.de\/kryofit-studio\/abnehmen-durch-kryolipolyse-an-bauch-beine-und-po\/#breadcrumb\",\"itemListElement\":[{\"@type\":\"ListItem\",\"position\":1,\"name\":\"Startseite\",\"item\":\"https:\/\/dominik-s.de\/kryofit-studio\/\"},{\"@type\":\"ListItem\",\"position\":2,\"name\":\"Abnehmen durch Kryolipolyse an Bauch, Beine und Po\"}]},{\"@type\":\"WebSite\",\"@id\":\"https:\/\/dominik-s.de\/kryofit-studio\/#website\",\"url\":\"https:\/\/dominik-s.de\/kryofit-studio\/\",\"name\":\"KryoFit - DOMINIKS Kryolipolyse Studio\",\"description\":\"Kryolipolyse - Fett weg ohne OP\",\"publisher\":{\"@id\":\"https:\/\/dominik-s.de\/kryofit-studio\/#organization\"},\"potentialAction\":[{\"@type\":\"SearchAction\",\"target\":{\"@type\":\"EntryPoint\",\"urlTemplate\":\"https:\/\/dominik-s.de\/kryofit-studio\/?s={search_term_string}\"},\"query-input\":{\"@type\":\"PropertyValueSpecification\",\"valueRequired\":true,\"valueName\":\"search_term_string\"}}],\"inLanguage\":\"de\"},{\"@type\":\"Organization\",\"@id\":\"https:\/\/dominik-s.de\/kryofit-studio\/#organization\",\"name\":\"Dominik-s - Fitness, Wellness, Gesundheit in Hof\",\"url\":\"https:\/\/dominik-s.de\/kryofit-studio\/\",\"logo\":{\"@type\":\"ImageObject\",\"inLanguage\":\"de\",\"@id\":\"https:\/\/dominik-s.de\/kryofit-studio\/#\/schema\/logo\/image\/\",\"url\":\"https:\/\/dominik-s.de\/kryofit-studio\/wp-content\/uploads\/sites\/5\/2019\/11\/dominiks-logo.jpg\",\"contentUrl\":\"https:\/\/dominik-s.de\/kryofit-studio\/wp-content\/uploads\/sites\/5\/2019\/11\/dominiks-logo.jpg\",\"width\":425,\"height\":184,\"caption\":\"Dominik-s - Fitness, Wellness, Gesundheit in Hof\"},\"image\":{\"@id\":\"https:\/\/dominik-s.de\/kryofit-studio\/#\/schema\/logo\/image\/\"}}]}<\/script>\n<!-- \/ Yoast SEO Premium plugin. -->","yoast_head_json":{"title":"Abnehmen durch Kryolipolyse an Bauch, Beine, Po | DOMINIKS KryoFit-Studio in Hof","description":"An Bauch Beine Po abnehmen f\u00fcr Frauen und M\u00e4nner: Die Kryolipolyse kann ohne OP an Bauch Beine Po Ihr K\u00f6rperfett durch Vereisung entfernen.","robots":{"index":"index","follow":"follow","max-snippet":"max-snippet:-1","max-image-preview":"max-image-preview:large","max-video-preview":"max-video-preview:-1"},"canonical":"https:\/\/dominik-s.de\/kryofit-studio\/abnehmen-durch-kryolipolyse-an-bauch-beine-und-po\/","og_locale":"de_DE","og_type":"article","og_title":"Abnehmen durch Kryolipolyse an Bauch, Beine und Po","og_description":"Der Weg zum perfekten Body! Abnehmen durch Kryolipolyse an Bauch, Beine, Po K\u00f6rperfett befindet sich vor allem entweder an den Organen oder in der","og_url":"https:\/\/dominik-s.de\/kryofit-studio\/abnehmen-durch-kryolipolyse-an-bauch-beine-und-po\/","og_site_name":"KryoFit - DOMINIKS Kryolipolyse Studio","article_modified_time":"2024-07-01T09:35:20+00:00","twitter_card":"summary_large_image","twitter_misc":{"Gesch\u00e4tzte Lesezeit":"3\u00a0Minuten"},"schema":{"@context":"https:\/\/schema.org","@graph":[{"@type":"WebPage","@id":"https:\/\/dominik-s.de\/kryofit-studio\/abnehmen-durch-kryolipolyse-an-bauch-beine-und-po\/","url":"https:\/\/dominik-s.de\/kryofit-studio\/abnehmen-durch-kryolipolyse-an-bauch-beine-und-po\/","name":"Abnehmen durch Kryolipolyse an Bauch, Beine, Po | DOMINIKS KryoFit-Studio in Hof","isPartOf":{"@id":"https:\/\/dominik-s.de\/kryofit-studio\/#website"},"datePublished":"2016-10-31T11:39:54+00:00","dateModified":"2024-07-01T09:35:20+00:00","description":"An Bauch Beine Po abnehmen f\u00fcr Frauen und M\u00e4nner: Die Kryolipolyse kann ohne OP an Bauch Beine Po Ihr K\u00f6rperfett durch Vereisung entfernen.","breadcrumb":{"@id":"https:\/\/dominik-s.de\/kryofit-studio\/abnehmen-durch-kryolipolyse-an-bauch-beine-und-po\/#breadcrumb"},"inLanguage":"de","potentialAction":[{"@type":"ReadAction","target":["https:\/\/dominik-s.de\/kryofit-studio\/abnehmen-durch-kryolipolyse-an-bauch-beine-und-po\/"]}]},{"@type":"BreadcrumbList","@id":"https:\/\/dominik-s.de\/kryofit-studio\/abnehmen-durch-kryolipolyse-an-bauch-beine-und-po\/#breadcrumb","itemListElement":[{"@type":"ListItem","position":1,"name":"Startseite","item":"https:\/\/dominik-s.de\/kryofit-studio\/"},{"@type":"ListItem","position":2,"name":"Abnehmen durch Kryolipolyse an Bauch, Beine und Po"}]},{"@type":"WebSite","@id":"https:\/\/dominik-s.de\/kryofit-studio\/#website","url":"https:\/\/dominik-s.de\/kryofit-studio\/","name":"KryoFit - DOMINIKS Kryolipolyse Studio","description":"Kryolipolyse - Fett weg ohne OP","publisher":{"@id":"https:\/\/dominik-s.de\/kryofit-studio\/#organization"},"potentialAction":[{"@type":"SearchAction","target":{"@type":"EntryPoint","urlTemplate":"https:\/\/dominik-s.de\/kryofit-studio\/?s={search_term_string}"},"query-input":{"@type":"PropertyValueSpecification","valueRequired":true,"valueName":"search_term_string"}}],"inLanguage":"de"},{"@type":"Organization","@id":"https:\/\/dominik-s.de\/kryofit-studio\/#organization","name":"Dominik-s - Fitness, Wellness, Gesundheit in Hof","url":"https:\/\/dominik-s.de\/kryofit-studio\/","logo":{"@type":"ImageObject","inLanguage":"de","@id":"https:\/\/dominik-s.de\/kryofit-studio\/#\/schema\/logo\/image\/","url":"https:\/\/dominik-s.de\/kryofit-studio\/wp-content\/uploads\/sites\/5\/2019\/11\/dominiks-logo.jpg","contentUrl":"https:\/\/dominik-s.de\/kryofit-studio\/wp-content\/uploads\/sites\/5\/2019\/11\/dominiks-logo.jpg","width":425,"height":184,"caption":"Dominik-s - Fitness, Wellness, Gesundheit in Hof"},"image":{"@id":"https:\/\/dominik-s.de\/kryofit-studio\/#\/schema\/logo\/image\/"}}]}},"_links":{"self":[{"href":"https:\/\/dominik-s.de\/kryofit-studio\/wp-json\/wp\/v2\/pages\/196","targetHints":{"allow":["GET"]}}],"collection":[{"href":"https:\/\/dominik-s.de\/kryofit-studio\/wp-json\/wp\/v2\/pages"}],"about":[{"href":"https:\/\/dominik-s.de\/kryofit-studio\/wp-json\/wp\/v2\/types\/page"}],"author":[{"embeddable":true,"href":"https:\/\/dominik-s.de\/kryofit-studio\/wp-json\/wp\/v2\/users\/1"}],"replies":[{"embeddable":true,"href":"https:\/\/dominik-s.de\/kryofit-studio\/wp-json\/wp\/v2\/comments?post=196"}],"version-history":[{"count":9,"href":"https:\/\/dominik-s.de\/kryofit-studio\/wp-json\/wp\/v2\/pages\/196\/revisions"}],"predecessor-version":[{"id":1909,"href":"https:\/\/dominik-s.de\/kryofit-studio\/wp-json\/wp\/v2\/pages\/196\/revisions\/1909"}],"wp:attachment":[{"href":"https:\/\/dominik-s.de\/kryofit-studio\/wp-json\/wp\/v2\/media?parent=196"}],"curies":[{"name":"wp","href":"https:\/\/api.w.org\/{rel}","templated":true}]}}