
{"id":200,"date":"2016-10-31T12:41:44","date_gmt":"2016-10-31T11:41:44","guid":{"rendered":"http:\/\/vianovashop.de\/kryofit-studio\/?page_id=200"},"modified":"2024-07-01T11:40:23","modified_gmt":"2024-07-01T09:40:23","slug":"mit-kryolipolyse-abnehmen-am-oberschenkel-wieder-schlanke-beine-haben","status":"publish","type":"page","link":"https:\/\/dominik-s.de\/kryofit-studio\/mit-kryolipolyse-abnehmen-am-oberschenkel-wieder-schlanke-beine-haben\/","title":{"rendered":"Mit Kryolipolyse abnehmen am Oberschenkel \u2013 wieder schlanke Beine haben!"},"content":{"rendered":"<p>[vc_row][vc_column][vc_empty_space height=&#8220;48px&#8220;][vc_column_text]<\/p>\n<div class=\"sc85_heading wpb_content_element inverted center\">\n<div class=\"subtitle\" style=\"text-align: center; font-size: 12pt;\">Wieder schlanke Beine haben und Reiterhosen vermeiden!<\/div>\n<h1 class=\"title\" style=\"text-align: center; font-size: 28pt;\">Abnehmen am Oberschenkel mit Kryolipolyse<\/h1>\n<\/div>\n<p>[\/vc_column_text][vc_column_text]<\/p>\n<p style=\"text-align: center;\">Anders als bei normaler Bewegung, oder beim Sport, k\u00f6nnen Sie durch\u00a0eine Kryolipolyse Behandlung selbst bestimmen, an welchem Bereich Ihres K\u00f6rpers das Fett verbrannt werden\u00a0soll.<\/p>\n<p style=\"text-align: center;\">Viele unserer Kunden im Kryolipolyse-Studio m\u00f6chten abnehmen am Oberschenkel und wieder schlanke Beine haben.<\/p>\n<p style=\"text-align: center;\">Das Abnehmen am Oberschenkel mit dem Kryolipolyse Saugkopf ist einfach und geht recht z\u00fcgig. Der Kryolipolyse Saugkopf kann zum Abnehmen am Oberschenkel innen oder au\u00dfen an den\u00a0Oberschenkeln platziert werden. Lesen Sie doch bitte den Beitrag, wie die <a title=\"Abnehmen am Oberschenkel durch Kryolipolyse\" href=\"https:\/\/dominik-s.de\/kryofit-studio\/fettabbau-durch-kryolipolyse\/\">Kryolipolyse Ihnen helfen kann<\/a> und wie eine <a title=\"Abnehmen am Oberschenkel im KryoFit Studio\" href=\"https:\/\/dominik-s.de\/kryofit-studio\/kryolipolyse-behandlung-und-beratung\/\">Kryolipolyse Behandlung im KryoFit-Studio<\/a> in Hof abl\u00e4uft.<\/p>\n<p>[\/vc_column_text][vc_single_image image=&#8220;296&#8243; img_size=&#8220;full&#8220; alignment=&#8220;center&#8220;][\/vc_column][\/vc_row][vc_row][vc_column][vc_column_text]<\/p>\n<h3 style=\"text-align: center;\">Abnehmen am Oberschenkel \u2013 Reiterhosen vermeiden!<\/h3>\n<p style=\"text-align: center;\">Wenn es Zeit zum abnehmen am Oberschenkel ist, merken Sie besonders beim Laufen, wenn die Jeans an der Innenseite reibt oder teilweise schon nach kurzer Zeit kaputt geht. Wir k\u00f6nnen die Oberschenkel-Innenseiten mit Kryolipolyse hocheffektiv behandeln.\u00a0Wir hatten schon Kunden mit 4 cm weniger Umfang nach Wochen und das nach nur einer Behandlung.<\/p>\n<p style=\"text-align: center;\">Abnehmen am Oberschenkel ist durch die Vereisung der Fettzellen bei der Kryolipolyse Behandlung ohne Schmerzen und OP m\u00f6glich. Dieses moderne Verfahren zur Vereisung der Fettzellen, wird nicht nur zum Abnehmen am Oberschenkel eingesetzt, sondern<\/p>\n<p class=\"info\" style=\"text-align: center;\"><strong>die Kryolipolyse Behandlung eignet sich sehr gut f\u00fcr folgende Problemzonen:<br \/>\n<a title=\"K\u00f6rperfett reduzieren\" href=\"https:\/\/dominik-s.de\/kryofit-studio\/kryolipolyse-einfach-und-bequem-koerperfett-reduzieren\/\">K\u00f6rperfett reduzieren<\/a> an <a title=\"Bauch, Po, Beine\" href=\"https:\/\/dominik-s.de\/kryofit-studio\/abnehmen-durch-kryolipolyse-an-bauch-beine-und-po\/\">Bauch, Po, Beine<\/a>, an der <a title=\"H\u00fcfte\" href=\"https:\/\/dominik-s.de\/kryofit-studio\/problemzone-huefte-mit-kryolipolyse-behandeln\/\">H\u00fcfte<\/a>, den <a title=\"Oberschenkeln\" href=\"https:\/\/dominik-s.de\/kryofit-studio\/mit-kryolipolyse-abnehmen-am-oberschenkel-wieder-schlanke-beine-haben\/\">Oberschenkeln<\/a> und <a title=\"Oberarmen\" href=\"https:\/\/dominik-s.de\/kryofit-studio\/problemzone-oberarme-mit-kryolipolyse-behandeln\/\">Oberarmen<\/a>.<\/strong><\/p>\n<p style=\"text-align: center;\">Gerne beraten wir Sie: Rufen Sie an: <a href=\"tel:092818401687\">09281-840 16 87<\/a> oder schreiben Sie eine <a title=\"Kontakt\" href=\"https:\/\/dominik-s.de\/kryofit-studio\/kontakt-kryolipolyse-studio-kryofit\/\">E-Mail<\/a>.<\/p>\n<p>[\/vc_column_text][\/vc_column][\/vc_row][vc_row full_width=&#8220;stretch_row&#8220; el_id=&#8220;rabatt&#8220; css=&#8220;.vc_custom_1719821761881{background-color: #000000 !important;}&#8220;][vc_column offset=&#8220;vc_col-xs-12&#8243;][vc_column_text]<\/p>\n<div class=\"sc85_heading wpb_content_element inverted center\">\n<div class=\"subtitle\" style=\"text-align: center; font-size: 12pt;\">Jetzt limitieret Rabatt Gutscheine sichern!<\/div>\n<h2 class=\"title\" style=\"text-align: center; font-size: 23pt;\">Einfach und bequem zur Traumfigur!<\/h2>\n<\/div>\n<p>[\/vc_column_text][vc_row_inner][vc_column_inner width=&#8220;1\/2&#8243;][vc_single_image image=&#8220;1565&#8243; img_size=&#8220;full&#8220; alignment=&#8220;center&#8220; onclick=&#8220;custom_link&#8220; link=&#8220;https:\/\/dominik-s.de\/kryofit-studio\/gutscheine\/&#8220;][\/vc_column_inner][vc_column_inner width=&#8220;1\/2&#8243;][vc_single_image image=&#8220;1566&#8243; img_size=&#8220;full&#8220; alignment=&#8220;center&#8220; onclick=&#8220;custom_link&#8220; link=&#8220;https:\/\/dominik-s.de\/kryofit-studio\/gutscheine\/&#8220;][\/vc_column_inner][\/vc_row_inner][vc_column_text]<\/p>\n<p style=\"text-align: center; font-size: 16pt;\"><a class=\"button\" title=\"Rabatt Gutschein sichern\" href=\"https:\/\/dominik-s.de\/kryofit-studio\/gutscheine\">ZU DEN GUTSCHEINEN<\/a><\/p>\n<p style=\"text-align: center;\">Oder gleich bei uns im Kryolipolyse Studio anrufen<br \/>\nund einen Beratungsgespr\u00e4ch vereinbaren:<b><br \/>\n<span style=\"font-size: 20pt; color: #009ee0;\"><a style=\"color: #009ee0;\" href=\"tel:092818189600\">09281 \u2013 818 96 00<\/a><\/span><\/b><\/p>\n<p>[\/vc_column_text][\/vc_column][\/vc_row][vc_row][vc_column][vc_column_text]<\/p>\n<h3 style=\"text-align: center;\">Sch\u00f6ne Beine durch Fett abnehmen am Oberschenkel<\/h3>\n<p style=\"text-align: center;\">Damit Ihre Oberschenkel die richtige Form haben, braucht es einige Zutaten. Mit Bewegung alleine ist es oft nicht getan. Es kommt auch auf die richtige Ern\u00e4hrung an. Oft helfen nicht einmal viel Bewegung und die richtige Ern\u00e4hrung. Gr\u00fcnde daf\u00fcr gibt es viele. Wenn alle Anstrengungen nicht helfen, um endlich sch\u00f6ne Beine zu haben, dann probieren Sie die Kryolipolyse. Sie werden erstaunt und begeistert sein, wie schnell und einfach Sie sch\u00f6ne Beine haben k\u00f6nnen.<\/p>\n<p>[\/vc_column_text][\/vc_column][\/vc_row][vc_row full_width=&#8220;stretch_row&#8220; el_id=&#8220;vorteile&#8220; css=&#8220;.vc_custom_1719821756232{background-color: #000000 !important;}&#8220;][vc_column offset=&#8220;vc_col-xs-12&#8243;][vc_column_text]<\/p>\n<div class=\"sc85_heading wpb_content_element inverted center\">\n<div class=\"subtitle\" style=\"text-align: center; font-size: 12pt;\">der Kryolipolyse Behandlung \u2013 Fett weg ohne OP<\/div>\n<h2 class=\"title\" style=\"text-align: center; font-size: 23pt;\">Vorteile und Nutzen<\/h2>\n<\/div>\n<p>[\/vc_column_text][vc_row_inner][vc_column_inner width=&#8220;1\/2&#8243;] <div class=\"sc85_iconbox wpb_content_element clean_right_aligned\"> <div class=\"icon\"> <i class=\"fa fa-fw fa fa-thumbs-up\"><\/i> <\/div> <div class=\"info\"> <h3 class=\"title\">OHNE OP<\/h3> <div class=\"subtitle\">ohne Narkose &amp; ohne Ausfallzeiten<\/div> <div class=\"text\">Kein beruflicher Ausfall &amp; keine Krankschreibung notwendig.<\/div> <\/div> <\/div>  <div class=\"sc85_iconbox wpb_content_element clean_right_aligned\"> <div class=\"icon\"> <i class=\"fa fa-fw fa fa-thumbs-up\"><\/i> <\/div> <div class=\"info\"> <h3 class=\"title\">AMBULANT<\/h3> <div class=\"subtitle\">gleich wieder nach Hause<\/div> <div class=\"text\">Sie k\u00f6nnen direkt nach der Kryolipolyse Behandlung wieder nach Hause gehen.<\/div> <\/div> <\/div>  <div class=\"sc85_iconbox wpb_content_element clean_right_aligned\"> <div class=\"icon\"> <i class=\"fa fa-fw fa fa-thumbs-up\"><\/i> <\/div> <div class=\"info\"> <h3 class=\"title\">SCHMERZFREI<\/h3> <div class=\"subtitle\">Behandlung &amp; postoperative Phase<\/div> <div class=\"text\">Das schonende Behandlungsverfahren verursacht keinerlei Schmerzen.<\/div> <\/div> <\/div>  <div class=\"sc85_iconbox wpb_content_element clean_right_aligned\"> <div class=\"icon\"> <i class=\"fa fa-fw fa fa-thumbs-up\"><\/i> <\/div> <div class=\"info\"> <h3 class=\"title\">DAUERHAFT<\/h3> <div class=\"subtitle\">dauerhaft Fett verlieren<\/div> <div class=\"text\">Die Fettzellen verschwinden und kommen auch nicht wieder.<\/div> <\/div> <\/div> [\/vc_column_inner][vc_column_inner width=&#8220;1\/2&#8243;] <div class=\"sc85_iconbox wpb_content_element clean_left_aligned\"> <div class=\"icon\"> <i class=\"fa fa-fw fa fa-thumbs-up\"><\/i> <\/div> <div class=\"info\"> <h3 class=\"title\">EFFEKTIV<\/h3> <div class=\"subtitle\">Kurze Behandlungszeit mit gro\u00dfem Effekt<\/div> <div class=\"text\">Die Behandlung dauert nur eine Stunde und ist sehr effektiv.<\/div> <\/div> <\/div>  <div class=\"sc85_iconbox wpb_content_element clean_left_aligned\"> <div class=\"icon\"> <i class=\"fa fa-fw fa fa-thumbs-up\"><\/i> <\/div> <div class=\"info\"> <h3 class=\"title\">PREISVORTEIL<\/h3> <div class=\"subtitle\">zur klassischen Fettabsaugung<\/div> <div class=\"text\">Trotz eventueller Mehrfachsitzungen ist die Behandlung preisg\u00fcnstiger als eine Fettabsaugung.<\/div> <\/div> <\/div>  <div class=\"sc85_iconbox wpb_content_element clean_left_aligned\"> <div class=\"icon\"> <i class=\"fa fa-fw fa fa-thumbs-up\"><\/i> <\/div> <div class=\"info\"> <h3 class=\"title\">SCHONEND<\/h3> <div class=\"subtitle\">schonendes Verfahren zum Fettabbau<\/div> <div class=\"text\">Die Haut und die Muskeln werden durch das Verfahren nicht gesch\u00e4digt.<\/div> <\/div> <\/div>  <div class=\"sc85_iconbox wpb_content_element clean_left_aligned\"> <div class=\"icon\"> <i class=\"fa fa-fw fa fa-thumbs-up\"><\/i> <\/div> <div class=\"info\"> <h3 class=\"title\">SELBSTBEWUSSTSEIN<\/h3> <div class=\"subtitle\">Ihr Selbstwertgef\u00fchl wird gesteigert.<\/div> <div class=\"text\">Sie werden bewundert und Ihr Selbstbewusstsein wird gest\u00e4rkt.<\/div> <\/div> <\/div> [\/vc_column_inner][\/vc_row_inner][vc_empty_space][\/vc_column][\/vc_row][vc_row full_width=&#8220;stretch_row&#8220; css_animation=&#8220;appear&#8220;][vc_column][vc_column_text]<\/p>\n<div class=\"sc85_heading wpb_content_element inverted center\">\n<div class=\"subtitle\" style=\"text-align: center; font-size: 12pt;\">Kontakt aufnehmen<\/div>\n<h1 class=\"title\" style=\"text-align: center; font-size: 26pt;\">Wir beraten Sie gerne!<\/h1>\n<\/div>\n<p>[\/vc_column_text][vc_column_text]<\/p>\n<div class=\"sc85_heading wpb_content_element impact center\">\n<div class=\"subtitle\">\n<p style=\"text-align: center; font-size: 12pt;\">Gerne vereinbaren wir mit Ihnen ein kostenloses und unverbindliches Beratungsgespr\u00e4ch im Kryofit Studio in Hof. Wir beraten Sie gerne dar\u00fcber, wie wir Ihre Problemzonen behandeln k\u00f6nnen. Nutzen Sie unsere langj\u00e4hrigen Erfahrung mit dem Kryolipolyse Verfahren. Schreiben Sie uns eine Nachricht \u00fcber das Kontaktformular oder WhatsApp. Sie k\u00f6nnen uns aber auch gerne direkt anrufen.<\/p>\n<p style=\"text-align: center;\"><a style=\"color: #ffffff;\" href=\"tel:092818189600\"><button style=\"font-size: 11pt; background-color: #ffffff; border: none; color: black;\">09281 818 96 00<\/button><\/a><\/p>\n<p style=\"text-align: center;\"><a style=\"color: #ffffff;\" href=\"https:\/\/wa.me\/491774139782?text=%20Hallo,%20ich%20m%C3%B6chte%20gerne%20einen%20Termin%20vereinbaren.%20Mein%20Wunschtermin%20w\u00e4re:\" target=\"_blank\" rel=\"noopener noreferrer\"><button style=\"font-size: 11pt; background-color: #ffffff; border: none; color: black;\">WhatsApp Nachricht<\/button><\/a><\/p>\n<\/div>\n<\/div>\n<p>[\/vc_column_text]\n<div class=\"wpcf7 no-js\" id=\"wpcf7-f171-o1\" lang=\"de-DE\" dir=\"ltr\" data-wpcf7-id=\"171\">\n<div class=\"screen-reader-response\"><p role=\"status\" aria-live=\"polite\" aria-atomic=\"true\"><\/p> <ul><\/ul><\/div>\n<form action=\"\/kryofit-studio\/wp-json\/wp\/v2\/pages\/200#wpcf7-f171-o1\" method=\"post\" class=\"wpcf7-form init wpcf7-acceptance-as-validation\" aria-label=\"Kontaktformular\" novalidate=\"novalidate\" data-status=\"init\">\n<fieldset class=\"hidden-fields-container\"><input type=\"hidden\" name=\"_wpcf7\" value=\"171\" \/><input type=\"hidden\" name=\"_wpcf7_version\" value=\"6.1.4\" \/><input type=\"hidden\" name=\"_wpcf7_locale\" value=\"de_DE\" \/><input type=\"hidden\" name=\"_wpcf7_unit_tag\" value=\"wpcf7-f171-o1\" \/><input type=\"hidden\" name=\"_wpcf7_container_post\" value=\"0\" \/><input type=\"hidden\" name=\"_wpcf7_posted_data_hash\" value=\"\" \/><input type=\"hidden\" name=\"_wpcf7_recaptcha_response\" value=\"\" \/>\n<\/fieldset>\n<p class=\"field name\"><span class=\"wpcf7-form-control-wrap\" data-name=\"name1\"><input size=\"40\" maxlength=\"400\" class=\"wpcf7-form-control wpcf7-text wpcf7-validates-as-required\" aria-required=\"true\" aria-invalid=\"false\" placeholder=\"Ihr Name...\" value=\"\" type=\"text\" name=\"name1\" \/><\/span>\n<\/p>\n<p class=\"field email\"><span class=\"wpcf7-form-control-wrap\" data-name=\"email\"><input size=\"40\" maxlength=\"400\" class=\"wpcf7-form-control wpcf7-email wpcf7-validates-as-required wpcf7-text wpcf7-validates-as-email\" aria-required=\"true\" aria-invalid=\"false\" placeholder=\"Ihre E-Mail...\" value=\"\" type=\"email\" name=\"email\" \/><\/span>\n<\/p>\n<p class=\"field phone\"><span class=\"wpcf7-form-control-wrap\" data-name=\"telefon\"><input size=\"40\" maxlength=\"400\" class=\"wpcf7-form-control wpcf7-tel wpcf7-validates-as-required wpcf7-text wpcf7-validates-as-tel\" aria-required=\"true\" aria-invalid=\"false\" placeholder=\"Ihre Telefonnummer...\" value=\"\" type=\"tel\" name=\"telefon\" \/><\/span>\n<\/p>\n<p class=\"field full\">Gew\u00fcnschte Behandlung:<br \/>\n(Mehrfachauswahl m\u00f6glich)\n<\/p>\n<p class=\"field full\"><span class=\"wpcf7-form-control-wrap\" data-name=\"behandlung\"><span class=\"wpcf7-form-control wpcf7-checkbox\"><span class=\"wpcf7-list-item first\"><input type=\"checkbox\" name=\"behandlung[]\" value=\"Bauch\" \/><span class=\"wpcf7-list-item-label\">Bauch<\/span><\/span><span class=\"wpcf7-list-item\"><input type=\"checkbox\" name=\"behandlung[]\" value=\"R\u00fccken\" \/><span class=\"wpcf7-list-item-label\">R\u00fccken<\/span><\/span><span class=\"wpcf7-list-item\"><input type=\"checkbox\" name=\"behandlung[]\" value=\"Oberschenkel\" \/><span class=\"wpcf7-list-item-label\">Oberschenkel<\/span><\/span><span class=\"wpcf7-list-item\"><input type=\"checkbox\" name=\"behandlung[]\" value=\"H\u00fcfte\" \/><span class=\"wpcf7-list-item-label\">H\u00fcfte<\/span><\/span><span class=\"wpcf7-list-item\"><input type=\"checkbox\" name=\"behandlung[]\" value=\"Po\" \/><span class=\"wpcf7-list-item-label\">Po<\/span><\/span><span class=\"wpcf7-list-item\"><input type=\"checkbox\" name=\"behandlung[]\" value=\"Oberarme\" \/><span class=\"wpcf7-list-item-label\">Oberarme<\/span><\/span><span class=\"wpcf7-list-item last\"><input type=\"checkbox\" name=\"behandlung[]\" value=\"Kinn\" \/><span class=\"wpcf7-list-item-label\">Kinn<\/span><\/span><\/span><\/span>\n<\/p>\n<p class=\"field message\"><span class=\"wpcf7-form-control-wrap\" data-name=\"nachricht\"><textarea cols=\"40\" rows=\"10\" maxlength=\"2000\" class=\"wpcf7-form-control wpcf7-textarea wpcf7-validates-as-required\" aria-required=\"true\" aria-invalid=\"false\" placeholder=\"Ihre Nachricht...\" name=\"nachricht\"><\/textarea><\/span>\n<\/p>\n<p class=\"field submit full\"><input class=\"wpcf7-form-control wpcf7-submit has-spinner\" type=\"submit\" value=\"Anfrage absenden\" \/>\n<\/p>\n<p class=\"field submit full\"><span class=\"wpcf7-form-control-wrap\" data-name=\"datenschutz\"><span class=\"wpcf7-form-control wpcf7-acceptance\"><span class=\"wpcf7-list-item\"><label><input type=\"checkbox\" name=\"datenschutz\" value=\"1\" aria-invalid=\"false\" \/><span class=\"wpcf7-list-item-label\">Hiermit willige ich ein, dass meine eingegebenen pers\u00f6nlichen Daten, nur zur Bearbeitung der Anfrage elektronisch gespeichert werden d\u00fcrfen. Ich habe die <a href=\"\/datenschutz\/\" target=\"_blank\">Datenschutzerkl\u00e4rung<\/a> gelesen und stimme dieser zu.<\/span><\/label><\/span><\/span><\/span>\n<\/p><div class=\"wpcf7-response-output\" aria-hidden=\"true\"><\/div>\n<\/form>\n<\/div>\n[vc_empty_space height=&#8220;48px&#8220;][\/vc_column][\/vc_row]<\/p>\n","protected":false},"excerpt":{"rendered":"<p>[vc_row][vc_column][vc_empty_space height=&#8220;48px&#8220;][vc_column_text] Wieder schlanke Beine haben und Reiterhosen vermeiden! Abnehmen am Oberschenkel mit Kryolipolyse [\/vc_column_text][vc_column_text] Anders als bei normaler Bewegung, oder beim Sport, k\u00f6nnen Sie durch\u00a0eine Kryolipolyse Behandlung selbst bestimmen, an welchem Bereich Ihres K\u00f6rpers das Fett verbrannt werden\u00a0soll. Viele unserer Kunden im Kryolipolyse-Studio m\u00f6chten abnehmen am Oberschenkel und wieder schlanke Beine haben. Das Abnehmen [&hellip;]<\/p>\n","protected":false},"author":1,"featured_media":0,"parent":0,"menu_order":11,"comment_status":"closed","ping_status":"closed","template":"","meta":{"footnotes":""},"class_list":["post-200","page","type-page","status-publish","hentry"],"yoast_head":"<!-- This site is optimized with the Yoast SEO Premium plugin v26.5 (Yoast SEO v26.6) - https:\/\/yoast.com\/wordpress\/plugins\/seo\/ -->\n<title>Mit Kryolipolyse abnehmen am Oberschenkel | DOMINIKS KryoFit-Studio in Hof<\/title>\n<meta name=\"description\" content=\"Abnehmen am Oberschenkel und wieder schlanke Beine haben durch Kryolipolyse! Abnehmen am Oberschenkel einfach und schnell im KryoFit-Studio in Hof.\" \/>\n<meta name=\"robots\" content=\"index, follow, max-snippet:-1, max-image-preview:large, max-video-preview:-1\" \/>\n<link rel=\"canonical\" href=\"https:\/\/dominik-s.de\/kryofit-studio\/mit-kryolipolyse-abnehmen-am-oberschenkel-wieder-schlanke-beine-haben\/\" \/>\n<meta property=\"og:locale\" content=\"de_DE\" \/>\n<meta property=\"og:type\" content=\"article\" \/>\n<meta property=\"og:title\" content=\"Mit Kryolipolyse abnehmen am Oberschenkel \u2013 wieder schlanke Beine haben!\" \/>\n<meta property=\"og:description\" content=\"Wieder schlanke Beine haben und Reiterhosen vermeiden! Abnehmen am Oberschenkel mit Kryolipolyse Anders als bei normaler Bewegung, oder beim Sport, k\u00f6nnen\" \/>\n<meta property=\"og:url\" content=\"https:\/\/dominik-s.de\/kryofit-studio\/mit-kryolipolyse-abnehmen-am-oberschenkel-wieder-schlanke-beine-haben\/\" \/>\n<meta property=\"og:site_name\" content=\"KryoFit - DOMINIKS Kryolipolyse Studio\" \/>\n<meta property=\"article:modified_time\" content=\"2024-07-01T09:40:23+00:00\" \/>\n<meta name=\"twitter:card\" content=\"summary_large_image\" \/>\n<meta name=\"twitter:label1\" content=\"Gesch\u00e4tzte Lesezeit\" \/>\n\t<meta name=\"twitter:data1\" content=\"3\u00a0Minuten\" \/>\n<script type=\"application\/ld+json\" class=\"yoast-schema-graph\">{\"@context\":\"https:\/\/schema.org\",\"@graph\":[{\"@type\":\"WebPage\",\"@id\":\"https:\/\/dominik-s.de\/kryofit-studio\/mit-kryolipolyse-abnehmen-am-oberschenkel-wieder-schlanke-beine-haben\/\",\"url\":\"https:\/\/dominik-s.de\/kryofit-studio\/mit-kryolipolyse-abnehmen-am-oberschenkel-wieder-schlanke-beine-haben\/\",\"name\":\"Mit Kryolipolyse abnehmen am Oberschenkel | DOMINIKS KryoFit-Studio in Hof\",\"isPartOf\":{\"@id\":\"https:\/\/dominik-s.de\/kryofit-studio\/#website\"},\"datePublished\":\"2016-10-31T11:41:44+00:00\",\"dateModified\":\"2024-07-01T09:40:23+00:00\",\"description\":\"Abnehmen am Oberschenkel und wieder schlanke Beine haben durch Kryolipolyse! Abnehmen am Oberschenkel einfach und schnell im KryoFit-Studio in Hof.\",\"breadcrumb\":{\"@id\":\"https:\/\/dominik-s.de\/kryofit-studio\/mit-kryolipolyse-abnehmen-am-oberschenkel-wieder-schlanke-beine-haben\/#breadcrumb\"},\"inLanguage\":\"de\",\"potentialAction\":[{\"@type\":\"ReadAction\",\"target\":[\"https:\/\/dominik-s.de\/kryofit-studio\/mit-kryolipolyse-abnehmen-am-oberschenkel-wieder-schlanke-beine-haben\/\"]}]},{\"@type\":\"BreadcrumbList\",\"@id\":\"https:\/\/dominik-s.de\/kryofit-studio\/mit-kryolipolyse-abnehmen-am-oberschenkel-wieder-schlanke-beine-haben\/#breadcrumb\",\"itemListElement\":[{\"@type\":\"ListItem\",\"position\":1,\"name\":\"Startseite\",\"item\":\"https:\/\/dominik-s.de\/kryofit-studio\/\"},{\"@type\":\"ListItem\",\"position\":2,\"name\":\"Mit Kryolipolyse abnehmen am Oberschenkel \u2013 wieder schlanke Beine haben!\"}]},{\"@type\":\"WebSite\",\"@id\":\"https:\/\/dominik-s.de\/kryofit-studio\/#website\",\"url\":\"https:\/\/dominik-s.de\/kryofit-studio\/\",\"name\":\"KryoFit - DOMINIKS Kryolipolyse Studio\",\"description\":\"Kryolipolyse - Fett weg ohne OP\",\"publisher\":{\"@id\":\"https:\/\/dominik-s.de\/kryofit-studio\/#organization\"},\"potentialAction\":[{\"@type\":\"SearchAction\",\"target\":{\"@type\":\"EntryPoint\",\"urlTemplate\":\"https:\/\/dominik-s.de\/kryofit-studio\/?s={search_term_string}\"},\"query-input\":{\"@type\":\"PropertyValueSpecification\",\"valueRequired\":true,\"valueName\":\"search_term_string\"}}],\"inLanguage\":\"de\"},{\"@type\":\"Organization\",\"@id\":\"https:\/\/dominik-s.de\/kryofit-studio\/#organization\",\"name\":\"Dominik-s - Fitness, Wellness, Gesundheit in Hof\",\"url\":\"https:\/\/dominik-s.de\/kryofit-studio\/\",\"logo\":{\"@type\":\"ImageObject\",\"inLanguage\":\"de\",\"@id\":\"https:\/\/dominik-s.de\/kryofit-studio\/#\/schema\/logo\/image\/\",\"url\":\"https:\/\/dominik-s.de\/kryofit-studio\/wp-content\/uploads\/sites\/5\/2019\/11\/dominiks-logo.jpg\",\"contentUrl\":\"https:\/\/dominik-s.de\/kryofit-studio\/wp-content\/uploads\/sites\/5\/2019\/11\/dominiks-logo.jpg\",\"width\":425,\"height\":184,\"caption\":\"Dominik-s - Fitness, Wellness, Gesundheit in Hof\"},\"image\":{\"@id\":\"https:\/\/dominik-s.de\/kryofit-studio\/#\/schema\/logo\/image\/\"}}]}<\/script>\n<!-- \/ Yoast SEO Premium plugin. -->","yoast_head_json":{"title":"Mit Kryolipolyse abnehmen am Oberschenkel | DOMINIKS KryoFit-Studio in Hof","description":"Abnehmen am Oberschenkel und wieder schlanke Beine haben durch Kryolipolyse! Abnehmen am Oberschenkel einfach und schnell im KryoFit-Studio in Hof.","robots":{"index":"index","follow":"follow","max-snippet":"max-snippet:-1","max-image-preview":"max-image-preview:large","max-video-preview":"max-video-preview:-1"},"canonical":"https:\/\/dominik-s.de\/kryofit-studio\/mit-kryolipolyse-abnehmen-am-oberschenkel-wieder-schlanke-beine-haben\/","og_locale":"de_DE","og_type":"article","og_title":"Mit Kryolipolyse abnehmen am Oberschenkel \u2013 wieder schlanke Beine haben!","og_description":"Wieder schlanke Beine haben und Reiterhosen vermeiden! Abnehmen am Oberschenkel mit Kryolipolyse Anders als bei normaler Bewegung, oder beim Sport, k\u00f6nnen","og_url":"https:\/\/dominik-s.de\/kryofit-studio\/mit-kryolipolyse-abnehmen-am-oberschenkel-wieder-schlanke-beine-haben\/","og_site_name":"KryoFit - DOMINIKS Kryolipolyse Studio","article_modified_time":"2024-07-01T09:40:23+00:00","twitter_card":"summary_large_image","twitter_misc":{"Gesch\u00e4tzte Lesezeit":"3\u00a0Minuten"},"schema":{"@context":"https:\/\/schema.org","@graph":[{"@type":"WebPage","@id":"https:\/\/dominik-s.de\/kryofit-studio\/mit-kryolipolyse-abnehmen-am-oberschenkel-wieder-schlanke-beine-haben\/","url":"https:\/\/dominik-s.de\/kryofit-studio\/mit-kryolipolyse-abnehmen-am-oberschenkel-wieder-schlanke-beine-haben\/","name":"Mit Kryolipolyse abnehmen am Oberschenkel | DOMINIKS KryoFit-Studio in Hof","isPartOf":{"@id":"https:\/\/dominik-s.de\/kryofit-studio\/#website"},"datePublished":"2016-10-31T11:41:44+00:00","dateModified":"2024-07-01T09:40:23+00:00","description":"Abnehmen am Oberschenkel und wieder schlanke Beine haben durch Kryolipolyse! Abnehmen am Oberschenkel einfach und schnell im KryoFit-Studio in Hof.","breadcrumb":{"@id":"https:\/\/dominik-s.de\/kryofit-studio\/mit-kryolipolyse-abnehmen-am-oberschenkel-wieder-schlanke-beine-haben\/#breadcrumb"},"inLanguage":"de","potentialAction":[{"@type":"ReadAction","target":["https:\/\/dominik-s.de\/kryofit-studio\/mit-kryolipolyse-abnehmen-am-oberschenkel-wieder-schlanke-beine-haben\/"]}]},{"@type":"BreadcrumbList","@id":"https:\/\/dominik-s.de\/kryofit-studio\/mit-kryolipolyse-abnehmen-am-oberschenkel-wieder-schlanke-beine-haben\/#breadcrumb","itemListElement":[{"@type":"ListItem","position":1,"name":"Startseite","item":"https:\/\/dominik-s.de\/kryofit-studio\/"},{"@type":"ListItem","position":2,"name":"Mit Kryolipolyse abnehmen am Oberschenkel \u2013 wieder schlanke Beine haben!"}]},{"@type":"WebSite","@id":"https:\/\/dominik-s.de\/kryofit-studio\/#website","url":"https:\/\/dominik-s.de\/kryofit-studio\/","name":"KryoFit - DOMINIKS Kryolipolyse Studio","description":"Kryolipolyse - Fett weg ohne OP","publisher":{"@id":"https:\/\/dominik-s.de\/kryofit-studio\/#organization"},"potentialAction":[{"@type":"SearchAction","target":{"@type":"EntryPoint","urlTemplate":"https:\/\/dominik-s.de\/kryofit-studio\/?s={search_term_string}"},"query-input":{"@type":"PropertyValueSpecification","valueRequired":true,"valueName":"search_term_string"}}],"inLanguage":"de"},{"@type":"Organization","@id":"https:\/\/dominik-s.de\/kryofit-studio\/#organization","name":"Dominik-s - Fitness, Wellness, Gesundheit in Hof","url":"https:\/\/dominik-s.de\/kryofit-studio\/","logo":{"@type":"ImageObject","inLanguage":"de","@id":"https:\/\/dominik-s.de\/kryofit-studio\/#\/schema\/logo\/image\/","url":"https:\/\/dominik-s.de\/kryofit-studio\/wp-content\/uploads\/sites\/5\/2019\/11\/dominiks-logo.jpg","contentUrl":"https:\/\/dominik-s.de\/kryofit-studio\/wp-content\/uploads\/sites\/5\/2019\/11\/dominiks-logo.jpg","width":425,"height":184,"caption":"Dominik-s - Fitness, Wellness, Gesundheit in Hof"},"image":{"@id":"https:\/\/dominik-s.de\/kryofit-studio\/#\/schema\/logo\/image\/"}}]}},"_links":{"self":[{"href":"https:\/\/dominik-s.de\/kryofit-studio\/wp-json\/wp\/v2\/pages\/200","targetHints":{"allow":["GET"]}}],"collection":[{"href":"https:\/\/dominik-s.de\/kryofit-studio\/wp-json\/wp\/v2\/pages"}],"about":[{"href":"https:\/\/dominik-s.de\/kryofit-studio\/wp-json\/wp\/v2\/types\/page"}],"author":[{"embeddable":true,"href":"https:\/\/dominik-s.de\/kryofit-studio\/wp-json\/wp\/v2\/users\/1"}],"replies":[{"embeddable":true,"href":"https:\/\/dominik-s.de\/kryofit-studio\/wp-json\/wp\/v2\/comments?post=200"}],"version-history":[{"count":6,"href":"https:\/\/dominik-s.de\/kryofit-studio\/wp-json\/wp\/v2\/pages\/200\/revisions"}],"predecessor-version":[{"id":1912,"href":"https:\/\/dominik-s.de\/kryofit-studio\/wp-json\/wp\/v2\/pages\/200\/revisions\/1912"}],"wp:attachment":[{"href":"https:\/\/dominik-s.de\/kryofit-studio\/wp-json\/wp\/v2\/media?parent=200"}],"curies":[{"name":"wp","href":"https:\/\/api.w.org\/{rel}","templated":true}]}}