
{"id":42,"date":"2016-08-22T12:51:25","date_gmt":"2016-08-22T10:51:25","guid":{"rendered":"http:\/\/vianovashop.de\/kryofit-studio\/?page_id=42"},"modified":"2024-04-23T11:44:26","modified_gmt":"2024-04-23T09:44:26","slug":"fettabbau-durch-kryolipolyse","status":"publish","type":"page","link":"https:\/\/dominik-s.de\/kryofit-studio\/fettabbau-durch-kryolipolyse\/","title":{"rendered":"Fettabbau durch Kryolipolyse"},"content":{"rendered":"<p>[vc_row full_width=&#8220;stretch_row&#8220;][vc_column offset=&#8220;vc_col-xs-12&#8243;][vc_empty_space height=&#8220;59px&#8220;][vc_column_text]<\/p>\n<div class=\"sc85_heading wpb_content_element inverted center\">\n<div class=\"subtitle\" style=\"text-align: center; font-size: 12pt;\">Was ist Kryolipolyse?<\/div>\n<h1 class=\"title\" style=\"text-align: center; font-size: 28pt;\">Fettabbau durch Kryolipolyse<\/h1>\n<\/div>\n<p>[\/vc_column_text][vc_column_text]<\/p>\n<div class=\"sc85_heading wpb_content_element impact center\">\n<div class=\"subtitle\">\n<p style=\"text-align: center; font-size: 12pt;\"><strong>Der Begriff Kryolipolyse im Zusammenhang mit Fettabbau<\/strong>Der Begriff Kryolipolyse bedeutet \u00fcbersetzt: \u201emit K\u00e4lte Fett aufl\u00f6sen\u201c und bezeichnet ein modernes, vor wenigen Jahren entwickeltes und inzwischen etabliertes Verfahren, das ohne OP dauerhaft Fettpolster entfernen kann. Fettabbau durch Kryolipolyse bezeichnet ein Verfahren, mit dem der Fettabbau auf schonende Art aktiviert wird. Entwickelt wurde das Kryolipolyse-Verfahren von den Dermatologen der Harvard Medical School in Bosten\/Massachusetts.<\/p>\n<\/div>\n<\/div>\n<p>[\/vc_column_text][vc_empty_space][\/vc_column][\/vc_row][vc_row full_width=&#8220;stretch_row&#8220; css=&#8220;.vc_custom_1713865085659{background-color: #000000 !important;}&#8220;][vc_column][vc_column_text]<\/p>\n<div class=\"sc85_heading wpb_content_element inverted center\">\n<div class=\"subtitle\" style=\"text-align: center; font-size: 12pt;\">Fettabbau durch Kryolipolyse<\/div>\n<h2 class=\"title\" style=\"text-align: center; font-size: 23pt;\">Als Alternative zum zur operativen Fettabsaugung<\/h2>\n<\/div>\n<p>[\/vc_column_text][vc_column_text]<\/p>\n<div class=\"sc85_heading wpb_content_element impact center\">\n<div class=\"subtitle\">\n<p style=\"text-align: center; font-size: 12pt;\">Anstatt sich das K\u00f6rperfett durch eine Operation absaugen zu lassen, geht der Fettabbau durch\u00a0Kryolipolyse einen anderen, neuen Weg: Auf sanfte Art und Weise werden die \u00fcberfl\u00fcssigen und l\u00e4stigen Fettp\u00f6lsterchen vereist. Die Dermatologen Dr. Dieter Manstein, Dr. R. Rox Anderson und ihr Forschungsteam bewiesen im Jahr 2008, dass Fettzellen aus dem unmittelbar unter der Haut liegenden Binde- und Fettgewebe, durch eine anhaltende, kontrollierte K\u00fchlung beseitigt werden k\u00f6nnen. Interessant ist, dass die Haut oberhalb des Fettgewebes dabei v\u00f6llig unversehrt bleibt. Wichtige Erkenntnisse zur Kryolipolyse sind in einer\u00a0<a title=\"Wissenschaflchen Studie\" href=\"https:\/\/dominik-s.de\/kryofit-studio\/wissenschaftliche-kryolipolyse-studien\/\">Wissenschaflichen Studie zum Fettabbau durch Kryolipolyse<\/a>\u00a0zusammengefasst.<\/p>\n<\/div>\n<\/div>\n<p>[\/vc_column_text][vc_single_image image=&#8220;192&#8243; img_size=&#8220;full&#8220; alignment=&#8220;center&#8220;][\/vc_column][\/vc_row][vc_row][vc_column width=&#8220;1\/3&#8243;][vc_column_text]<\/p>\n<h2 style=\"text-align: center;\">Kann man K\u00f6rperfett wegfrieren und was passiert mit den Fettzellen?<\/h2>\n<p>Fettzellen vertragen keine K\u00e4lte und sterben bei bestimmten Temperaturen ab. W\u00e4hrend des Fettabbaus durch\u00a0Kryolipolyse wird durch die K\u00e4lte ein programmierter Zelltod der Fettzellen ausgel\u00f6st. Dabei werden Zytokinen (Proteine, die u.a. das Wachstum von Zellen regulieren) und andere Entz\u00fcndungsmediatoren freigesetzt. In den Monaten nach der Anwendung der Kryolipolyse-Methode werden die betroffenen Fettzellen stufenweise abgebaut. Es werden die unerw\u00fcnschten Fettpolster mit Unterdruck in eine Kammer gezogen, in der sie dann kontrolliert auf 4\u00b0C \u2013 0\u00b0C herunter gek\u00fchlt werden. W\u00e4hrend der Kryolipolyse Behandlung l\u00f6st der K\u00e4ltereiz den programmierten Zelltod aus, wissenschaftlich Apoptose genannt, der einen nat\u00fcrlichen Prozess darstellt und schlie\u00dflich zum Fettabbau durch den eigenen K\u00f6rper f\u00fchrt.[\/vc_column_text][\/vc_column][vc_column width=&#8220;1\/3&#8243;]<div class=\"woocommerce \"><ul class=\"products columns-3\">\n<li class=\"product type-product post-587 status-publish first instock product_cat-kryofit has-post-thumbnail virtual taxable purchasable product-type-simple\">\n\t<a href=\"https:\/\/dominik-s.de\/kryofit-studio\/produkt\/gutschein-180-euro-kryolipolyse\/\" class=\"woocommerce-LoopProduct-link woocommerce-loop-product__link\"> <div class=\"product_thumbnail\"> <img decoding=\"async\" width=\"300\" height=\"300\" src=\"https:\/\/dominik-s.de\/kryofit-studio\/wp-content\/uploads\/sites\/5\/2019\/07\/KryoFit-Studio-Gutschein-180euro-300x300.jpg\" class=\"attachment-woocommerce_thumbnail size-woocommerce_thumbnail\" alt=\"KryoFit-Studio-Gutschein-180euro\" srcset=\"https:\/\/dominik-s.de\/kryofit-studio\/wp-content\/uploads\/sites\/5\/2019\/07\/KryoFit-Studio-Gutschein-180euro-300x300.jpg 300w, https:\/\/dominik-s.de\/kryofit-studio\/wp-content\/uploads\/sites\/5\/2019\/07\/KryoFit-Studio-Gutschein-180euro-100x100.jpg 100w\" sizes=\"(max-width: 300px) 100vw, 300px\" \/> <span class=\"cart_loading\"><\/span> <\/div> <div class=\"product_details\"><h2 class=\"woocommerce-loop-product__title\">Gutschein 180 EURO Kryolipolyse<\/h2>\n\t<span class=\"price\"><span class=\"woocommerce-Price-amount amount\"><bdi>180,00&nbsp;<span class=\"woocommerce-Price-currencySymbol\">&euro;<\/span><\/bdi><\/span><\/span>\n<span data-content_category=\"KryoFit\"><\/span><\/div><\/a><div class=\"product_actions\"><a href=\"\/kryofit-studio\/wp-json\/wp\/v2\/pages\/42?add-to-cart=587\" aria-describedby=\"woocommerce_loop_add_to_cart_link_describedby_587\" data-quantity=\"1\" class=\"button product_type_simple add_to_cart_button ajax_add_to_cart\" data-product_id=\"587\" data-product_sku=\"180 EURO Kryolipolyse Gutschein f\u00fcr KryoFit-Studio\" aria-label=\"Add to cart: &ldquo;Gutschein 180 EURO Kryolipolyse&rdquo;\" rel=\"nofollow\" data-success_message=\"&ldquo;Gutschein 180 EURO Kryolipolyse&rdquo; has been added to your cart\">In den Warenkorb<\/a>\t<span id=\"woocommerce_loop_add_to_cart_link_describedby_587\" class=\"screen-reader-text\">\n\t\t\t<\/span>\n<\/div><\/li>\n<\/ul>\n<\/div>[\/vc_column][vc_column width=&#8220;1\/3&#8243;][vc_column_text]<\/p>\n<h2 style=\"text-align: center;\">Die Revolution: Lipocontrast nutzt W\u00e4rme und K\u00e4lte f\u00fcr noch bessere Ergebnisse<\/h2>\n<p>Forscher fanden j\u00fcngst heraus, dass Kryolipolyse erg\u00e4nzt durch gezielte W\u00e4rme und Infrarot Behandlung noch effektiver wird. Die Fettzellen reagieren noch empfindlicher, wenn sie vor und nach der K\u00e4lte durch gezielte W\u00e4rmebehandlung gezielt aktiviert werden. Dieser Effekt nennt sich Thermokontrast und wurde vom europ\u00e4ischem Marktf\u00fchrer Clinipro in einem einzigartigem Ger\u00e4t vereint: Lipocontrast steht absolut f\u00fcr Sie ab sofort bei Kryo Fit zur Verf\u00fcgung.[\/vc_column_text][vc_single_image image=&#8220;338&#8243; img_size=&#8220;full&#8220;][\/vc_column][\/vc_row][vc_row full_width=&#8220;stretch_row&#8220; css_animation=&#8220;appear&#8220; css=&#8220;.vc_custom_1713865463755{background-color: #000000 !important;}&#8220;][vc_column][vc_column_text]<\/p>\n<div class=\"sc85_heading wpb_content_element inverted center\">\n<div class=\"subtitle\" style=\"text-align: center; font-size: 12pt;\">Kontakt aufnehmen<\/div>\n<h1 class=\"title\" style=\"text-align: center; font-size: 26pt;\">Wir beraten Sie gerne!<\/h1>\n<\/div>\n<p>[\/vc_column_text][vc_column_text]<\/p>\n<div class=\"sc85_heading wpb_content_element impact center\">\n<div class=\"subtitle\">\n<p style=\"text-align: center; font-size: 12pt;\">Gerne vereinbaren wir mit Ihnen ein kostenloses und unverbindliches Beratungsgespr\u00e4ch im Kryofit Studio in Hof. Wir beraten Sie gerne dar\u00fcber, wie wir Ihre Problemzonen behandeln k\u00f6nnen. Nutzen Sie unsere langj\u00e4hrigen Erfahrung mit dem Kryolipolyse Verfahren. Schreiben Sie uns eine Nachricht \u00fcber das Kontaktformular oder WhatsApp. Sie k\u00f6nnen uns aber auch gerne direkt anrufen.<\/p>\n<p style=\"text-align: center;\"><a style=\"color: #ffffff;\" href=\"tel:092818189600\"><button style=\"font-size: 11pt; background-color: #ffffff; border: none; color: black;\">09281 818 96 00<\/button><\/a><\/p>\n<p style=\"text-align: center;\"><a style=\"color: #ffffff;\" href=\"https:\/\/wa.me\/491774139782?text=%20Hallo,%20ich%20m%C3%B6chte%20gerne%20einen%20Termin%20vereinbaren.%20Mein%20Wunschtermin%20w\u00e4re:\" target=\"_blank\" rel=\"noopener noreferrer\"><button style=\"font-size: 11pt; background-color: #ffffff; border: none; color: black;\">WhatsApp Nachricht<\/button><\/a><\/p>\n<\/div>\n<\/div>\n<p>[\/vc_column_text]\n<div class=\"wpcf7 no-js\" id=\"wpcf7-f990-o1\" lang=\"de-DE\" dir=\"ltr\" data-wpcf7-id=\"990\">\n<div class=\"screen-reader-response\"><p role=\"status\" aria-live=\"polite\" aria-atomic=\"true\"><\/p> <ul><\/ul><\/div>\n<form action=\"\/kryofit-studio\/wp-json\/wp\/v2\/pages\/42#wpcf7-f990-o1\" method=\"post\" class=\"wpcf7-form init wpcf7-acceptance-as-validation\" aria-label=\"Kontaktformular\" novalidate=\"novalidate\" data-status=\"init\">\n<fieldset class=\"hidden-fields-container\"><input type=\"hidden\" name=\"_wpcf7\" value=\"990\" \/><input type=\"hidden\" name=\"_wpcf7_version\" value=\"6.1.4\" \/><input type=\"hidden\" name=\"_wpcf7_locale\" value=\"de_DE\" \/><input type=\"hidden\" name=\"_wpcf7_unit_tag\" value=\"wpcf7-f990-o1\" \/><input type=\"hidden\" name=\"_wpcf7_container_post\" value=\"0\" \/><input type=\"hidden\" name=\"_wpcf7_posted_data_hash\" value=\"\" \/><input type=\"hidden\" name=\"_wpcf7_recaptcha_response\" value=\"\" \/>\n<\/fieldset>\n<p class=\"field name half\"><span class=\"wpcf7-form-control-wrap\" data-name=\"name1\"><input size=\"40\" maxlength=\"400\" class=\"wpcf7-form-control wpcf7-text wpcf7-validates-as-required\" aria-required=\"true\" aria-invalid=\"false\" placeholder=\"Ihr Name...\" value=\"\" type=\"text\" name=\"name1\" \/><\/span>\n<\/p>\n<p class=\"field email half_last\"><span class=\"wpcf7-form-control-wrap\" data-name=\"email\"><input size=\"40\" maxlength=\"400\" class=\"wpcf7-form-control wpcf7-email wpcf7-validates-as-required wpcf7-text wpcf7-validates-as-email\" aria-required=\"true\" aria-invalid=\"false\" placeholder=\"Ihre E-Mail...\" value=\"\" type=\"email\" name=\"email\" \/><\/span>\n<\/p>\n<p class=\"field subject half\"><span class=\"wpcf7-form-control-wrap\" data-name=\"betreff\"><input size=\"40\" maxlength=\"400\" class=\"wpcf7-form-control wpcf7-text\" aria-invalid=\"false\" placeholder=\"Wie k\u00f6nnen wir Ihnen helfen...\" value=\"\" type=\"text\" name=\"betreff\" \/><\/span>\n<\/p>\n<p class=\"field half_last phone\"><span class=\"wpcf7-form-control-wrap\" data-name=\"telefon\"><input size=\"40\" maxlength=\"400\" class=\"wpcf7-form-control wpcf7-tel wpcf7-validates-as-required wpcf7-text wpcf7-validates-as-tel\" aria-required=\"true\" aria-invalid=\"false\" placeholder=\"Ihre Telefonnummer...\" value=\"\" type=\"tel\" name=\"telefon\" \/><\/span>\n<\/p>\n<p class=\"field full\">Gew\u00fcnschte Behandlung:<br \/>\n(Mehrfachauswahl m\u00f6glich)\n<\/p>\n<p class=\"field full\"><span class=\"wpcf7-form-control-wrap\" data-name=\"behandlung\"><span class=\"wpcf7-form-control wpcf7-checkbox\"><span class=\"wpcf7-list-item first\"><input type=\"checkbox\" name=\"behandlung[]\" value=\"Bauch\" \/><span class=\"wpcf7-list-item-label\">Bauch<\/span><\/span><span class=\"wpcf7-list-item\"><input type=\"checkbox\" name=\"behandlung[]\" value=\"R\u00fccken\" \/><span class=\"wpcf7-list-item-label\">R\u00fccken<\/span><\/span><span class=\"wpcf7-list-item\"><input type=\"checkbox\" name=\"behandlung[]\" value=\"Oberschenkel\" \/><span class=\"wpcf7-list-item-label\">Oberschenkel<\/span><\/span><span class=\"wpcf7-list-item\"><input type=\"checkbox\" name=\"behandlung[]\" value=\"H\u00fcfte\" \/><span class=\"wpcf7-list-item-label\">H\u00fcfte<\/span><\/span><span class=\"wpcf7-list-item\"><input type=\"checkbox\" name=\"behandlung[]\" value=\"Po\" \/><span class=\"wpcf7-list-item-label\">Po<\/span><\/span><span class=\"wpcf7-list-item\"><input type=\"checkbox\" name=\"behandlung[]\" value=\"Oberarme\" \/><span class=\"wpcf7-list-item-label\">Oberarme<\/span><\/span><span class=\"wpcf7-list-item last\"><input type=\"checkbox\" name=\"behandlung[]\" value=\"Kinn\" \/><span class=\"wpcf7-list-item-label\">Kinn<\/span><\/span><\/span><\/span>\n<\/p>\n<p class=\"field message\"><span class=\"wpcf7-form-control-wrap\" data-name=\"nachricht\"><textarea cols=\"40\" rows=\"10\" maxlength=\"2000\" class=\"wpcf7-form-control wpcf7-textarea wpcf7-validates-as-required\" aria-required=\"true\" aria-invalid=\"false\" placeholder=\"Ihre Nachricht...\" name=\"nachricht\"><\/textarea><\/span>\n<\/p>\n<p class=\"field submit full\"><input class=\"wpcf7-form-control wpcf7-submit has-spinner\" type=\"submit\" value=\"Anfrage absenden\" \/>\n<\/p>\n<p class=\"field submit full\"><span class=\"wpcf7-form-control-wrap\" data-name=\"datenschutz\"><span class=\"wpcf7-form-control wpcf7-acceptance\"><span class=\"wpcf7-list-item\"><label><input type=\"checkbox\" name=\"datenschutz\" value=\"1\" aria-invalid=\"false\" \/><span class=\"wpcf7-list-item-label\">Hiermit willige ich ein, dass meine eingegebenen pers\u00f6nlichen Daten, nur zur Bearbeitung der Anfrage elektronisch gespeichert werden d\u00fcrfen. Ich habe die <a href=\"\/datenschutz\/\" target=\"_blank\">Datenschutzerkl\u00e4rung<\/a> gelesen und stimme dieser zu.<\/span><\/label><\/span><\/span><\/span>\n<\/p><div class=\"wpcf7-response-output\" aria-hidden=\"true\"><\/div>\n<\/form>\n<\/div>\n[vc_empty_space height=&#8220;48px&#8220;][\/vc_column][\/vc_row][vc_row][vc_column width=&#8220;1\/2&#8243;][vc_column_text]<\/p>\n<h2 style=\"text-align: center;\">Kryolipolyse l\u00f6st den Fettabbau von innen heraus aus<\/h2>\n<p>Nach 2 bis 4 Monaten k\u00f6nnen beim Fettabbau durch\u00a0Kryolipolyse auf diese Weise 20 bis 30% des K\u00f6rperfettes an der behandelten Stelle nat\u00fcrlich aufgel\u00f6st werden \u2013 und das ganz ohne OP. Den Abbau der abgestorbenen Fettzellen erledigt dann die Leber. Nachteilige Folgen f\u00fcr die Leber oder eine Erh\u00f6hung der Blutfettwerte konnten bisher noch nicht beobachtet werden.<\/p>\n<p class=\"info\"><strong>Die Kryolipolyse Behandlung eignet sich sehr gut f\u00fcr folgende Problemzonen:<br \/>\n<a title=\"K\u00f6rperfett reduzieren\" href=\"https:\/\/dominik-s.de\/kryofit-studio\/kryolipolyse-einfach-und-bequem-koerperfett-reduzieren\/\">K\u00f6rperfett reduzieren<\/a> an <a title=\"Bauch, Po, Beine\" href=\"https:\/\/dominik-s.de\/kryofit-studio\/abnehmen-durch-kryolipolyse-an-bauch-beine-und-po\/\">Bauch, Po, Beine<\/a>, an der <a title=\"H\u00fcfte\" href=\"https:\/\/dominik-s.de\/kryofit-studio\/problemzone-huefte-mit-kryolipolyse-behandeln\/\">H\u00fcfte<\/a>, den <a title=\"Oberschenkeln\" href=\"https:\/\/dominik-s.de\/kryofit-studio\/mit-kryolipolyse-abnehmen-am-oberschenkel-wieder-schlanke-beine-haben\/\">Oberschenkeln<\/a> und <a title=\"Oberarmen\" href=\"https:\/\/dominik-s.de\/kryofit-studio\/problemzone-oberarme-mit-kryolipolyse-behandeln\/\">Oberarmen<\/a>.<\/strong><\/p>\n<p>Gerne beraten wir Sie: <a href=\"tel:092818189600\">09281 &#8211; 818 96 00<\/a> oder schreiben Sie uns:<\/p>\n<p>[\/vc_column_text][vc_column_text]Das Team um den spanischen Kryolipolyse Forscher Herman Pinto konnte zeigen, dass durch die Kombination aus Kryolipolyse und Thermokontrast um 1\/3 bessere und schnellere Ergebnisse erzielt werden konnten.[\/vc_column_text][\/vc_column][vc_column width=&#8220;1\/2&#8243;][vc_column_text]<\/p>\n<h2 style=\"text-align: center;\">Fett wegfrieren \u2013 als Alternative zur operativen Fettabsaugung<\/h2>\n<p>Die kontrollierte K\u00fchlung beim Fettabbau durch\u00a0Kryolipolyse behandelt und beseitigt nur die Fettzellen der gerade behandelten K\u00f6rperregion. Bei anderen Behandlungsmethoden, wie z. Bsp mit Laser, Ultraschall und Hochfrequenz, kann ggf. auch anderes Gewebe beeintr\u00e4chtigt werden.<\/p>\n<h2 style=\"text-align: center;\">Risiken und Nebenwirkungen<\/h2>\n<p>Der\u00a0Fettabbau durch\u00a0Kryolipolyse kann die beste L\u00f6sung f\u00fcr eine permanente lokale Entfernung von Fettzellen sein. Der\u00a0Fettabbau durch\u00a0Kryolipolyse\u00a0ist in der Regel schonend und risikoarm. Der Fettabbau durch Kryolipolyse findet in den Fettzellen statt und nicht in anderen Zellen, sodass kaum Nebenwirkungen auftreten. Nach einer Behandlung zeigen sich zun\u00e4chst R\u00f6tungen, die auch mal ein paar Tage, eventuell auch mal ein paar Wochen anhalten k\u00f6nnen. Teilweise k\u00f6nnen auch mal Bluterg\u00fcsse auftreten und sich eine leichte Druckempfindlichkeit einstellen.[\/vc_column_text][\/vc_column][\/vc_row]<\/p>\n","protected":false},"excerpt":{"rendered":"<p>[vc_row full_width=&#8220;stretch_row&#8220;][vc_column offset=&#8220;vc_col-xs-12&#8243;][vc_empty_space height=&#8220;59px&#8220;][vc_column_text] Was ist Kryolipolyse? Fettabbau durch Kryolipolyse [\/vc_column_text][vc_column_text] Der Begriff Kryolipolyse im Zusammenhang mit FettabbauDer Begriff Kryolipolyse bedeutet \u00fcbersetzt: \u201emit K\u00e4lte Fett aufl\u00f6sen\u201c und bezeichnet ein modernes, vor wenigen Jahren entwickeltes und inzwischen etabliertes Verfahren, das ohne OP dauerhaft Fettpolster entfernen kann. Fettabbau durch Kryolipolyse bezeichnet ein Verfahren, mit dem der Fettabbau [&hellip;]<\/p>\n","protected":false},"author":1,"featured_media":0,"parent":0,"menu_order":5,"comment_status":"closed","ping_status":"closed","template":"","meta":{"footnotes":""},"class_list":["post-42","page","type-page","status-publish","hentry"],"yoast_head":"<!-- This site is optimized with the Yoast SEO Premium plugin v26.5 (Yoast SEO v26.6) - https:\/\/yoast.com\/wordpress\/plugins\/seo\/ -->\n<title>Fettabbau durch Kryolipolyse | DOMINIKS KryoFit-Studio in Hof<\/title>\n<meta name=\"description\" content=\"Fettabbau durch Kryolipolyse bedeutet, dass durch K\u00e4lte K\u00f6rperfett aufgel\u00f6st wird. Fettpolster k\u00f6nnen ohne OP dauerhaft entfernt werden.\" \/>\n<meta name=\"robots\" content=\"index, follow, max-snippet:-1, max-image-preview:large, max-video-preview:-1\" \/>\n<link rel=\"canonical\" href=\"https:\/\/dominik-s.de\/kryofit-studio\/fettabbau-durch-kryolipolyse\/\" \/>\n<meta property=\"og:locale\" content=\"de_DE\" \/>\n<meta property=\"og:type\" content=\"article\" \/>\n<meta property=\"og:title\" content=\"Fettabbau durch Kryolipolyse\" \/>\n<meta property=\"og:description\" content=\"Was ist Kryolipolyse? Fettabbau durch Kryolipolyse Der Begriff Kryolipolyse im Zusammenhang mit FettabbauDer Begriff Kryolipolyse bedeutet \u00fcbersetzt: \u201emit\" \/>\n<meta property=\"og:url\" content=\"https:\/\/dominik-s.de\/kryofit-studio\/fettabbau-durch-kryolipolyse\/\" \/>\n<meta property=\"og:site_name\" content=\"KryoFit - DOMINIKS Kryolipolyse Studio\" \/>\n<meta property=\"article:modified_time\" content=\"2024-04-23T09:44:26+00:00\" \/>\n<meta name=\"twitter:card\" content=\"summary_large_image\" \/>\n<meta name=\"twitter:label1\" content=\"Gesch\u00e4tzte Lesezeit\" \/>\n\t<meta name=\"twitter:data1\" content=\"3\u00a0Minuten\" \/>\n<script type=\"application\/ld+json\" class=\"yoast-schema-graph\">{\"@context\":\"https:\/\/schema.org\",\"@graph\":[{\"@type\":\"WebPage\",\"@id\":\"https:\/\/dominik-s.de\/kryofit-studio\/fettabbau-durch-kryolipolyse\/\",\"url\":\"https:\/\/dominik-s.de\/kryofit-studio\/fettabbau-durch-kryolipolyse\/\",\"name\":\"Fettabbau durch Kryolipolyse | DOMINIKS KryoFit-Studio in Hof\",\"isPartOf\":{\"@id\":\"https:\/\/dominik-s.de\/kryofit-studio\/#website\"},\"datePublished\":\"2016-08-22T10:51:25+00:00\",\"dateModified\":\"2024-04-23T09:44:26+00:00\",\"description\":\"Fettabbau durch Kryolipolyse bedeutet, dass durch K\u00e4lte K\u00f6rperfett aufgel\u00f6st wird. Fettpolster k\u00f6nnen ohne OP dauerhaft entfernt werden.\",\"breadcrumb\":{\"@id\":\"https:\/\/dominik-s.de\/kryofit-studio\/fettabbau-durch-kryolipolyse\/#breadcrumb\"},\"inLanguage\":\"de\",\"potentialAction\":[{\"@type\":\"ReadAction\",\"target\":[\"https:\/\/dominik-s.de\/kryofit-studio\/fettabbau-durch-kryolipolyse\/\"]}]},{\"@type\":\"BreadcrumbList\",\"@id\":\"https:\/\/dominik-s.de\/kryofit-studio\/fettabbau-durch-kryolipolyse\/#breadcrumb\",\"itemListElement\":[{\"@type\":\"ListItem\",\"position\":1,\"name\":\"Startseite\",\"item\":\"https:\/\/dominik-s.de\/kryofit-studio\/\"},{\"@type\":\"ListItem\",\"position\":2,\"name\":\"Fettabbau durch Kryolipolyse\"}]},{\"@type\":\"WebSite\",\"@id\":\"https:\/\/dominik-s.de\/kryofit-studio\/#website\",\"url\":\"https:\/\/dominik-s.de\/kryofit-studio\/\",\"name\":\"KryoFit - DOMINIKS Kryolipolyse Studio\",\"description\":\"Kryolipolyse - Fett weg ohne OP\",\"publisher\":{\"@id\":\"https:\/\/dominik-s.de\/kryofit-studio\/#organization\"},\"potentialAction\":[{\"@type\":\"SearchAction\",\"target\":{\"@type\":\"EntryPoint\",\"urlTemplate\":\"https:\/\/dominik-s.de\/kryofit-studio\/?s={search_term_string}\"},\"query-input\":{\"@type\":\"PropertyValueSpecification\",\"valueRequired\":true,\"valueName\":\"search_term_string\"}}],\"inLanguage\":\"de\"},{\"@type\":\"Organization\",\"@id\":\"https:\/\/dominik-s.de\/kryofit-studio\/#organization\",\"name\":\"Dominik-s - Fitness, Wellness, Gesundheit in Hof\",\"url\":\"https:\/\/dominik-s.de\/kryofit-studio\/\",\"logo\":{\"@type\":\"ImageObject\",\"inLanguage\":\"de\",\"@id\":\"https:\/\/dominik-s.de\/kryofit-studio\/#\/schema\/logo\/image\/\",\"url\":\"https:\/\/dominik-s.de\/kryofit-studio\/wp-content\/uploads\/sites\/5\/2019\/11\/dominiks-logo.jpg\",\"contentUrl\":\"https:\/\/dominik-s.de\/kryofit-studio\/wp-content\/uploads\/sites\/5\/2019\/11\/dominiks-logo.jpg\",\"width\":425,\"height\":184,\"caption\":\"Dominik-s - Fitness, Wellness, Gesundheit in Hof\"},\"image\":{\"@id\":\"https:\/\/dominik-s.de\/kryofit-studio\/#\/schema\/logo\/image\/\"}}]}<\/script>\n<!-- \/ Yoast SEO Premium plugin. -->","yoast_head_json":{"title":"Fettabbau durch Kryolipolyse | DOMINIKS KryoFit-Studio in Hof","description":"Fettabbau durch Kryolipolyse bedeutet, dass durch K\u00e4lte K\u00f6rperfett aufgel\u00f6st wird. Fettpolster k\u00f6nnen ohne OP dauerhaft entfernt werden.","robots":{"index":"index","follow":"follow","max-snippet":"max-snippet:-1","max-image-preview":"max-image-preview:large","max-video-preview":"max-video-preview:-1"},"canonical":"https:\/\/dominik-s.de\/kryofit-studio\/fettabbau-durch-kryolipolyse\/","og_locale":"de_DE","og_type":"article","og_title":"Fettabbau durch Kryolipolyse","og_description":"Was ist Kryolipolyse? Fettabbau durch Kryolipolyse Der Begriff Kryolipolyse im Zusammenhang mit FettabbauDer Begriff Kryolipolyse bedeutet \u00fcbersetzt: \u201emit","og_url":"https:\/\/dominik-s.de\/kryofit-studio\/fettabbau-durch-kryolipolyse\/","og_site_name":"KryoFit - DOMINIKS Kryolipolyse Studio","article_modified_time":"2024-04-23T09:44:26+00:00","twitter_card":"summary_large_image","twitter_misc":{"Gesch\u00e4tzte Lesezeit":"3\u00a0Minuten"},"schema":{"@context":"https:\/\/schema.org","@graph":[{"@type":"WebPage","@id":"https:\/\/dominik-s.de\/kryofit-studio\/fettabbau-durch-kryolipolyse\/","url":"https:\/\/dominik-s.de\/kryofit-studio\/fettabbau-durch-kryolipolyse\/","name":"Fettabbau durch Kryolipolyse | DOMINIKS KryoFit-Studio in Hof","isPartOf":{"@id":"https:\/\/dominik-s.de\/kryofit-studio\/#website"},"datePublished":"2016-08-22T10:51:25+00:00","dateModified":"2024-04-23T09:44:26+00:00","description":"Fettabbau durch Kryolipolyse bedeutet, dass durch K\u00e4lte K\u00f6rperfett aufgel\u00f6st wird. Fettpolster k\u00f6nnen ohne OP dauerhaft entfernt werden.","breadcrumb":{"@id":"https:\/\/dominik-s.de\/kryofit-studio\/fettabbau-durch-kryolipolyse\/#breadcrumb"},"inLanguage":"de","potentialAction":[{"@type":"ReadAction","target":["https:\/\/dominik-s.de\/kryofit-studio\/fettabbau-durch-kryolipolyse\/"]}]},{"@type":"BreadcrumbList","@id":"https:\/\/dominik-s.de\/kryofit-studio\/fettabbau-durch-kryolipolyse\/#breadcrumb","itemListElement":[{"@type":"ListItem","position":1,"name":"Startseite","item":"https:\/\/dominik-s.de\/kryofit-studio\/"},{"@type":"ListItem","position":2,"name":"Fettabbau durch Kryolipolyse"}]},{"@type":"WebSite","@id":"https:\/\/dominik-s.de\/kryofit-studio\/#website","url":"https:\/\/dominik-s.de\/kryofit-studio\/","name":"KryoFit - DOMINIKS Kryolipolyse Studio","description":"Kryolipolyse - Fett weg ohne OP","publisher":{"@id":"https:\/\/dominik-s.de\/kryofit-studio\/#organization"},"potentialAction":[{"@type":"SearchAction","target":{"@type":"EntryPoint","urlTemplate":"https:\/\/dominik-s.de\/kryofit-studio\/?s={search_term_string}"},"query-input":{"@type":"PropertyValueSpecification","valueRequired":true,"valueName":"search_term_string"}}],"inLanguage":"de"},{"@type":"Organization","@id":"https:\/\/dominik-s.de\/kryofit-studio\/#organization","name":"Dominik-s - Fitness, Wellness, Gesundheit in Hof","url":"https:\/\/dominik-s.de\/kryofit-studio\/","logo":{"@type":"ImageObject","inLanguage":"de","@id":"https:\/\/dominik-s.de\/kryofit-studio\/#\/schema\/logo\/image\/","url":"https:\/\/dominik-s.de\/kryofit-studio\/wp-content\/uploads\/sites\/5\/2019\/11\/dominiks-logo.jpg","contentUrl":"https:\/\/dominik-s.de\/kryofit-studio\/wp-content\/uploads\/sites\/5\/2019\/11\/dominiks-logo.jpg","width":425,"height":184,"caption":"Dominik-s - Fitness, Wellness, Gesundheit in Hof"},"image":{"@id":"https:\/\/dominik-s.de\/kryofit-studio\/#\/schema\/logo\/image\/"}}]}},"_links":{"self":[{"href":"https:\/\/dominik-s.de\/kryofit-studio\/wp-json\/wp\/v2\/pages\/42","targetHints":{"allow":["GET"]}}],"collection":[{"href":"https:\/\/dominik-s.de\/kryofit-studio\/wp-json\/wp\/v2\/pages"}],"about":[{"href":"https:\/\/dominik-s.de\/kryofit-studio\/wp-json\/wp\/v2\/types\/page"}],"author":[{"embeddable":true,"href":"https:\/\/dominik-s.de\/kryofit-studio\/wp-json\/wp\/v2\/users\/1"}],"replies":[{"embeddable":true,"href":"https:\/\/dominik-s.de\/kryofit-studio\/wp-json\/wp\/v2\/comments?post=42"}],"version-history":[{"count":32,"href":"https:\/\/dominik-s.de\/kryofit-studio\/wp-json\/wp\/v2\/pages\/42\/revisions"}],"predecessor-version":[{"id":1305,"href":"https:\/\/dominik-s.de\/kryofit-studio\/wp-json\/wp\/v2\/pages\/42\/revisions\/1305"}],"wp:attachment":[{"href":"https:\/\/dominik-s.de\/kryofit-studio\/wp-json\/wp\/v2\/media?parent=42"}],"curies":[{"name":"wp","href":"https:\/\/api.w.org\/{rel}","templated":true}]}}