{"id":349,"date":"2016-08-09T08:49:13","date_gmt":"2016-08-09T06:49:13","guid":{"rendered":"http:\/\/vianovashop.de\/ladysports\/?page_id=349"},"modified":"2024-03-14T11:50:04","modified_gmt":"2024-03-14T10:50:04","slug":"fotogalerie-lady-sports","status":"publish","type":"page","link":"https:\/\/dominik-s.de\/ladysports\/ueber-lady-sports\/fotogalerie-lady-sports\/","title":{"rendered":"Fotogalerie Lady-Sports"},"content":{"rendered":"<p>[vc_row full_width=&#8220;stretch_row_content_no_spaces&#8220;][vc_column width=&#8220;1\/6&#8243;][\/vc_column][vc_column width=&#8220;2\/3&#8243;][vc_empty_space height=&#8220;48px&#8220;][vc_column_text]<\/p>\n<div class=\"sc85_heading wpb_content_element impact center\">\n<div class=\"subtitle\">\n<h2 class=\"title\" style=\"font-family: Raleway; font-size: 36pt; font-weight: 300; color: #e2007a; text-align: center;\">Einblicke ins Fitness\u00adstudio<\/h2>\n<p style=\"text-align: center; color: #e2007a; font-family: Raleway; font-weight: 500;\">Neue R\u00e4umlichkeiten und die neusten EGYM Ger\u00e4te f\u00fcr dein Training!<\/p>\n<p style=\"text-align: center; font-family: Raleway; font-weight: 200;\">DOMINIKS Lady-Sports &#8211; dein Fitnessstudio f\u00fcr Frauen in Hof hat ab 2022 neue R\u00e4umlichkeiten. Wir haben die neusten EGYM Kraft- und Ausdauer Ger\u00e4te mit den dazugeh\u00f6rigen Ger\u00e4ten f\u00fcr das Muskell\u00e4ngentraining, die dein Trainingserfolg nachweislich steigern. Die modernen Umkleider\u00e4ume und Duschen machen unser Fitnessstudio zur Wellnessoase. Es gibt auch einen ganz neuen Lounge- und Empfangsbereich. Hier k\u00f6nnt ihr die beliebten DOMINIKS Mineraldrinks in verschiedenen Geschmacksrichtungen genie\u00dfen. Nat\u00fcrlich haben wir f\u00fcr euch auch eine riesen Auswahl an Kaffee Variationen und anderen Erfrischungsgetr\u00e4nken.<\/p>\n<\/div>\n<\/div>\n<p>[\/vc_column_text][\/vc_column][vc_column width=&#8220;1\/6&#8243;][\/vc_column][\/vc_row][vc_row full_width=&#8220;stretch_row_content_no_spaces&#8220;][vc_column width=&#8220;1\/6&#8243;][\/vc_column][vc_column width=&#8220;2\/3&#8243;][vc_empty_space]<div class=\"sc85_gallery wpb_content_element w_5cols\"><div class=\"wrapper\" style=\"margin:0 -px;\"><div class=\"image\" ><a href=\"https:\/\/dominik-s.de\/ladysports\/wp-content\/uploads\/sites\/2\/2022\/05\/DOMINIKS-Lady-Sports-Studio-Ger\u00e4tetraining-EGYM-2.jpg\"><img decoding=\"async\" src=\"https:\/\/dominik-s.de\/ladysports\/wp-content\/uploads\/sites\/2\/2022\/05\/DOMINIKS-Lady-Sports-Studio-Ger\u00e4tetraining-EGYM-2-300x300.jpg\" alt=\"DOMINIKS-Lady-Sports-Studio Ger\u00e4tetraining EGYM 2\" \/><\/a><\/div><div class=\"image\" ><a href=\"https:\/\/dominik-s.de\/ladysports\/wp-content\/uploads\/sites\/2\/2022\/05\/DOMINIKS-Lady-Sports-Studio-Ger\u00e4tetraining-EGYM-1.jpg\"><img decoding=\"async\" src=\"https:\/\/dominik-s.de\/ladysports\/wp-content\/uploads\/sites\/2\/2022\/05\/DOMINIKS-Lady-Sports-Studio-Ger\u00e4tetraining-EGYM-1-300x300.jpg\" alt=\"DOMINIKS-Lady-Sports-Studio Ger\u00e4tetraining EGYM 1\" \/><\/a><\/div><div class=\"image\" ><a href=\"https:\/\/dominik-s.de\/ladysports\/wp-content\/uploads\/sites\/2\/2022\/05\/DOMINIKS-Lady-Sports-Studio-Ger\u00e4tetraining-EGYM-3.jpg\"><img decoding=\"async\" src=\"https:\/\/dominik-s.de\/ladysports\/wp-content\/uploads\/sites\/2\/2022\/05\/DOMINIKS-Lady-Sports-Studio-Ger\u00e4tetraining-EGYM-3-300x300.jpg\" alt=\"DOMINIKS-Lady-Sports-Studio Ger\u00e4tetraining EGYM 3\" \/><\/a><\/div><div class=\"image\" ><a href=\"https:\/\/dominik-s.de\/ladysports\/wp-content\/uploads\/sites\/2\/2022\/05\/DOMINIKS-Lady-Sports-Studio-Ger\u00e4tetraining-Cardio.jpg\"><img decoding=\"async\" src=\"https:\/\/dominik-s.de\/ladysports\/wp-content\/uploads\/sites\/2\/2022\/05\/DOMINIKS-Lady-Sports-Studio-Ger\u00e4tetraining-Cardio-300x300.jpg\" alt=\"DOMINIKS-Lady-Sports-Studio Ger\u00e4tetraining Cardio\" \/><\/a><\/div><div class=\"image\" ><a href=\"https:\/\/dominik-s.de\/ladysports\/wp-content\/uploads\/sites\/2\/2022\/05\/DOMINIKS-Fitnessstudios-Lady-Sports_HofSports.jpg\"><img decoding=\"async\" src=\"https:\/\/dominik-s.de\/ladysports\/wp-content\/uploads\/sites\/2\/2022\/05\/DOMINIKS-Fitnessstudios-Lady-Sports_HofSports-300x300.jpg\" alt=\"DOMINIKS-Fitnessstudios-Lady-Sports_HofSports\" \/><\/a><\/div><div class=\"image\" ><a href=\"https:\/\/dominik-s.de\/ladysports\/wp-content\/uploads\/sites\/2\/2022\/05\/DOMINIKS-Lady-Sports-Studio-Ger\u00e4tetraining-FLE-XX.jpg\"><img decoding=\"async\" src=\"https:\/\/dominik-s.de\/ladysports\/wp-content\/uploads\/sites\/2\/2022\/05\/DOMINIKS-Lady-Sports-Studio-Ger\u00e4tetraining-FLE-XX-300x300.jpg\" alt=\"DOMINIKS-Lady-Sports-Studio Ger\u00e4tetraining FLE-XX\" \/><\/a><\/div><div class=\"image\" ><a href=\"https:\/\/dominik-s.de\/ladysports\/wp-content\/uploads\/sites\/2\/2022\/05\/DOMINIKS-Lady-Sports-Studio-Ger\u00e4tetraining-EGYM-und-FLE-XX.jpg\"><img decoding=\"async\" src=\"https:\/\/dominik-s.de\/ladysports\/wp-content\/uploads\/sites\/2\/2022\/05\/DOMINIKS-Lady-Sports-Studio-Ger\u00e4tetraining-EGYM-und-FLE-XX-300x300.jpg\" alt=\"DOMINIKS-Lady-Sports-Studio Ger\u00e4tetraining EGYM und FLE-XX\" \/><\/a><\/div><div class=\"image\" ><a href=\"https:\/\/dominik-s.de\/ladysports\/wp-content\/uploads\/sites\/2\/2022\/05\/DOMINIKS-HofSports-Lady-Sports-Fitnessstudio-in-Hof-Lounge.jpg\"><img decoding=\"async\" src=\"https:\/\/dominik-s.de\/ladysports\/wp-content\/uploads\/sites\/2\/2022\/05\/DOMINIKS-HofSports-Lady-Sports-Fitnessstudio-in-Hof-Lounge-300x300.jpg\" alt=\"DOMINIKS-Lady-Sports-Lady-Sports-Fitnessstudio-in-Hof-Lounge\" \/><\/a><\/div><div class=\"image\" ><a href=\"https:\/\/dominik-s.de\/ladysports\/wp-content\/uploads\/sites\/2\/2022\/05\/DOMINIKS-HofSports-Fitnessstudio-in-Hof-Hygiene.jpg\"><img decoding=\"async\" src=\"https:\/\/dominik-s.de\/ladysports\/wp-content\/uploads\/sites\/2\/2022\/05\/DOMINIKS-HofSports-Fitnessstudio-in-Hof-Hygiene-300x300.jpg\" alt=\"DOMINIKS-Lady-Sports-Fitnessstudio-in-Hof-Hygiene\" \/><\/a><\/div><div class=\"image\" ><a href=\"https:\/\/dominik-s.de\/ladysports\/wp-content\/uploads\/sites\/2\/2022\/05\/DOMINIKS-HofSports-Lady-Sports-Fitnessstudio-in-Hof-Empfangsbereich2-1.jpg\"><img decoding=\"async\" src=\"https:\/\/dominik-s.de\/ladysports\/wp-content\/uploads\/sites\/2\/2022\/05\/DOMINIKS-HofSports-Lady-Sports-Fitnessstudio-in-Hof-Empfangsbereich2-1-300x300.jpg\" alt=\"DOMINIKS-HofSports-Lady-Sports-Fitnessstudio-in-Hof-Empfangsbereich2\" \/><\/a><\/div><div class=\"image\" ><a href=\"https:\/\/dominik-s.de\/ladysports\/wp-content\/uploads\/sites\/2\/2022\/05\/DOMINIKS-HofSports-Lady-Sports-Fitnessstudio-in-Hof-Empfangsbereich-1.jpg\"><img decoding=\"async\" src=\"https:\/\/dominik-s.de\/ladysports\/wp-content\/uploads\/sites\/2\/2022\/05\/DOMINIKS-HofSports-Lady-Sports-Fitnessstudio-in-Hof-Empfangsbereich-1-300x300.jpg\" alt=\"DOMINIKS-HofSports-Lady-Sports-Fitnessstudio-in-Hof-Empfangsbereich\" \/><\/a><\/div><div class=\"image\" ><a href=\"https:\/\/dominik-s.de\/ladysports\/wp-content\/uploads\/sites\/2\/2022\/05\/DOMINIKS-HofSports-Fitnessstudio-in-Hof-Umkleide.jpg\"><img decoding=\"async\" src=\"https:\/\/dominik-s.de\/ladysports\/wp-content\/uploads\/sites\/2\/2022\/05\/DOMINIKS-HofSports-Fitnessstudio-in-Hof-Umkleide-300x300.jpg\" alt=\"DOMINIKS-Lady-Sports-Fitnessstudio-in-Hof-Umkleide\" \/><\/a><\/div><div class=\"image\" ><a href=\"https:\/\/dominik-s.de\/ladysports\/wp-content\/uploads\/sites\/2\/2022\/05\/DOMINIKS-Lady-Sports-Studio-neuer-Treppenaufgang.jpg\"><img decoding=\"async\" src=\"https:\/\/dominik-s.de\/ladysports\/wp-content\/uploads\/sites\/2\/2022\/05\/DOMINIKS-Lady-Sports-Studio-neuer-Treppenaufgang-300x300.jpg\" alt=\"DOMINIKS-Lady-Sports-Studio &#8211; neuer Treppenaufgang\" \/><\/a><\/div><\/div><\/div>[vc_empty_space][\/vc_column][vc_column width=&#8220;1\/6&#8243;][\/vc_column][\/vc_row]<\/p>\n","protected":false},"excerpt":{"rendered":"<p>[vc_row full_width=&#8220;stretch_row_content_no_spaces&#8220;][vc_column width=&#8220;1\/6&#8243;][\/vc_column][vc_column width=&#8220;2\/3&#8243;][vc_empty_space height=&#8220;48px&#8220;][vc_column_text] Einblicke ins Fitness\u00adstudio Neue R\u00e4umlichkeiten und die neusten EGYM Ger\u00e4te f\u00fcr dein Training! DOMINIKS Lady-Sports &#8211; dein Fitnessstudio f\u00fcr Frauen in Hof hat ab 2022 neue R\u00e4umlichkeiten. Wir haben die neusten EGYM Kraft- und Ausdauer Ger\u00e4te mit den dazugeh\u00f6rigen Ger\u00e4ten f\u00fcr das Muskell\u00e4ngentraining, die dein Trainingserfolg nachweislich steigern. Die modernen [&hellip;]<\/p>\n","protected":false},"author":1,"featured_media":0,"parent":327,"menu_order":24,"comment_status":"closed","ping_status":"closed","template":"","meta":{"footnotes":""},"class_list":["post-349","page","type-page","status-publish","hentry"],"yoast_head":"<!-- This site is optimized with the Yoast SEO Premium plugin v26.5 (Yoast SEO v26.6) - https:\/\/yoast.com\/wordpress\/plugins\/seo\/ -->\n<title>Fotos Fitnessstudio | DOMINIKS Fitnessstudio Lady-Sports<\/title>\n<meta name=\"description\" content=\"Fotos aus dem Fitnessstudio Lady-Sports by Dominiks in Hof\" \/>\n<meta name=\"robots\" content=\"index, follow, max-snippet:-1, max-image-preview:large, max-video-preview:-1\" \/>\n<link rel=\"canonical\" href=\"https:\/\/dominik-s.de\/ladysports\/ueber-lady-sports\/fotogalerie-lady-sports\/\" \/>\n<meta property=\"og:locale\" content=\"de_DE\" \/>\n<meta property=\"og:type\" content=\"article\" \/>\n<meta property=\"og:title\" content=\"Fotogalerie Lady-Sports\" \/>\n<meta property=\"og:description\" content=\"Fotos aus dem Fitnessstudio Lady-Sports by Dominiks in Hof\" \/>\n<meta property=\"og:url\" content=\"https:\/\/dominik-s.de\/ladysports\/ueber-lady-sports\/fotogalerie-lady-sports\/\" \/>\n<meta property=\"og:site_name\" content=\"Lady-Sports\" \/>\n<meta property=\"article:modified_time\" content=\"2024-03-14T10:50:04+00:00\" \/>\n<meta name=\"twitter:card\" content=\"summary_large_image\" \/>\n<meta name=\"twitter:label1\" content=\"Gesch\u00e4tzte Lesezeit\" \/>\n\t<meta name=\"twitter:data1\" content=\"1\u00a0Minute\" \/>\n<script type=\"application\/ld+json\" class=\"yoast-schema-graph\">{\"@context\":\"https:\/\/schema.org\",\"@graph\":[{\"@type\":\"WebPage\",\"@id\":\"https:\/\/dominik-s.de\/ladysports\/ueber-lady-sports\/fotogalerie-lady-sports\/\",\"url\":\"https:\/\/dominik-s.de\/ladysports\/ueber-lady-sports\/fotogalerie-lady-sports\/\",\"name\":\"Fotos Fitnessstudio | DOMINIKS Fitnessstudio Lady-Sports\",\"isPartOf\":{\"@id\":\"https:\/\/dominik-s.de\/ladysports\/#website\"},\"datePublished\":\"2016-08-09T06:49:13+00:00\",\"dateModified\":\"2024-03-14T10:50:04+00:00\",\"description\":\"Fotos aus dem Fitnessstudio Lady-Sports by Dominiks in Hof\",\"breadcrumb\":{\"@id\":\"https:\/\/dominik-s.de\/ladysports\/ueber-lady-sports\/fotogalerie-lady-sports\/#breadcrumb\"},\"inLanguage\":\"de\",\"potentialAction\":[{\"@type\":\"ReadAction\",\"target\":[\"https:\/\/dominik-s.de\/ladysports\/ueber-lady-sports\/fotogalerie-lady-sports\/\"]}]},{\"@type\":\"BreadcrumbList\",\"@id\":\"https:\/\/dominik-s.de\/ladysports\/ueber-lady-sports\/fotogalerie-lady-sports\/#breadcrumb\",\"itemListElement\":[{\"@type\":\"ListItem\",\"position\":1,\"name\":\"Startseite\",\"item\":\"https:\/\/dominik-s.de\/ladysports\/\"},{\"@type\":\"ListItem\",\"position\":2,\"name\":\"\u00dcber Lady-Sports\",\"item\":\"https:\/\/dominik-s.de\/ladysports\/ueber-lady-sports\/\"},{\"@type\":\"ListItem\",\"position\":3,\"name\":\"Fotogalerie Lady-Sports\"}]},{\"@type\":\"WebSite\",\"@id\":\"https:\/\/dominik-s.de\/ladysports\/#website\",\"url\":\"https:\/\/dominik-s.de\/ladysports\/\",\"name\":\"Lady-Sports\",\"description\":\"DOMINIKS Lady-Sports - Frauen Fitnessstudio\",\"potentialAction\":[{\"@type\":\"SearchAction\",\"target\":{\"@type\":\"EntryPoint\",\"urlTemplate\":\"https:\/\/dominik-s.de\/ladysports\/?s={search_term_string}\"},\"query-input\":{\"@type\":\"PropertyValueSpecification\",\"valueRequired\":true,\"valueName\":\"search_term_string\"}}],\"inLanguage\":\"de\"}]}<\/script>\n<!-- \/ Yoast SEO Premium plugin. -->","yoast_head_json":{"title":"Fotos Fitnessstudio | DOMINIKS Fitnessstudio Lady-Sports","description":"Fotos aus dem Fitnessstudio Lady-Sports by Dominiks in Hof","robots":{"index":"index","follow":"follow","max-snippet":"max-snippet:-1","max-image-preview":"max-image-preview:large","max-video-preview":"max-video-preview:-1"},"canonical":"https:\/\/dominik-s.de\/ladysports\/ueber-lady-sports\/fotogalerie-lady-sports\/","og_locale":"de_DE","og_type":"article","og_title":"Fotogalerie Lady-Sports","og_description":"Fotos aus dem Fitnessstudio Lady-Sports by Dominiks in Hof","og_url":"https:\/\/dominik-s.de\/ladysports\/ueber-lady-sports\/fotogalerie-lady-sports\/","og_site_name":"Lady-Sports","article_modified_time":"2024-03-14T10:50:04+00:00","twitter_card":"summary_large_image","twitter_misc":{"Gesch\u00e4tzte Lesezeit":"1\u00a0Minute"},"schema":{"@context":"https:\/\/schema.org","@graph":[{"@type":"WebPage","@id":"https:\/\/dominik-s.de\/ladysports\/ueber-lady-sports\/fotogalerie-lady-sports\/","url":"https:\/\/dominik-s.de\/ladysports\/ueber-lady-sports\/fotogalerie-lady-sports\/","name":"Fotos Fitnessstudio | DOMINIKS Fitnessstudio Lady-Sports","isPartOf":{"@id":"https:\/\/dominik-s.de\/ladysports\/#website"},"datePublished":"2016-08-09T06:49:13+00:00","dateModified":"2024-03-14T10:50:04+00:00","description":"Fotos aus dem Fitnessstudio Lady-Sports by Dominiks in Hof","breadcrumb":{"@id":"https:\/\/dominik-s.de\/ladysports\/ueber-lady-sports\/fotogalerie-lady-sports\/#breadcrumb"},"inLanguage":"de","potentialAction":[{"@type":"ReadAction","target":["https:\/\/dominik-s.de\/ladysports\/ueber-lady-sports\/fotogalerie-lady-sports\/"]}]},{"@type":"BreadcrumbList","@id":"https:\/\/dominik-s.de\/ladysports\/ueber-lady-sports\/fotogalerie-lady-sports\/#breadcrumb","itemListElement":[{"@type":"ListItem","position":1,"name":"Startseite","item":"https:\/\/dominik-s.de\/ladysports\/"},{"@type":"ListItem","position":2,"name":"\u00dcber Lady-Sports","item":"https:\/\/dominik-s.de\/ladysports\/ueber-lady-sports\/"},{"@type":"ListItem","position":3,"name":"Fotogalerie Lady-Sports"}]},{"@type":"WebSite","@id":"https:\/\/dominik-s.de\/ladysports\/#website","url":"https:\/\/dominik-s.de\/ladysports\/","name":"Lady-Sports","description":"DOMINIKS Lady-Sports - Frauen Fitnessstudio","potentialAction":[{"@type":"SearchAction","target":{"@type":"EntryPoint","urlTemplate":"https:\/\/dominik-s.de\/ladysports\/?s={search_term_string}"},"query-input":{"@type":"PropertyValueSpecification","valueRequired":true,"valueName":"search_term_string"}}],"inLanguage":"de"}]}},"_links":{"self":[{"href":"https:\/\/dominik-s.de\/ladysports\/wp-json\/wp\/v2\/pages\/349","targetHints":{"allow":["GET"]}}],"collection":[{"href":"https:\/\/dominik-s.de\/ladysports\/wp-json\/wp\/v2\/pages"}],"about":[{"href":"https:\/\/dominik-s.de\/ladysports\/wp-json\/wp\/v2\/types\/page"}],"author":[{"embeddable":true,"href":"https:\/\/dominik-s.de\/ladysports\/wp-json\/wp\/v2\/users\/1"}],"replies":[{"embeddable":true,"href":"https:\/\/dominik-s.de\/ladysports\/wp-json\/wp\/v2\/comments?post=349"}],"version-history":[{"count":55,"href":"https:\/\/dominik-s.de\/ladysports\/wp-json\/wp\/v2\/pages\/349\/revisions"}],"predecessor-version":[{"id":4866,"href":"https:\/\/dominik-s.de\/ladysports\/wp-json\/wp\/v2\/pages\/349\/revisions\/4866"}],"up":[{"embeddable":true,"href":"https:\/\/dominik-s.de\/ladysports\/wp-json\/wp\/v2\/pages\/327"}],"wp:attachment":[{"href":"https:\/\/dominik-s.de\/ladysports\/wp-json\/wp\/v2\/media?parent=349"}],"curies":[{"name":"wp","href":"https:\/\/api.w.org\/{rel}","templated":true}]}}